{"id":40914,"date":"2026-01-22T18:45:28","date_gmt":"2026-01-22T17:45:28","guid":{"rendered":"https:\/\/www.haviland.fr\/?post_type=product&#038;p=40914"},"modified":"2026-04-16T17:21:15","modified_gmt":"2026-04-16T16:21:15","slug":"bonbonniere-gm-reves-du-nil-pourpre","status":"publish","type":"product","link":"https:\/\/www.haviland.fr\/en\/la-maison\/bonbonniere-gm-reves-du-nil-pourpre\/","title":{"rendered":"Candy box large size R\u00eaves du Nil pourpre"},"content":{"rendered":"","protected":false},"excerpt":{"rendered":"<p>An invitation to journey through ancient Egypt, the R\u00eaves du Nil collection brings together papyrus, lotus flowers, and palmettes in the colors of the Nile, composed by the Haviland studio with refined mastery of ornamentation.<\/p>\n<p>This large candy box elegantly displays sweets, sugared almonds and confections. A true decorative piece, it can also be used as a stylish catch-all.<\/p>\n<p>REFERENCE : 302886710991C1<br \/>\nDIMENSIONS : \u00d8 ext : 15,5cm &#8211; H : 5,5cm<\/p>\n<p>Limoges Porcelain<br \/>\nMade in France<\/p>\n","protected":false},"featured_media":40915,"template":"","meta":[],"product_brand":[],"product_cat":[1142,1143,335,210],"product_tag":[],"class_list":{"0":"post-40914","1":"product","2":"type-product","3":"status-publish","4":"has-post-thumbnail","6":"product_cat-boites","7":"product_cat-reves-du-nil-pourpre-or","8":"product_cat-la-maison","9":"product_cat-les-collections","11":"first","12":"instock","13":"featured","14":"taxable","15":"shipping-taxable","16":"purchasable","17":"product-type-simple"},"translation":{"provider":"WPGlobus","version":"3.0.0","language":"en","enabled_languages":["fr","en"],"languages":{"fr":{"title":true,"content":false,"excerpt":true},"en":{"title":true,"content":false,"excerpt":true}}},"yoast_head":"<!-- This site is optimized with the Yoast SEO plugin v24.4 - https:\/\/yoast.com\/wordpress\/plugins\/seo\/ -->\n<title>Candy box large size R\u00eaves du Nil pourpre - Haviland<\/title>\n<meta name=\"robots\" content=\"index, follow, max-snippet:-1, max-image-preview:large, max-video-preview:-1\" \/>\n<link rel=\"canonical\" href=\"https:\/\/www.haviland.fr\/la-maison\/bonbonniere-gm-reves-du-nil-pourpre\/\" \/>\n<meta property=\"og:locale\" content=\"en_US\" \/>\n<meta property=\"og:type\" content=\"article\" \/>\n<meta property=\"og:title\" content=\"Candy box large size R\u00eaves du Nil pourpre - Haviland\" \/>\n<meta property=\"og:url\" content=\"https:\/\/www.haviland.fr\/la-maison\/bonbonniere-gm-reves-du-nil-pourpre\/\" \/>\n<meta property=\"og:site_name\" content=\"Haviland\" \/>\n<meta property=\"article:publisher\" content=\"https:\/\/fr-fr.facebook.com\/havilandofficiel\/\" \/>\n<meta property=\"article:modified_time\" content=\"2026-04-16T16:21:15+00:00\" \/>\n<meta property=\"og:image\" content=\"https:\/\/www.haviland.fr\/app\/uploads\/2026\/01\/302886710991C1-Reves-du-Nil-pourpre-Bonbonniere-GM.jpg\" \/>\n\t<meta property=\"og:image:width\" content=\"1200\" \/>\n\t<meta property=\"og:image:height\" content=\"1200\" \/>\n\t<meta property=\"og:image:type\" content=\"image\/jpeg\" \/>\n<meta name=\"twitter:card\" content=\"summary_large_image\" \/>\n<meta name=\"twitter:label1\" content=\"Est. reading time\" \/>\n\t<meta name=\"twitter:data1\" content=\"1 minute\" \/>\n<script type=\"application\/ld+json\" class=\"yoast-schema-graph\">{\"@context\":\"https:\/\/schema.org\",\"@graph\":[{\"@type\":\"WebPage\",\"@id\":\"https:\/\/www.haviland.fr\/la-maison\/bonbonniere-gm-reves-du-nil-pourpre\/\",\"url\":\"https:\/\/www.haviland.fr\/la-maison\/bonbonniere-gm-reves-du-nil-pourpre\/\",\"name\":\"Candy box large size R\u00eaves du Nil pourpre - Haviland\",\"isPartOf\":{\"@id\":\"https:\/\/www.haviland.fr\/en\/#website\"},\"primaryImageOfPage\":{\"@id\":\"https:\/\/www.haviland.fr\/la-maison\/bonbonniere-gm-reves-du-nil-pourpre\/#primaryimage\"},\"image\":{\"@id\":\"https:\/\/www.haviland.fr\/la-maison\/bonbonniere-gm-reves-du-nil-pourpre\/#primaryimage\"},\"thumbnailUrl\":\"https:\/\/www.haviland.fr\/app\/uploads\/2026\/01\/302886710991C1-Reves-du-Nil-pourpre-Bonbonniere-GM.jpg\",\"datePublished\":\"2026-01-22T17:45:28+00:00\",\"dateModified\":\"2026-04-16T16:21:15+00:00\",\"breadcrumb\":{\"@id\":\"https:\/\/www.haviland.fr\/la-maison\/bonbonniere-gm-reves-du-nil-pourpre\/#breadcrumb\"},\"inLanguage\":\"en-US\",\"potentialAction\":[{\"@type\":\"ReadAction\",\"target\":[\"https:\/\/www.haviland.fr\/la-maison\/bonbonniere-gm-reves-du-nil-pourpre\/\"]}]},{\"@type\":\"ImageObject\",\"inLanguage\":\"en-US\",\"@id\":\"https:\/\/www.haviland.fr\/la-maison\/bonbonniere-gm-reves-du-nil-pourpre\/#primaryimage\",\"url\":\"https:\/\/www.haviland.fr\/app\/uploads\/2026\/01\/302886710991C1-Reves-du-Nil-pourpre-Bonbonniere-GM.jpg\",\"contentUrl\":\"https:\/\/www.haviland.fr\/app\/uploads\/2026\/01\/302886710991C1-Reves-du-Nil-pourpre-Bonbonniere-GM.jpg\",\"width\":1200,\"height\":1200},{\"@type\":\"BreadcrumbList\",\"@id\":\"https:\/\/www.haviland.fr\/la-maison\/bonbonniere-gm-reves-du-nil-pourpre\/#breadcrumb\",\"itemListElement\":[{\"@type\":\"ListItem\",\"position\":1,\"name\":\"Accueil\",\"item\":\"https:\/\/www.haviland.fr\/\"},{\"@type\":\"ListItem\",\"position\":2,\"name\":\"E-shop\",\"item\":\"https:\/\/www.haviland.fr\/en\/e-shop\/\"},{\"@type\":\"ListItem\",\"position\":3,\"name\":\"Bonbonni\u00e8re grand mod\u00e8le R\u00eaves du Nil pourpre\"}]},{\"@type\":\"WebSite\",\"@id\":\"https:\/\/www.haviland.fr\/en\/#website\",\"url\":\"https:\/\/www.haviland.fr\/en\/\",\"name\":\"Haviland\",\"description\":\"Excellence in Limoges porcelain since 1842\",\"potentialAction\":[{\"@type\":\"SearchAction\",\"target\":{\"@type\":\"EntryPoint\",\"urlTemplate\":\"https:\/\/www.haviland.fr\/en\/?s={search_term_string}\"},\"query-input\":{\"@type\":\"PropertyValueSpecification\",\"valueRequired\":true,\"valueName\":\"search_term_string\"}}],\"inLanguage\":\"en-US\"}]}<\/script>\n<!-- \/ Yoast SEO plugin. -->","yoast_head_json":{"title":"Candy box large size R\u00eaves du Nil pourpre - Haviland","robots":{"index":"index","follow":"follow","max-snippet":"max-snippet:-1","max-image-preview":"max-image-preview:large","max-video-preview":"max-video-preview:-1"},"canonical":"https:\/\/www.haviland.fr\/la-maison\/bonbonniere-gm-reves-du-nil-pourpre\/","og_locale":"en_US","og_type":"article","og_title":"Candy box large size R\u00eaves du Nil pourpre - Haviland","og_url":"https:\/\/www.haviland.fr\/la-maison\/bonbonniere-gm-reves-du-nil-pourpre\/","og_site_name":"Haviland","article_publisher":"https:\/\/fr-fr.facebook.com\/havilandofficiel\/","article_modified_time":"2026-04-16T16:21:15+00:00","og_image":[{"width":1200,"height":1200,"url":"https:\/\/www.haviland.fr\/app\/uploads\/2026\/01\/302886710991C1-Reves-du-Nil-pourpre-Bonbonniere-GM.jpg","type":"image\/jpeg"}],"twitter_card":"summary_large_image","twitter_misc":{"Est. reading time":"1 minute"},"schema":{"@context":"https:\/\/schema.org","@graph":[{"@type":"WebPage","@id":"https:\/\/www.haviland.fr\/la-maison\/bonbonniere-gm-reves-du-nil-pourpre\/","url":"https:\/\/www.haviland.fr\/la-maison\/bonbonniere-gm-reves-du-nil-pourpre\/","name":"Candy box large size R\u00eaves du Nil pourpre - Haviland","isPartOf":{"@id":"https:\/\/www.haviland.fr\/en\/#website"},"primaryImageOfPage":{"@id":"https:\/\/www.haviland.fr\/la-maison\/bonbonniere-gm-reves-du-nil-pourpre\/#primaryimage"},"image":{"@id":"https:\/\/www.haviland.fr\/la-maison\/bonbonniere-gm-reves-du-nil-pourpre\/#primaryimage"},"thumbnailUrl":"https:\/\/www.haviland.fr\/app\/uploads\/2026\/01\/302886710991C1-Reves-du-Nil-pourpre-Bonbonniere-GM.jpg","datePublished":"2026-01-22T17:45:28+00:00","dateModified":"2026-04-16T16:21:15+00:00","breadcrumb":{"@id":"https:\/\/www.haviland.fr\/la-maison\/bonbonniere-gm-reves-du-nil-pourpre\/#breadcrumb"},"inLanguage":"en-US","potentialAction":[{"@type":"ReadAction","target":["https:\/\/www.haviland.fr\/la-maison\/bonbonniere-gm-reves-du-nil-pourpre\/"]}]},{"@type":"ImageObject","inLanguage":"en-US","@id":"https:\/\/www.haviland.fr\/la-maison\/bonbonniere-gm-reves-du-nil-pourpre\/#primaryimage","url":"https:\/\/www.haviland.fr\/app\/uploads\/2026\/01\/302886710991C1-Reves-du-Nil-pourpre-Bonbonniere-GM.jpg","contentUrl":"https:\/\/www.haviland.fr\/app\/uploads\/2026\/01\/302886710991C1-Reves-du-Nil-pourpre-Bonbonniere-GM.jpg","width":1200,"height":1200},{"@type":"BreadcrumbList","@id":"https:\/\/www.haviland.fr\/la-maison\/bonbonniere-gm-reves-du-nil-pourpre\/#breadcrumb","itemListElement":[{"@type":"ListItem","position":1,"name":"Accueil","item":"https:\/\/www.haviland.fr\/"},{"@type":"ListItem","position":2,"name":"E-shop","item":"https:\/\/www.haviland.fr\/en\/e-shop\/"},{"@type":"ListItem","position":3,"name":"Bonbonni\u00e8re grand mod\u00e8le R\u00eaves du Nil pourpre"}]},{"@type":"WebSite","@id":"https:\/\/www.haviland.fr\/en\/#website","url":"https:\/\/www.haviland.fr\/en\/","name":"Haviland","description":"Excellence in Limoges porcelain since 1842","potentialAction":[{"@type":"SearchAction","target":{"@type":"EntryPoint","urlTemplate":"https:\/\/www.haviland.fr\/en\/?s={search_term_string}"},"query-input":{"@type":"PropertyValueSpecification","valueRequired":true,"valueName":"search_term_string"}}],"inLanguage":"en-US"}]}},"_links":{"self":[{"href":"https:\/\/www.haviland.fr\/en\/wp-json\/wp\/v2\/product\/40914","targetHints":{"allow":["GET"]}}],"collection":[{"href":"https:\/\/www.haviland.fr\/en\/wp-json\/wp\/v2\/product"}],"about":[{"href":"https:\/\/www.haviland.fr\/en\/wp-json\/wp\/v2\/types\/product"}],"wp:featuredmedia":[{"embeddable":true,"href":"https:\/\/www.haviland.fr\/en\/wp-json\/wp\/v2\/media\/40915"}],"wp:attachment":[{"href":"https:\/\/www.haviland.fr\/en\/wp-json\/wp\/v2\/media?parent=40914"}],"wp:term":[{"taxonomy":"product_brand","embeddable":true,"href":"https:\/\/www.haviland.fr\/en\/wp-json\/wp\/v2\/product_brand?post=40914"},{"taxonomy":"product_cat","embeddable":true,"href":"https:\/\/www.haviland.fr\/en\/wp-json\/wp\/v2\/product_cat?post=40914"},{"taxonomy":"product_tag","embeddable":true,"href":"https:\/\/www.haviland.fr\/en\/wp-json\/wp\/v2\/product_tag?post=40914"}],"curies":[{"name":"wp","href":"https:\/\/api.w.org\/{rel}","templated":true}]}}