{"id":40779,"date":"2025-10-31T18:30:58","date_gmt":"2025-10-31T17:30:58","guid":{"rendered":"https:\/\/www.haviland.fr\/?post_type=product&#038;p=40779"},"modified":"2026-04-16T17:20:57","modified_gmt":"2026-04-16T16:20:57","slug":"assiette-de-presentation-29cm-infini-blanc","status":"publish","type":"product","link":"https:\/\/www.haviland.fr\/en\/la-table\/assiettes-a-diner\/assiette-de-presentation-29cm-infini-blanc\/","title":{"rendered":"Service plate 29 cm Infini blanc"},"content":{"rendered":"","protected":false},"excerpt":{"rendered":"<p>An iconic collection from Maison Haviland, Infini Blanc is distinguished by its delicately engraved sun-inspired hollow pattern, highlighted by an interplay of matte and glossy enamel for a refined and timeless elegance.<\/p>\n<p>The service plate elegantly sets the table and frames the dinner plate throughout the meal. As the first piece placed, it sets the tone and showcases the d\u00e9cor from the very beginning.<\/p>\n<p>REFERENCE : 319356930022<br \/>\nDIMENSIONS : \u00d8 ext : 29,5cm<\/p>\n<p>Limoges Porcelain<br \/>\nMade in France<\/p>\n","protected":false},"featured_media":28260,"template":"","meta":[],"product_brand":[],"product_cat":[1131,1133,398,327],"product_tag":[],"class_list":{"0":"post-40779","1":"product","2":"type-product","3":"status-publish","4":"has-post-thumbnail","6":"product_cat-assiettes-a-diner","7":"product_cat-autres-assiettes","8":"product_cat-infini-blanc","9":"product_cat-les-assiettes","11":"first","12":"instock","13":"taxable","14":"shipping-taxable","15":"purchasable","16":"product-type-simple"},"translation":{"provider":"WPGlobus","version":"3.0.0","language":"en","enabled_languages":["fr","en"],"languages":{"fr":{"title":true,"content":false,"excerpt":true},"en":{"title":true,"content":false,"excerpt":true}}},"yoast_head":"<!-- This site is optimized with the Yoast SEO plugin v24.4 - https:\/\/yoast.com\/wordpress\/plugins\/seo\/ -->\n<title>Assiette Gastronomie Infini Blanc - Haviland Limoges<\/title>\n<meta name=\"robots\" content=\"index, follow, max-snippet:-1, max-image-preview:large, max-video-preview:-1\" \/>\n<link rel=\"canonical\" href=\"https:\/\/www.haviland.fr\/la-table\/assiettes-a-diner\/assiette-de-presentation-29cm-infini-blanc\/\" \/>\n<meta property=\"og:locale\" content=\"en_US\" \/>\n<meta property=\"og:type\" content=\"article\" \/>\n<meta property=\"og:title\" content=\"Service plate 29 cm Infini blanc - Haviland\" \/>\n<meta property=\"og:url\" content=\"https:\/\/www.haviland.fr\/la-table\/assiettes-a-diner\/assiette-de-presentation-29cm-infini-blanc\/\" \/>\n<meta property=\"og:site_name\" content=\"Haviland\" \/>\n<meta property=\"article:publisher\" content=\"https:\/\/fr-fr.facebook.com\/havilandofficiel\/\" \/>\n<meta property=\"article:modified_time\" content=\"2026-04-16T16:20:57+00:00\" \/>\n<meta property=\"og:image\" content=\"https:\/\/www.haviland.fr\/app\/uploads\/2017\/03\/319353930022_Infini_blanc_Assiette_gastronomie_Large_dinner_plate.png\" \/>\n\t<meta property=\"og:image:width\" content=\"1200\" \/>\n\t<meta property=\"og:image:height\" content=\"1200\" \/>\n\t<meta property=\"og:image:type\" content=\"image\/png\" \/>\n<meta name=\"twitter:card\" content=\"summary_large_image\" \/>\n<meta name=\"twitter:label1\" content=\"Est. reading time\" \/>\n\t<meta name=\"twitter:data1\" content=\"1 minute\" \/>\n<script type=\"application\/ld+json\" class=\"yoast-schema-graph\">{\"@context\":\"https:\/\/schema.org\",\"@graph\":[{\"@type\":\"WebPage\",\"@id\":\"https:\/\/www.haviland.fr\/la-table\/assiettes-a-diner\/assiette-de-presentation-29cm-infini-blanc\/\",\"url\":\"https:\/\/www.haviland.fr\/la-table\/assiettes-a-diner\/assiette-de-presentation-29cm-infini-blanc\/\",\"name\":\"Assiette Gastronomie Infini Blanc - Haviland Limoges\",\"isPartOf\":{\"@id\":\"https:\/\/www.haviland.fr\/en\/#website\"},\"primaryImageOfPage\":{\"@id\":\"https:\/\/www.haviland.fr\/la-table\/assiettes-a-diner\/assiette-de-presentation-29cm-infini-blanc\/#primaryimage\"},\"image\":{\"@id\":\"https:\/\/www.haviland.fr\/la-table\/assiettes-a-diner\/assiette-de-presentation-29cm-infini-blanc\/#primaryimage\"},\"thumbnailUrl\":\"https:\/\/www.haviland.fr\/app\/uploads\/2017\/03\/319353930022_Infini_blanc_Assiette_gastronomie_Large_dinner_plate.png\",\"datePublished\":\"2025-10-31T17:30:58+00:00\",\"dateModified\":\"2026-04-16T16:20:57+00:00\",\"description\":\"Infini d\u00e9voile une gravure intemporelle qui r\u00e9v\u00e8le tout le savoir-faire porcelainier. D\u00e9couvrez l'Assiette gastronomie Infini Blanc.\",\"breadcrumb\":{\"@id\":\"https:\/\/www.haviland.fr\/la-table\/assiettes-a-diner\/assiette-de-presentation-29cm-infini-blanc\/#breadcrumb\"},\"inLanguage\":\"en-US\",\"potentialAction\":[{\"@type\":\"ReadAction\",\"target\":[\"https:\/\/www.haviland.fr\/la-table\/assiettes-a-diner\/assiette-de-presentation-29cm-infini-blanc\/\"]}]},{\"@type\":\"ImageObject\",\"inLanguage\":\"en-US\",\"@id\":\"https:\/\/www.haviland.fr\/la-table\/assiettes-a-diner\/assiette-de-presentation-29cm-infini-blanc\/#primaryimage\",\"url\":\"https:\/\/www.haviland.fr\/app\/uploads\/2017\/03\/319353930022_Infini_blanc_Assiette_gastronomie_Large_dinner_plate.png\",\"contentUrl\":\"https:\/\/www.haviland.fr\/app\/uploads\/2017\/03\/319353930022_Infini_blanc_Assiette_gastronomie_Large_dinner_plate.png\",\"width\":1200,\"height\":1200},{\"@type\":\"BreadcrumbList\",\"@id\":\"https:\/\/www.haviland.fr\/la-table\/assiettes-a-diner\/assiette-de-presentation-29cm-infini-blanc\/#breadcrumb\",\"itemListElement\":[{\"@type\":\"ListItem\",\"position\":1,\"name\":\"Accueil\",\"item\":\"https:\/\/www.haviland.fr\/\"},{\"@type\":\"ListItem\",\"position\":2,\"name\":\"E-shop\",\"item\":\"https:\/\/www.haviland.fr\/en\/e-shop\/\"},{\"@type\":\"ListItem\",\"position\":3,\"name\":\"Assiette de pr\u00e9sentation 29cm Infini blanc\"}]},{\"@type\":\"WebSite\",\"@id\":\"https:\/\/www.haviland.fr\/en\/#website\",\"url\":\"https:\/\/www.haviland.fr\/en\/\",\"name\":\"Haviland\",\"description\":\"Excellence in Limoges porcelain since 1842\",\"potentialAction\":[{\"@type\":\"SearchAction\",\"target\":{\"@type\":\"EntryPoint\",\"urlTemplate\":\"https:\/\/www.haviland.fr\/en\/?s={search_term_string}\"},\"query-input\":{\"@type\":\"PropertyValueSpecification\",\"valueRequired\":true,\"valueName\":\"search_term_string\"}}],\"inLanguage\":\"en-US\"}]}<\/script>\n<!-- \/ Yoast SEO plugin. -->","yoast_head_json":{"title":"Assiette Gastronomie Infini Blanc - Haviland Limoges","robots":{"index":"index","follow":"follow","max-snippet":"max-snippet:-1","max-image-preview":"max-image-preview:large","max-video-preview":"max-video-preview:-1"},"canonical":"https:\/\/www.haviland.fr\/la-table\/assiettes-a-diner\/assiette-de-presentation-29cm-infini-blanc\/","og_locale":"en_US","og_type":"article","og_title":"Service plate 29 cm Infini blanc - Haviland","og_url":"https:\/\/www.haviland.fr\/la-table\/assiettes-a-diner\/assiette-de-presentation-29cm-infini-blanc\/","og_site_name":"Haviland","article_publisher":"https:\/\/fr-fr.facebook.com\/havilandofficiel\/","article_modified_time":"2026-04-16T16:20:57+00:00","og_image":[{"width":1200,"height":1200,"url":"https:\/\/www.haviland.fr\/app\/uploads\/2017\/03\/319353930022_Infini_blanc_Assiette_gastronomie_Large_dinner_plate.png","type":"image\/png"}],"twitter_card":"summary_large_image","twitter_misc":{"Est. reading time":"1 minute"},"schema":{"@context":"https:\/\/schema.org","@graph":[{"@type":"WebPage","@id":"https:\/\/www.haviland.fr\/la-table\/assiettes-a-diner\/assiette-de-presentation-29cm-infini-blanc\/","url":"https:\/\/www.haviland.fr\/la-table\/assiettes-a-diner\/assiette-de-presentation-29cm-infini-blanc\/","name":"Assiette Gastronomie Infini Blanc - Haviland Limoges","isPartOf":{"@id":"https:\/\/www.haviland.fr\/en\/#website"},"primaryImageOfPage":{"@id":"https:\/\/www.haviland.fr\/la-table\/assiettes-a-diner\/assiette-de-presentation-29cm-infini-blanc\/#primaryimage"},"image":{"@id":"https:\/\/www.haviland.fr\/la-table\/assiettes-a-diner\/assiette-de-presentation-29cm-infini-blanc\/#primaryimage"},"thumbnailUrl":"https:\/\/www.haviland.fr\/app\/uploads\/2017\/03\/319353930022_Infini_blanc_Assiette_gastronomie_Large_dinner_plate.png","datePublished":"2025-10-31T17:30:58+00:00","dateModified":"2026-04-16T16:20:57+00:00","description":"Infini d\u00e9voile une gravure intemporelle qui r\u00e9v\u00e8le tout le savoir-faire porcelainier. D\u00e9couvrez l'Assiette gastronomie Infini Blanc.","breadcrumb":{"@id":"https:\/\/www.haviland.fr\/la-table\/assiettes-a-diner\/assiette-de-presentation-29cm-infini-blanc\/#breadcrumb"},"inLanguage":"en-US","potentialAction":[{"@type":"ReadAction","target":["https:\/\/www.haviland.fr\/la-table\/assiettes-a-diner\/assiette-de-presentation-29cm-infini-blanc\/"]}]},{"@type":"ImageObject","inLanguage":"en-US","@id":"https:\/\/www.haviland.fr\/la-table\/assiettes-a-diner\/assiette-de-presentation-29cm-infini-blanc\/#primaryimage","url":"https:\/\/www.haviland.fr\/app\/uploads\/2017\/03\/319353930022_Infini_blanc_Assiette_gastronomie_Large_dinner_plate.png","contentUrl":"https:\/\/www.haviland.fr\/app\/uploads\/2017\/03\/319353930022_Infini_blanc_Assiette_gastronomie_Large_dinner_plate.png","width":1200,"height":1200},{"@type":"BreadcrumbList","@id":"https:\/\/www.haviland.fr\/la-table\/assiettes-a-diner\/assiette-de-presentation-29cm-infini-blanc\/#breadcrumb","itemListElement":[{"@type":"ListItem","position":1,"name":"Accueil","item":"https:\/\/www.haviland.fr\/"},{"@type":"ListItem","position":2,"name":"E-shop","item":"https:\/\/www.haviland.fr\/en\/e-shop\/"},{"@type":"ListItem","position":3,"name":"Assiette de pr\u00e9sentation 29cm Infini blanc"}]},{"@type":"WebSite","@id":"https:\/\/www.haviland.fr\/en\/#website","url":"https:\/\/www.haviland.fr\/en\/","name":"Haviland","description":"Excellence in Limoges porcelain since 1842","potentialAction":[{"@type":"SearchAction","target":{"@type":"EntryPoint","urlTemplate":"https:\/\/www.haviland.fr\/en\/?s={search_term_string}"},"query-input":{"@type":"PropertyValueSpecification","valueRequired":true,"valueName":"search_term_string"}}],"inLanguage":"en-US"}]}},"_links":{"self":[{"href":"https:\/\/www.haviland.fr\/en\/wp-json\/wp\/v2\/product\/40779","targetHints":{"allow":["GET"]}}],"collection":[{"href":"https:\/\/www.haviland.fr\/en\/wp-json\/wp\/v2\/product"}],"about":[{"href":"https:\/\/www.haviland.fr\/en\/wp-json\/wp\/v2\/types\/product"}],"wp:featuredmedia":[{"embeddable":true,"href":"https:\/\/www.haviland.fr\/en\/wp-json\/wp\/v2\/media\/28260"}],"wp:attachment":[{"href":"https:\/\/www.haviland.fr\/en\/wp-json\/wp\/v2\/media?parent=40779"}],"wp:term":[{"taxonomy":"product_brand","embeddable":true,"href":"https:\/\/www.haviland.fr\/en\/wp-json\/wp\/v2\/product_brand?post=40779"},{"taxonomy":"product_cat","embeddable":true,"href":"https:\/\/www.haviland.fr\/en\/wp-json\/wp\/v2\/product_cat?post=40779"},{"taxonomy":"product_tag","embeddable":true,"href":"https:\/\/www.haviland.fr\/en\/wp-json\/wp\/v2\/product_tag?post=40779"}],"curies":[{"name":"wp","href":"https:\/\/api.w.org\/{rel}","templated":true}]}}