{"id":40720,"date":"2025-10-24T15:11:05","date_gmt":"2025-10-24T14:11:05","guid":{"rendered":"https:\/\/www.haviland.fr\/?post_type=product&#038;p=40720"},"modified":"2026-04-16T17:20:45","modified_gmt":"2026-04-16T16:20:45","slug":"assiette-a-pain-infini-cuivre","status":"publish","type":"product","link":"https:\/\/www.haviland.fr\/en\/la-table\/assiette-a-pain-infini-cuivre\/","title":{"rendered":"Bread and butter plate Infini cuivre"},"content":{"rendered":"","protected":false},"excerpt":{"rendered":"<p>An iconic collection from Maison Haviland, Infini stands out with its delicately engraved sun-inspired hollow pattern, sublimated by a new copper tone offering a warm and contemporary glow.<\/p>\n<p>Placed to the left of the setting, the bread plate holds bread throughout the meal and can also be used to serve petits fours and other treats.<\/p>\n<p>REFERENCE : 304576930010<br \/>\nDIMENSIONS : \u00d8 ext : 16cm<\/p>\n<p>Limoges Porcelain<br \/>\nMade in France<\/p>\n","protected":false},"featured_media":40721,"template":"","meta":[],"product_brand":[],"product_cat":[943,1133,1144,209,327],"product_tag":[],"class_list":{"0":"post-40720","1":"product","2":"type-product","3":"status-publish","4":"has-post-thumbnail","6":"product_cat-assiette-a-pain-en-porcelaine","7":"product_cat-autres-assiettes","8":"product_cat-infini-cuivre","9":"product_cat-la-table","10":"product_cat-les-assiettes","12":"first","13":"instock","14":"taxable","15":"shipping-taxable","16":"purchasable","17":"product-type-simple"},"translation":{"provider":"WPGlobus","version":"3.0.0","language":"en","enabled_languages":["fr","en"],"languages":{"fr":{"title":true,"content":false,"excerpt":true},"en":{"title":true,"content":false,"excerpt":true}}},"yoast_head":"<!-- This site is optimized with the Yoast SEO plugin v24.4 - https:\/\/yoast.com\/wordpress\/plugins\/seo\/ -->\n<title>Assiette \u00e0 Pain Infini Blanc - Haviland Limoges France<\/title>\n<meta name=\"robots\" content=\"index, follow, max-snippet:-1, max-image-preview:large, max-video-preview:-1\" \/>\n<link rel=\"canonical\" href=\"https:\/\/www.haviland.fr\/la-table\/assiette-a-pain-infini-cuivre\/\" \/>\n<meta property=\"og:locale\" content=\"en_US\" \/>\n<meta property=\"og:type\" content=\"article\" \/>\n<meta property=\"og:title\" content=\"Bread and butter plate Infini cuivre - Haviland\" \/>\n<meta property=\"og:url\" content=\"https:\/\/www.haviland.fr\/la-table\/assiette-a-pain-infini-cuivre\/\" \/>\n<meta property=\"og:site_name\" content=\"Haviland\" \/>\n<meta property=\"article:publisher\" content=\"https:\/\/fr-fr.facebook.com\/havilandofficiel\/\" \/>\n<meta property=\"article:modified_time\" content=\"2026-04-16T16:20:45+00:00\" \/>\n<meta property=\"og:image\" content=\"https:\/\/www.haviland.fr\/app\/uploads\/2025\/10\/304576930010-Infini-Cuivre-Ass-a-pain.jpg\" \/>\n\t<meta property=\"og:image:width\" content=\"1200\" \/>\n\t<meta property=\"og:image:height\" content=\"1200\" \/>\n\t<meta property=\"og:image:type\" content=\"image\/jpeg\" \/>\n<meta name=\"twitter:card\" content=\"summary_large_image\" \/>\n<meta name=\"twitter:label1\" content=\"Est. reading time\" \/>\n\t<meta name=\"twitter:data1\" content=\"1 minute\" \/>\n<script type=\"application\/ld+json\" class=\"yoast-schema-graph\">{\"@context\":\"https:\/\/schema.org\",\"@graph\":[{\"@type\":\"WebPage\",\"@id\":\"https:\/\/www.haviland.fr\/la-table\/assiette-a-pain-infini-cuivre\/\",\"url\":\"https:\/\/www.haviland.fr\/la-table\/assiette-a-pain-infini-cuivre\/\",\"name\":\"Assiette \u00e0 Pain Infini Blanc - Haviland Limoges France\",\"isPartOf\":{\"@id\":\"https:\/\/www.haviland.fr\/en\/#website\"},\"primaryImageOfPage\":{\"@id\":\"https:\/\/www.haviland.fr\/la-table\/assiette-a-pain-infini-cuivre\/#primaryimage\"},\"image\":{\"@id\":\"https:\/\/www.haviland.fr\/la-table\/assiette-a-pain-infini-cuivre\/#primaryimage\"},\"thumbnailUrl\":\"https:\/\/www.haviland.fr\/app\/uploads\/2025\/10\/304576930010-Infini-Cuivre-Ass-a-pain.jpg\",\"datePublished\":\"2025-10-24T14:11:05+00:00\",\"dateModified\":\"2026-04-16T16:20:45+00:00\",\"description\":\"Infini d\u00e9voile une gravure intemporelle qui r\u00e9v\u00e8le tout le savoir-faire porcelainier. D\u00e9couvrez l'Assiette \u00e0 pain Infini Blanc.\",\"breadcrumb\":{\"@id\":\"https:\/\/www.haviland.fr\/la-table\/assiette-a-pain-infini-cuivre\/#breadcrumb\"},\"inLanguage\":\"en-US\",\"potentialAction\":[{\"@type\":\"ReadAction\",\"target\":[\"https:\/\/www.haviland.fr\/la-table\/assiette-a-pain-infini-cuivre\/\"]}]},{\"@type\":\"ImageObject\",\"inLanguage\":\"en-US\",\"@id\":\"https:\/\/www.haviland.fr\/la-table\/assiette-a-pain-infini-cuivre\/#primaryimage\",\"url\":\"https:\/\/www.haviland.fr\/app\/uploads\/2025\/10\/304576930010-Infini-Cuivre-Ass-a-pain.jpg\",\"contentUrl\":\"https:\/\/www.haviland.fr\/app\/uploads\/2025\/10\/304576930010-Infini-Cuivre-Ass-a-pain.jpg\",\"width\":1200,\"height\":1200},{\"@type\":\"BreadcrumbList\",\"@id\":\"https:\/\/www.haviland.fr\/la-table\/assiette-a-pain-infini-cuivre\/#breadcrumb\",\"itemListElement\":[{\"@type\":\"ListItem\",\"position\":1,\"name\":\"Accueil\",\"item\":\"https:\/\/www.haviland.fr\/\"},{\"@type\":\"ListItem\",\"position\":2,\"name\":\"E-shop\",\"item\":\"https:\/\/www.haviland.fr\/en\/e-shop\/\"},{\"@type\":\"ListItem\",\"position\":3,\"name\":\"Assiette \u00e0 pain Infini cuivre\"}]},{\"@type\":\"WebSite\",\"@id\":\"https:\/\/www.haviland.fr\/en\/#website\",\"url\":\"https:\/\/www.haviland.fr\/en\/\",\"name\":\"Haviland\",\"description\":\"Excellence in Limoges porcelain since 1842\",\"potentialAction\":[{\"@type\":\"SearchAction\",\"target\":{\"@type\":\"EntryPoint\",\"urlTemplate\":\"https:\/\/www.haviland.fr\/en\/?s={search_term_string}\"},\"query-input\":{\"@type\":\"PropertyValueSpecification\",\"valueRequired\":true,\"valueName\":\"search_term_string\"}}],\"inLanguage\":\"en-US\"}]}<\/script>\n<!-- \/ Yoast SEO plugin. -->","yoast_head_json":{"title":"Assiette \u00e0 Pain Infini Blanc - Haviland Limoges France","robots":{"index":"index","follow":"follow","max-snippet":"max-snippet:-1","max-image-preview":"max-image-preview:large","max-video-preview":"max-video-preview:-1"},"canonical":"https:\/\/www.haviland.fr\/la-table\/assiette-a-pain-infini-cuivre\/","og_locale":"en_US","og_type":"article","og_title":"Bread and butter plate Infini cuivre - Haviland","og_url":"https:\/\/www.haviland.fr\/la-table\/assiette-a-pain-infini-cuivre\/","og_site_name":"Haviland","article_publisher":"https:\/\/fr-fr.facebook.com\/havilandofficiel\/","article_modified_time":"2026-04-16T16:20:45+00:00","og_image":[{"width":1200,"height":1200,"url":"https:\/\/www.haviland.fr\/app\/uploads\/2025\/10\/304576930010-Infini-Cuivre-Ass-a-pain.jpg","type":"image\/jpeg"}],"twitter_card":"summary_large_image","twitter_misc":{"Est. reading time":"1 minute"},"schema":{"@context":"https:\/\/schema.org","@graph":[{"@type":"WebPage","@id":"https:\/\/www.haviland.fr\/la-table\/assiette-a-pain-infini-cuivre\/","url":"https:\/\/www.haviland.fr\/la-table\/assiette-a-pain-infini-cuivre\/","name":"Assiette \u00e0 Pain Infini Blanc - Haviland Limoges France","isPartOf":{"@id":"https:\/\/www.haviland.fr\/en\/#website"},"primaryImageOfPage":{"@id":"https:\/\/www.haviland.fr\/la-table\/assiette-a-pain-infini-cuivre\/#primaryimage"},"image":{"@id":"https:\/\/www.haviland.fr\/la-table\/assiette-a-pain-infini-cuivre\/#primaryimage"},"thumbnailUrl":"https:\/\/www.haviland.fr\/app\/uploads\/2025\/10\/304576930010-Infini-Cuivre-Ass-a-pain.jpg","datePublished":"2025-10-24T14:11:05+00:00","dateModified":"2026-04-16T16:20:45+00:00","description":"Infini d\u00e9voile une gravure intemporelle qui r\u00e9v\u00e8le tout le savoir-faire porcelainier. D\u00e9couvrez l'Assiette \u00e0 pain Infini Blanc.","breadcrumb":{"@id":"https:\/\/www.haviland.fr\/la-table\/assiette-a-pain-infini-cuivre\/#breadcrumb"},"inLanguage":"en-US","potentialAction":[{"@type":"ReadAction","target":["https:\/\/www.haviland.fr\/la-table\/assiette-a-pain-infini-cuivre\/"]}]},{"@type":"ImageObject","inLanguage":"en-US","@id":"https:\/\/www.haviland.fr\/la-table\/assiette-a-pain-infini-cuivre\/#primaryimage","url":"https:\/\/www.haviland.fr\/app\/uploads\/2025\/10\/304576930010-Infini-Cuivre-Ass-a-pain.jpg","contentUrl":"https:\/\/www.haviland.fr\/app\/uploads\/2025\/10\/304576930010-Infini-Cuivre-Ass-a-pain.jpg","width":1200,"height":1200},{"@type":"BreadcrumbList","@id":"https:\/\/www.haviland.fr\/la-table\/assiette-a-pain-infini-cuivre\/#breadcrumb","itemListElement":[{"@type":"ListItem","position":1,"name":"Accueil","item":"https:\/\/www.haviland.fr\/"},{"@type":"ListItem","position":2,"name":"E-shop","item":"https:\/\/www.haviland.fr\/en\/e-shop\/"},{"@type":"ListItem","position":3,"name":"Assiette \u00e0 pain Infini cuivre"}]},{"@type":"WebSite","@id":"https:\/\/www.haviland.fr\/en\/#website","url":"https:\/\/www.haviland.fr\/en\/","name":"Haviland","description":"Excellence in Limoges porcelain since 1842","potentialAction":[{"@type":"SearchAction","target":{"@type":"EntryPoint","urlTemplate":"https:\/\/www.haviland.fr\/en\/?s={search_term_string}"},"query-input":{"@type":"PropertyValueSpecification","valueRequired":true,"valueName":"search_term_string"}}],"inLanguage":"en-US"}]}},"_links":{"self":[{"href":"https:\/\/www.haviland.fr\/en\/wp-json\/wp\/v2\/product\/40720","targetHints":{"allow":["GET"]}}],"collection":[{"href":"https:\/\/www.haviland.fr\/en\/wp-json\/wp\/v2\/product"}],"about":[{"href":"https:\/\/www.haviland.fr\/en\/wp-json\/wp\/v2\/types\/product"}],"wp:featuredmedia":[{"embeddable":true,"href":"https:\/\/www.haviland.fr\/en\/wp-json\/wp\/v2\/media\/40721"}],"wp:attachment":[{"href":"https:\/\/www.haviland.fr\/en\/wp-json\/wp\/v2\/media?parent=40720"}],"wp:term":[{"taxonomy":"product_brand","embeddable":true,"href":"https:\/\/www.haviland.fr\/en\/wp-json\/wp\/v2\/product_brand?post=40720"},{"taxonomy":"product_cat","embeddable":true,"href":"https:\/\/www.haviland.fr\/en\/wp-json\/wp\/v2\/product_cat?post=40720"},{"taxonomy":"product_tag","embeddable":true,"href":"https:\/\/www.haviland.fr\/en\/wp-json\/wp\/v2\/product_tag?post=40720"}],"curies":[{"name":"wp","href":"https:\/\/api.w.org\/{rel}","templated":true}]}}