{"id":40577,"date":"2025-07-09T17:23:56","date_gmt":"2025-07-09T16:23:56","guid":{"rendered":"https:\/\/www.haviland.fr\/?post_type=product&#038;p=40577"},"modified":"2026-04-16T17:20:36","modified_gmt":"2026-04-16T16:20:36","slug":"theiere-reves-du-nil-pourpre-or","status":"publish","type":"product","link":"https:\/\/www.haviland.fr\/en\/la-table\/theiere-reves-du-nil-pourpre-or\/","title":{"rendered":"Teapot R\u00eaves du Nil pourpre or"},"content":{"rendered":"","protected":false},"excerpt":{"rendered":"<p>An invitation to journey through ancient Egypt, the R\u00eaves du Nil collection brings together papyrus, lotus flowers, and palmettes in the colors of the Nile, composed by the Haviland studio with refined mastery of ornamentation.<\/p>\n<p>The teapot both infuses and serves tea while preserving its heat and aromas. Coordinated with cups, it enhances the tea ritual.<\/p>\n<p>REFERENCE : 302886020410<br \/>\nDIMENSIONS : 100cl<\/p>\n<p>Limoges Porcelain<br \/>\nMade in France<\/p>\n","protected":false},"featured_media":40578,"template":"","meta":[],"product_brand":[],"product_cat":[1143,979,976,977,1139,364,209,210,345],"product_tag":[],"class_list":{"0":"post-40577","1":"product","2":"type-product","3":"status-publish","4":"has-post-thumbnail","6":"product_cat-reves-du-nil-pourpre-or","7":"product_cat-service-a-cafe-en-porcelaine","8":"product_cat-service-a-the-et-a-cafe","9":"product_cat-theiere-porcelaine","10":"product_cat-verseuses","11":"product_cat-cabaret","12":"product_cat-la-table","13":"product_cat-les-collections","14":"product_cat-theiere-et-cafetiere","16":"first","17":"instock","18":"taxable","19":"shipping-taxable","20":"purchasable","21":"product-type-simple"},"translation":{"provider":"WPGlobus","version":"3.0.0","language":"en","enabled_languages":["fr","en"],"languages":{"fr":{"title":true,"content":false,"excerpt":true},"en":{"title":true,"content":false,"excerpt":true}}},"yoast_head":"<!-- This site is optimized with the Yoast SEO plugin v24.4 - https:\/\/yoast.com\/wordpress\/plugins\/seo\/ -->\n<title>Teapot R\u00eaves du Nil pourpre or - Haviland<\/title>\n<meta name=\"robots\" content=\"index, follow, max-snippet:-1, max-image-preview:large, max-video-preview:-1\" \/>\n<link rel=\"canonical\" href=\"https:\/\/www.haviland.fr\/la-table\/theiere-reves-du-nil-pourpre-or\/\" \/>\n<meta property=\"og:locale\" content=\"en_US\" \/>\n<meta property=\"og:type\" content=\"article\" \/>\n<meta property=\"og:title\" content=\"Teapot R\u00eaves du Nil pourpre or - Haviland\" \/>\n<meta property=\"og:url\" content=\"https:\/\/www.haviland.fr\/la-table\/theiere-reves-du-nil-pourpre-or\/\" \/>\n<meta property=\"og:site_name\" content=\"Haviland\" \/>\n<meta property=\"article:publisher\" content=\"https:\/\/fr-fr.facebook.com\/havilandofficiel\/\" \/>\n<meta property=\"article:modified_time\" content=\"2026-04-16T16:20:36+00:00\" \/>\n<meta property=\"og:image\" content=\"https:\/\/www.haviland.fr\/app\/uploads\/2025\/07\/Theiere-Reves-du-Nil-Pourpre-Vue-Profil.jpg\" \/>\n\t<meta property=\"og:image:width\" content=\"600\" \/>\n\t<meta property=\"og:image:height\" content=\"600\" \/>\n\t<meta property=\"og:image:type\" content=\"image\/jpeg\" \/>\n<meta name=\"twitter:card\" content=\"summary_large_image\" \/>\n<meta name=\"twitter:label1\" content=\"Est. reading time\" \/>\n\t<meta name=\"twitter:data1\" content=\"1 minute\" \/>\n<script type=\"application\/ld+json\" class=\"yoast-schema-graph\">{\"@context\":\"https:\/\/schema.org\",\"@graph\":[{\"@type\":\"WebPage\",\"@id\":\"https:\/\/www.haviland.fr\/la-table\/theiere-reves-du-nil-pourpre-or\/\",\"url\":\"https:\/\/www.haviland.fr\/la-table\/theiere-reves-du-nil-pourpre-or\/\",\"name\":\"Teapot R\u00eaves du Nil pourpre or - Haviland\",\"isPartOf\":{\"@id\":\"https:\/\/www.haviland.fr\/en\/#website\"},\"primaryImageOfPage\":{\"@id\":\"https:\/\/www.haviland.fr\/la-table\/theiere-reves-du-nil-pourpre-or\/#primaryimage\"},\"image\":{\"@id\":\"https:\/\/www.haviland.fr\/la-table\/theiere-reves-du-nil-pourpre-or\/#primaryimage\"},\"thumbnailUrl\":\"https:\/\/www.haviland.fr\/app\/uploads\/2025\/07\/Theiere-Reves-du-Nil-Pourpre-Vue-Profil.jpg\",\"datePublished\":\"2025-07-09T16:23:56+00:00\",\"dateModified\":\"2026-04-16T16:20:36+00:00\",\"breadcrumb\":{\"@id\":\"https:\/\/www.haviland.fr\/la-table\/theiere-reves-du-nil-pourpre-or\/#breadcrumb\"},\"inLanguage\":\"en-US\",\"potentialAction\":[{\"@type\":\"ReadAction\",\"target\":[\"https:\/\/www.haviland.fr\/la-table\/theiere-reves-du-nil-pourpre-or\/\"]}]},{\"@type\":\"ImageObject\",\"inLanguage\":\"en-US\",\"@id\":\"https:\/\/www.haviland.fr\/la-table\/theiere-reves-du-nil-pourpre-or\/#primaryimage\",\"url\":\"https:\/\/www.haviland.fr\/app\/uploads\/2025\/07\/Theiere-Reves-du-Nil-Pourpre-Vue-Profil.jpg\",\"contentUrl\":\"https:\/\/www.haviland.fr\/app\/uploads\/2025\/07\/Theiere-Reves-du-Nil-Pourpre-Vue-Profil.jpg\",\"width\":600,\"height\":600},{\"@type\":\"BreadcrumbList\",\"@id\":\"https:\/\/www.haviland.fr\/la-table\/theiere-reves-du-nil-pourpre-or\/#breadcrumb\",\"itemListElement\":[{\"@type\":\"ListItem\",\"position\":1,\"name\":\"Accueil\",\"item\":\"https:\/\/www.haviland.fr\/\"},{\"@type\":\"ListItem\",\"position\":2,\"name\":\"E-shop\",\"item\":\"https:\/\/www.haviland.fr\/en\/e-shop\/\"},{\"@type\":\"ListItem\",\"position\":3,\"name\":\"Th\u00e9i\u00e8re R\u00eaves du Nil pourpre or\"}]},{\"@type\":\"WebSite\",\"@id\":\"https:\/\/www.haviland.fr\/en\/#website\",\"url\":\"https:\/\/www.haviland.fr\/en\/\",\"name\":\"Haviland\",\"description\":\"Excellence in Limoges porcelain since 1842\",\"potentialAction\":[{\"@type\":\"SearchAction\",\"target\":{\"@type\":\"EntryPoint\",\"urlTemplate\":\"https:\/\/www.haviland.fr\/en\/?s={search_term_string}\"},\"query-input\":{\"@type\":\"PropertyValueSpecification\",\"valueRequired\":true,\"valueName\":\"search_term_string\"}}],\"inLanguage\":\"en-US\"}]}<\/script>\n<!-- \/ Yoast SEO plugin. -->","yoast_head_json":{"title":"Teapot R\u00eaves du Nil pourpre or - Haviland","robots":{"index":"index","follow":"follow","max-snippet":"max-snippet:-1","max-image-preview":"max-image-preview:large","max-video-preview":"max-video-preview:-1"},"canonical":"https:\/\/www.haviland.fr\/la-table\/theiere-reves-du-nil-pourpre-or\/","og_locale":"en_US","og_type":"article","og_title":"Teapot R\u00eaves du Nil pourpre or - Haviland","og_url":"https:\/\/www.haviland.fr\/la-table\/theiere-reves-du-nil-pourpre-or\/","og_site_name":"Haviland","article_publisher":"https:\/\/fr-fr.facebook.com\/havilandofficiel\/","article_modified_time":"2026-04-16T16:20:36+00:00","og_image":[{"width":600,"height":600,"url":"https:\/\/www.haviland.fr\/app\/uploads\/2025\/07\/Theiere-Reves-du-Nil-Pourpre-Vue-Profil.jpg","type":"image\/jpeg"}],"twitter_card":"summary_large_image","twitter_misc":{"Est. reading time":"1 minute"},"schema":{"@context":"https:\/\/schema.org","@graph":[{"@type":"WebPage","@id":"https:\/\/www.haviland.fr\/la-table\/theiere-reves-du-nil-pourpre-or\/","url":"https:\/\/www.haviland.fr\/la-table\/theiere-reves-du-nil-pourpre-or\/","name":"Teapot R\u00eaves du Nil pourpre or - Haviland","isPartOf":{"@id":"https:\/\/www.haviland.fr\/en\/#website"},"primaryImageOfPage":{"@id":"https:\/\/www.haviland.fr\/la-table\/theiere-reves-du-nil-pourpre-or\/#primaryimage"},"image":{"@id":"https:\/\/www.haviland.fr\/la-table\/theiere-reves-du-nil-pourpre-or\/#primaryimage"},"thumbnailUrl":"https:\/\/www.haviland.fr\/app\/uploads\/2025\/07\/Theiere-Reves-du-Nil-Pourpre-Vue-Profil.jpg","datePublished":"2025-07-09T16:23:56+00:00","dateModified":"2026-04-16T16:20:36+00:00","breadcrumb":{"@id":"https:\/\/www.haviland.fr\/la-table\/theiere-reves-du-nil-pourpre-or\/#breadcrumb"},"inLanguage":"en-US","potentialAction":[{"@type":"ReadAction","target":["https:\/\/www.haviland.fr\/la-table\/theiere-reves-du-nil-pourpre-or\/"]}]},{"@type":"ImageObject","inLanguage":"en-US","@id":"https:\/\/www.haviland.fr\/la-table\/theiere-reves-du-nil-pourpre-or\/#primaryimage","url":"https:\/\/www.haviland.fr\/app\/uploads\/2025\/07\/Theiere-Reves-du-Nil-Pourpre-Vue-Profil.jpg","contentUrl":"https:\/\/www.haviland.fr\/app\/uploads\/2025\/07\/Theiere-Reves-du-Nil-Pourpre-Vue-Profil.jpg","width":600,"height":600},{"@type":"BreadcrumbList","@id":"https:\/\/www.haviland.fr\/la-table\/theiere-reves-du-nil-pourpre-or\/#breadcrumb","itemListElement":[{"@type":"ListItem","position":1,"name":"Accueil","item":"https:\/\/www.haviland.fr\/"},{"@type":"ListItem","position":2,"name":"E-shop","item":"https:\/\/www.haviland.fr\/en\/e-shop\/"},{"@type":"ListItem","position":3,"name":"Th\u00e9i\u00e8re R\u00eaves du Nil pourpre or"}]},{"@type":"WebSite","@id":"https:\/\/www.haviland.fr\/en\/#website","url":"https:\/\/www.haviland.fr\/en\/","name":"Haviland","description":"Excellence in Limoges porcelain since 1842","potentialAction":[{"@type":"SearchAction","target":{"@type":"EntryPoint","urlTemplate":"https:\/\/www.haviland.fr\/en\/?s={search_term_string}"},"query-input":{"@type":"PropertyValueSpecification","valueRequired":true,"valueName":"search_term_string"}}],"inLanguage":"en-US"}]}},"_links":{"self":[{"href":"https:\/\/www.haviland.fr\/en\/wp-json\/wp\/v2\/product\/40577","targetHints":{"allow":["GET"]}}],"collection":[{"href":"https:\/\/www.haviland.fr\/en\/wp-json\/wp\/v2\/product"}],"about":[{"href":"https:\/\/www.haviland.fr\/en\/wp-json\/wp\/v2\/types\/product"}],"wp:featuredmedia":[{"embeddable":true,"href":"https:\/\/www.haviland.fr\/en\/wp-json\/wp\/v2\/media\/40578"}],"wp:attachment":[{"href":"https:\/\/www.haviland.fr\/en\/wp-json\/wp\/v2\/media?parent=40577"}],"wp:term":[{"taxonomy":"product_brand","embeddable":true,"href":"https:\/\/www.haviland.fr\/en\/wp-json\/wp\/v2\/product_brand?post=40577"},{"taxonomy":"product_cat","embeddable":true,"href":"https:\/\/www.haviland.fr\/en\/wp-json\/wp\/v2\/product_cat?post=40577"},{"taxonomy":"product_tag","embeddable":true,"href":"https:\/\/www.haviland.fr\/en\/wp-json\/wp\/v2\/product_tag?post=40577"}],"curies":[{"name":"wp","href":"https:\/\/api.w.org\/{rel}","templated":true}]}}