{"id":40554,"date":"2025-07-09T16:27:00","date_gmt":"2025-07-09T15:27:00","guid":{"rendered":"https:\/\/www.haviland.fr\/?post_type=product&#038;p=40554"},"modified":"2026-04-16T17:20:32","modified_gmt":"2026-04-16T16:20:32","slug":"bol-a-cereales-reves-du-nil-pourpre-or","status":"publish","type":"product","link":"https:\/\/www.haviland.fr\/en\/la-table\/bol-a-cereales-reves-du-nil-pourpre-or\/","title":{"rendered":"Cereal bowl R\u00eaves du Nil pourpre or"},"content":{"rendered":"","protected":false},"excerpt":{"rendered":"<p>An invitation to journey through ancient Egypt, the R\u00eaves du Nil collection brings together papyrus, lotus flowers, and palmettes in the colors of the Nile, composed by the Haviland studio with refined mastery of ornamentation.<\/p>\n<p>Designed for breakfast, this bowl holds cereals, fruit, milk or hot chocolate. A refined way to start the day.<\/p>\n<p>REFERENCE : 302886010058<br \/>\nDIMENSIONS : \u00d8 ext : 16,8cm &#8211; 30cl<\/p>\n<p>Limoges Porcelain<br \/>\nMade in France<\/p>\n","protected":false},"featured_media":40555,"template":"","meta":[],"product_brand":[],"product_cat":[966,1134,1143,330,209,210,437],"product_tag":[],"class_list":{"0":"post-40554","1":"product","2":"type-product","3":"status-publish","4":"has-post-thumbnail","6":"product_cat-bols","7":"product_cat-contenants","8":"product_cat-reves-du-nil-pourpre-or","9":"product_cat-accessoires","10":"product_cat-la-table","11":"product_cat-les-collections","12":"product_cat-collection-relief","14":"first","15":"instock","16":"taxable","17":"shipping-taxable","18":"purchasable","19":"product-type-simple"},"translation":{"provider":"WPGlobus","version":"3.0.0","language":"en","enabled_languages":["fr","en"],"languages":{"fr":{"title":true,"content":false,"excerpt":true},"en":{"title":true,"content":false,"excerpt":true}}},"yoast_head":"<!-- This site is optimized with the Yoast SEO plugin v24.4 - https:\/\/yoast.com\/wordpress\/plugins\/seo\/ -->\n<title>Cereal bowl R\u00eaves du Nil pourpre or - Haviland<\/title>\n<meta name=\"robots\" content=\"index, follow, max-snippet:-1, max-image-preview:large, max-video-preview:-1\" \/>\n<link rel=\"canonical\" href=\"https:\/\/www.haviland.fr\/la-table\/bol-a-cereales-reves-du-nil-pourpre-or\/\" \/>\n<meta property=\"og:locale\" content=\"en_US\" \/>\n<meta property=\"og:type\" content=\"article\" \/>\n<meta property=\"og:title\" content=\"Cereal bowl R\u00eaves du Nil pourpre or - Haviland\" \/>\n<meta property=\"og:url\" content=\"https:\/\/www.haviland.fr\/la-table\/bol-a-cereales-reves-du-nil-pourpre-or\/\" \/>\n<meta property=\"og:site_name\" content=\"Haviland\" \/>\n<meta property=\"article:publisher\" content=\"https:\/\/fr-fr.facebook.com\/havilandofficiel\/\" \/>\n<meta property=\"article:modified_time\" content=\"2026-04-16T16:20:32+00:00\" \/>\n<meta property=\"og:image\" content=\"https:\/\/www.haviland.fr\/app\/uploads\/2025\/07\/Bol-cereales-Reves-du-Nil-Pourpre-Vue-Profil.jpg\" \/>\n\t<meta property=\"og:image:width\" content=\"600\" \/>\n\t<meta property=\"og:image:height\" content=\"600\" \/>\n\t<meta property=\"og:image:type\" content=\"image\/jpeg\" \/>\n<meta name=\"twitter:card\" content=\"summary_large_image\" \/>\n<meta name=\"twitter:label1\" content=\"Est. reading time\" \/>\n\t<meta name=\"twitter:data1\" content=\"1 minute\" \/>\n<script type=\"application\/ld+json\" class=\"yoast-schema-graph\">{\"@context\":\"https:\/\/schema.org\",\"@graph\":[{\"@type\":\"WebPage\",\"@id\":\"https:\/\/www.haviland.fr\/la-table\/bol-a-cereales-reves-du-nil-pourpre-or\/\",\"url\":\"https:\/\/www.haviland.fr\/la-table\/bol-a-cereales-reves-du-nil-pourpre-or\/\",\"name\":\"Cereal bowl R\u00eaves du Nil pourpre or - Haviland\",\"isPartOf\":{\"@id\":\"https:\/\/www.haviland.fr\/en\/#website\"},\"primaryImageOfPage\":{\"@id\":\"https:\/\/www.haviland.fr\/la-table\/bol-a-cereales-reves-du-nil-pourpre-or\/#primaryimage\"},\"image\":{\"@id\":\"https:\/\/www.haviland.fr\/la-table\/bol-a-cereales-reves-du-nil-pourpre-or\/#primaryimage\"},\"thumbnailUrl\":\"https:\/\/www.haviland.fr\/app\/uploads\/2025\/07\/Bol-cereales-Reves-du-Nil-Pourpre-Vue-Profil.jpg\",\"datePublished\":\"2025-07-09T15:27:00+00:00\",\"dateModified\":\"2026-04-16T16:20:32+00:00\",\"breadcrumb\":{\"@id\":\"https:\/\/www.haviland.fr\/la-table\/bol-a-cereales-reves-du-nil-pourpre-or\/#breadcrumb\"},\"inLanguage\":\"en-US\",\"potentialAction\":[{\"@type\":\"ReadAction\",\"target\":[\"https:\/\/www.haviland.fr\/la-table\/bol-a-cereales-reves-du-nil-pourpre-or\/\"]}]},{\"@type\":\"ImageObject\",\"inLanguage\":\"en-US\",\"@id\":\"https:\/\/www.haviland.fr\/la-table\/bol-a-cereales-reves-du-nil-pourpre-or\/#primaryimage\",\"url\":\"https:\/\/www.haviland.fr\/app\/uploads\/2025\/07\/Bol-cereales-Reves-du-Nil-Pourpre-Vue-Profil.jpg\",\"contentUrl\":\"https:\/\/www.haviland.fr\/app\/uploads\/2025\/07\/Bol-cereales-Reves-du-Nil-Pourpre-Vue-Profil.jpg\",\"width\":600,\"height\":600},{\"@type\":\"BreadcrumbList\",\"@id\":\"https:\/\/www.haviland.fr\/la-table\/bol-a-cereales-reves-du-nil-pourpre-or\/#breadcrumb\",\"itemListElement\":[{\"@type\":\"ListItem\",\"position\":1,\"name\":\"Accueil\",\"item\":\"https:\/\/www.haviland.fr\/\"},{\"@type\":\"ListItem\",\"position\":2,\"name\":\"E-shop\",\"item\":\"https:\/\/www.haviland.fr\/en\/e-shop\/\"},{\"@type\":\"ListItem\",\"position\":3,\"name\":\"Bol \u00e0 c\u00e9r\u00e9ales R\u00eaves du Nil pourpre or\"}]},{\"@type\":\"WebSite\",\"@id\":\"https:\/\/www.haviland.fr\/en\/#website\",\"url\":\"https:\/\/www.haviland.fr\/en\/\",\"name\":\"Haviland\",\"description\":\"Excellence in Limoges porcelain since 1842\",\"potentialAction\":[{\"@type\":\"SearchAction\",\"target\":{\"@type\":\"EntryPoint\",\"urlTemplate\":\"https:\/\/www.haviland.fr\/en\/?s={search_term_string}\"},\"query-input\":{\"@type\":\"PropertyValueSpecification\",\"valueRequired\":true,\"valueName\":\"search_term_string\"}}],\"inLanguage\":\"en-US\"}]}<\/script>\n<!-- \/ Yoast SEO plugin. -->","yoast_head_json":{"title":"Cereal bowl R\u00eaves du Nil pourpre or - Haviland","robots":{"index":"index","follow":"follow","max-snippet":"max-snippet:-1","max-image-preview":"max-image-preview:large","max-video-preview":"max-video-preview:-1"},"canonical":"https:\/\/www.haviland.fr\/la-table\/bol-a-cereales-reves-du-nil-pourpre-or\/","og_locale":"en_US","og_type":"article","og_title":"Cereal bowl R\u00eaves du Nil pourpre or - Haviland","og_url":"https:\/\/www.haviland.fr\/la-table\/bol-a-cereales-reves-du-nil-pourpre-or\/","og_site_name":"Haviland","article_publisher":"https:\/\/fr-fr.facebook.com\/havilandofficiel\/","article_modified_time":"2026-04-16T16:20:32+00:00","og_image":[{"width":600,"height":600,"url":"https:\/\/www.haviland.fr\/app\/uploads\/2025\/07\/Bol-cereales-Reves-du-Nil-Pourpre-Vue-Profil.jpg","type":"image\/jpeg"}],"twitter_card":"summary_large_image","twitter_misc":{"Est. reading time":"1 minute"},"schema":{"@context":"https:\/\/schema.org","@graph":[{"@type":"WebPage","@id":"https:\/\/www.haviland.fr\/la-table\/bol-a-cereales-reves-du-nil-pourpre-or\/","url":"https:\/\/www.haviland.fr\/la-table\/bol-a-cereales-reves-du-nil-pourpre-or\/","name":"Cereal bowl R\u00eaves du Nil pourpre or - Haviland","isPartOf":{"@id":"https:\/\/www.haviland.fr\/en\/#website"},"primaryImageOfPage":{"@id":"https:\/\/www.haviland.fr\/la-table\/bol-a-cereales-reves-du-nil-pourpre-or\/#primaryimage"},"image":{"@id":"https:\/\/www.haviland.fr\/la-table\/bol-a-cereales-reves-du-nil-pourpre-or\/#primaryimage"},"thumbnailUrl":"https:\/\/www.haviland.fr\/app\/uploads\/2025\/07\/Bol-cereales-Reves-du-Nil-Pourpre-Vue-Profil.jpg","datePublished":"2025-07-09T15:27:00+00:00","dateModified":"2026-04-16T16:20:32+00:00","breadcrumb":{"@id":"https:\/\/www.haviland.fr\/la-table\/bol-a-cereales-reves-du-nil-pourpre-or\/#breadcrumb"},"inLanguage":"en-US","potentialAction":[{"@type":"ReadAction","target":["https:\/\/www.haviland.fr\/la-table\/bol-a-cereales-reves-du-nil-pourpre-or\/"]}]},{"@type":"ImageObject","inLanguage":"en-US","@id":"https:\/\/www.haviland.fr\/la-table\/bol-a-cereales-reves-du-nil-pourpre-or\/#primaryimage","url":"https:\/\/www.haviland.fr\/app\/uploads\/2025\/07\/Bol-cereales-Reves-du-Nil-Pourpre-Vue-Profil.jpg","contentUrl":"https:\/\/www.haviland.fr\/app\/uploads\/2025\/07\/Bol-cereales-Reves-du-Nil-Pourpre-Vue-Profil.jpg","width":600,"height":600},{"@type":"BreadcrumbList","@id":"https:\/\/www.haviland.fr\/la-table\/bol-a-cereales-reves-du-nil-pourpre-or\/#breadcrumb","itemListElement":[{"@type":"ListItem","position":1,"name":"Accueil","item":"https:\/\/www.haviland.fr\/"},{"@type":"ListItem","position":2,"name":"E-shop","item":"https:\/\/www.haviland.fr\/en\/e-shop\/"},{"@type":"ListItem","position":3,"name":"Bol \u00e0 c\u00e9r\u00e9ales R\u00eaves du Nil pourpre or"}]},{"@type":"WebSite","@id":"https:\/\/www.haviland.fr\/en\/#website","url":"https:\/\/www.haviland.fr\/en\/","name":"Haviland","description":"Excellence in Limoges porcelain since 1842","potentialAction":[{"@type":"SearchAction","target":{"@type":"EntryPoint","urlTemplate":"https:\/\/www.haviland.fr\/en\/?s={search_term_string}"},"query-input":{"@type":"PropertyValueSpecification","valueRequired":true,"valueName":"search_term_string"}}],"inLanguage":"en-US"}]}},"_links":{"self":[{"href":"https:\/\/www.haviland.fr\/en\/wp-json\/wp\/v2\/product\/40554","targetHints":{"allow":["GET"]}}],"collection":[{"href":"https:\/\/www.haviland.fr\/en\/wp-json\/wp\/v2\/product"}],"about":[{"href":"https:\/\/www.haviland.fr\/en\/wp-json\/wp\/v2\/types\/product"}],"wp:featuredmedia":[{"embeddable":true,"href":"https:\/\/www.haviland.fr\/en\/wp-json\/wp\/v2\/media\/40555"}],"wp:attachment":[{"href":"https:\/\/www.haviland.fr\/en\/wp-json\/wp\/v2\/media?parent=40554"}],"wp:term":[{"taxonomy":"product_brand","embeddable":true,"href":"https:\/\/www.haviland.fr\/en\/wp-json\/wp\/v2\/product_brand?post=40554"},{"taxonomy":"product_cat","embeddable":true,"href":"https:\/\/www.haviland.fr\/en\/wp-json\/wp\/v2\/product_cat?post=40554"},{"taxonomy":"product_tag","embeddable":true,"href":"https:\/\/www.haviland.fr\/en\/wp-json\/wp\/v2\/product_tag?post=40554"}],"curies":[{"name":"wp","href":"https:\/\/api.w.org\/{rel}","templated":true}]}}