{"id":40536,"date":"2025-07-09T15:14:52","date_gmt":"2025-07-09T14:14:52","guid":{"rendered":"https:\/\/www.haviland.fr\/?post_type=product&#038;p=40536"},"modified":"2026-04-16T17:20:27","modified_gmt":"2026-04-16T16:20:27","slug":"assiette-a-diner-reves-du-nil-pourpre-or-2","status":"publish","type":"product","link":"https:\/\/www.haviland.fr\/en\/la-table\/assiette-a-diner-reves-du-nil-pourpre-or-2\/","title":{"rendered":"Dinner plate R\u00eaves du Nil pourpre or"},"content":{"rendered":"","protected":false},"excerpt":{"rendered":"<p>An invitation to journey through ancient Egypt, the R\u00eaves du Nil collection brings together papyrus, lotus flowers, and palmettes in the colors of the Nile, composed by the Haviland studio with refined mastery of ornamentation.<\/p>\n<p>A central element of the table setting, the dinner plate showcases the main course and can be elegantly placed on the service plate.<\/p>\n<p>REFERENCE : 302886040003<br \/>\nDIMENSIONS : \u00d8 ext : 27cm<\/p>\n<p>Limoges Porcelain<br \/>\nMade in France<\/p>\n","protected":false},"featured_media":40537,"template":"","meta":[],"product_brand":[],"product_cat":[940,947,1131,1132,1143,209,327,210,437],"product_tag":[],"class_list":{"0":"post-40536","1":"product","2":"type-product","3":"status-publish","4":"has-post-thumbnail","6":"product_cat-assiette-en-porcelaine-a-motif","7":"product_cat-assiette-en-porcelaine-moderne","8":"product_cat-assiettes-a-diner","9":"product_cat-assiette-a-diner-et-a-dessert","10":"product_cat-reves-du-nil-pourpre-or","11":"product_cat-la-table","12":"product_cat-les-assiettes","13":"product_cat-les-collections","14":"product_cat-collection-relief","16":"first","17":"instock","18":"taxable","19":"shipping-taxable","20":"purchasable","21":"product-type-simple"},"translation":{"provider":"WPGlobus","version":"3.0.0","language":"en","enabled_languages":["fr","en"],"languages":{"fr":{"title":true,"content":false,"excerpt":true},"en":{"title":true,"content":false,"excerpt":true}}},"yoast_head":"<!-- This site is optimized with the Yoast SEO plugin v24.4 - https:\/\/yoast.com\/wordpress\/plugins\/seo\/ -->\n<title>Dinner plate R\u00eaves du Nil pourpre or - Haviland<\/title>\n<meta name=\"robots\" content=\"index, follow, max-snippet:-1, max-image-preview:large, max-video-preview:-1\" \/>\n<link rel=\"canonical\" href=\"https:\/\/www.haviland.fr\/la-table\/assiette-a-diner-reves-du-nil-pourpre-or-2\/\" \/>\n<meta property=\"og:locale\" content=\"en_US\" \/>\n<meta property=\"og:type\" content=\"article\" \/>\n<meta property=\"og:title\" content=\"Dinner plate R\u00eaves du Nil pourpre or - Haviland\" \/>\n<meta property=\"og:url\" content=\"https:\/\/www.haviland.fr\/la-table\/assiette-a-diner-reves-du-nil-pourpre-or-2\/\" \/>\n<meta property=\"og:site_name\" content=\"Haviland\" \/>\n<meta property=\"article:publisher\" content=\"https:\/\/fr-fr.facebook.com\/havilandofficiel\/\" \/>\n<meta property=\"article:modified_time\" content=\"2026-04-16T16:20:27+00:00\" \/>\n<meta property=\"og:image\" content=\"https:\/\/www.haviland.fr\/app\/uploads\/2025\/07\/Assiette-a-diner-27-cm-Reves-du-Nil-Pourpre-vue-Top.jpg\" \/>\n\t<meta property=\"og:image:width\" content=\"600\" \/>\n\t<meta property=\"og:image:height\" content=\"600\" \/>\n\t<meta property=\"og:image:type\" content=\"image\/jpeg\" \/>\n<meta name=\"twitter:card\" content=\"summary_large_image\" \/>\n<meta name=\"twitter:label1\" content=\"Est. reading time\" \/>\n\t<meta name=\"twitter:data1\" content=\"1 minute\" \/>\n<script type=\"application\/ld+json\" class=\"yoast-schema-graph\">{\"@context\":\"https:\/\/schema.org\",\"@graph\":[{\"@type\":\"WebPage\",\"@id\":\"https:\/\/www.haviland.fr\/la-table\/assiette-a-diner-reves-du-nil-pourpre-or-2\/\",\"url\":\"https:\/\/www.haviland.fr\/la-table\/assiette-a-diner-reves-du-nil-pourpre-or-2\/\",\"name\":\"Dinner plate R\u00eaves du Nil pourpre or - Haviland\",\"isPartOf\":{\"@id\":\"https:\/\/www.haviland.fr\/en\/#website\"},\"primaryImageOfPage\":{\"@id\":\"https:\/\/www.haviland.fr\/la-table\/assiette-a-diner-reves-du-nil-pourpre-or-2\/#primaryimage\"},\"image\":{\"@id\":\"https:\/\/www.haviland.fr\/la-table\/assiette-a-diner-reves-du-nil-pourpre-or-2\/#primaryimage\"},\"thumbnailUrl\":\"https:\/\/www.haviland.fr\/app\/uploads\/2025\/07\/Assiette-a-diner-27-cm-Reves-du-Nil-Pourpre-vue-Top.jpg\",\"datePublished\":\"2025-07-09T14:14:52+00:00\",\"dateModified\":\"2026-04-16T16:20:27+00:00\",\"breadcrumb\":{\"@id\":\"https:\/\/www.haviland.fr\/la-table\/assiette-a-diner-reves-du-nil-pourpre-or-2\/#breadcrumb\"},\"inLanguage\":\"en-US\",\"potentialAction\":[{\"@type\":\"ReadAction\",\"target\":[\"https:\/\/www.haviland.fr\/la-table\/assiette-a-diner-reves-du-nil-pourpre-or-2\/\"]}]},{\"@type\":\"ImageObject\",\"inLanguage\":\"en-US\",\"@id\":\"https:\/\/www.haviland.fr\/la-table\/assiette-a-diner-reves-du-nil-pourpre-or-2\/#primaryimage\",\"url\":\"https:\/\/www.haviland.fr\/app\/uploads\/2025\/07\/Assiette-a-diner-27-cm-Reves-du-Nil-Pourpre-vue-Top.jpg\",\"contentUrl\":\"https:\/\/www.haviland.fr\/app\/uploads\/2025\/07\/Assiette-a-diner-27-cm-Reves-du-Nil-Pourpre-vue-Top.jpg\",\"width\":600,\"height\":600},{\"@type\":\"BreadcrumbList\",\"@id\":\"https:\/\/www.haviland.fr\/la-table\/assiette-a-diner-reves-du-nil-pourpre-or-2\/#breadcrumb\",\"itemListElement\":[{\"@type\":\"ListItem\",\"position\":1,\"name\":\"Accueil\",\"item\":\"https:\/\/www.haviland.fr\/\"},{\"@type\":\"ListItem\",\"position\":2,\"name\":\"E-shop\",\"item\":\"https:\/\/www.haviland.fr\/en\/e-shop\/\"},{\"@type\":\"ListItem\",\"position\":3,\"name\":\"Assiette \u00e0 d\u00eener R\u00eaves du Nil pourpre or\"}]},{\"@type\":\"WebSite\",\"@id\":\"https:\/\/www.haviland.fr\/en\/#website\",\"url\":\"https:\/\/www.haviland.fr\/en\/\",\"name\":\"Haviland\",\"description\":\"Excellence in Limoges porcelain since 1842\",\"potentialAction\":[{\"@type\":\"SearchAction\",\"target\":{\"@type\":\"EntryPoint\",\"urlTemplate\":\"https:\/\/www.haviland.fr\/en\/?s={search_term_string}\"},\"query-input\":{\"@type\":\"PropertyValueSpecification\",\"valueRequired\":true,\"valueName\":\"search_term_string\"}}],\"inLanguage\":\"en-US\"}]}<\/script>\n<!-- \/ Yoast SEO plugin. -->","yoast_head_json":{"title":"Dinner plate R\u00eaves du Nil pourpre or - Haviland","robots":{"index":"index","follow":"follow","max-snippet":"max-snippet:-1","max-image-preview":"max-image-preview:large","max-video-preview":"max-video-preview:-1"},"canonical":"https:\/\/www.haviland.fr\/la-table\/assiette-a-diner-reves-du-nil-pourpre-or-2\/","og_locale":"en_US","og_type":"article","og_title":"Dinner plate R\u00eaves du Nil pourpre or - Haviland","og_url":"https:\/\/www.haviland.fr\/la-table\/assiette-a-diner-reves-du-nil-pourpre-or-2\/","og_site_name":"Haviland","article_publisher":"https:\/\/fr-fr.facebook.com\/havilandofficiel\/","article_modified_time":"2026-04-16T16:20:27+00:00","og_image":[{"width":600,"height":600,"url":"https:\/\/www.haviland.fr\/app\/uploads\/2025\/07\/Assiette-a-diner-27-cm-Reves-du-Nil-Pourpre-vue-Top.jpg","type":"image\/jpeg"}],"twitter_card":"summary_large_image","twitter_misc":{"Est. reading time":"1 minute"},"schema":{"@context":"https:\/\/schema.org","@graph":[{"@type":"WebPage","@id":"https:\/\/www.haviland.fr\/la-table\/assiette-a-diner-reves-du-nil-pourpre-or-2\/","url":"https:\/\/www.haviland.fr\/la-table\/assiette-a-diner-reves-du-nil-pourpre-or-2\/","name":"Dinner plate R\u00eaves du Nil pourpre or - Haviland","isPartOf":{"@id":"https:\/\/www.haviland.fr\/en\/#website"},"primaryImageOfPage":{"@id":"https:\/\/www.haviland.fr\/la-table\/assiette-a-diner-reves-du-nil-pourpre-or-2\/#primaryimage"},"image":{"@id":"https:\/\/www.haviland.fr\/la-table\/assiette-a-diner-reves-du-nil-pourpre-or-2\/#primaryimage"},"thumbnailUrl":"https:\/\/www.haviland.fr\/app\/uploads\/2025\/07\/Assiette-a-diner-27-cm-Reves-du-Nil-Pourpre-vue-Top.jpg","datePublished":"2025-07-09T14:14:52+00:00","dateModified":"2026-04-16T16:20:27+00:00","breadcrumb":{"@id":"https:\/\/www.haviland.fr\/la-table\/assiette-a-diner-reves-du-nil-pourpre-or-2\/#breadcrumb"},"inLanguage":"en-US","potentialAction":[{"@type":"ReadAction","target":["https:\/\/www.haviland.fr\/la-table\/assiette-a-diner-reves-du-nil-pourpre-or-2\/"]}]},{"@type":"ImageObject","inLanguage":"en-US","@id":"https:\/\/www.haviland.fr\/la-table\/assiette-a-diner-reves-du-nil-pourpre-or-2\/#primaryimage","url":"https:\/\/www.haviland.fr\/app\/uploads\/2025\/07\/Assiette-a-diner-27-cm-Reves-du-Nil-Pourpre-vue-Top.jpg","contentUrl":"https:\/\/www.haviland.fr\/app\/uploads\/2025\/07\/Assiette-a-diner-27-cm-Reves-du-Nil-Pourpre-vue-Top.jpg","width":600,"height":600},{"@type":"BreadcrumbList","@id":"https:\/\/www.haviland.fr\/la-table\/assiette-a-diner-reves-du-nil-pourpre-or-2\/#breadcrumb","itemListElement":[{"@type":"ListItem","position":1,"name":"Accueil","item":"https:\/\/www.haviland.fr\/"},{"@type":"ListItem","position":2,"name":"E-shop","item":"https:\/\/www.haviland.fr\/en\/e-shop\/"},{"@type":"ListItem","position":3,"name":"Assiette \u00e0 d\u00eener R\u00eaves du Nil pourpre or"}]},{"@type":"WebSite","@id":"https:\/\/www.haviland.fr\/en\/#website","url":"https:\/\/www.haviland.fr\/en\/","name":"Haviland","description":"Excellence in Limoges porcelain since 1842","potentialAction":[{"@type":"SearchAction","target":{"@type":"EntryPoint","urlTemplate":"https:\/\/www.haviland.fr\/en\/?s={search_term_string}"},"query-input":{"@type":"PropertyValueSpecification","valueRequired":true,"valueName":"search_term_string"}}],"inLanguage":"en-US"}]}},"_links":{"self":[{"href":"https:\/\/www.haviland.fr\/en\/wp-json\/wp\/v2\/product\/40536","targetHints":{"allow":["GET"]}}],"collection":[{"href":"https:\/\/www.haviland.fr\/en\/wp-json\/wp\/v2\/product"}],"about":[{"href":"https:\/\/www.haviland.fr\/en\/wp-json\/wp\/v2\/types\/product"}],"wp:featuredmedia":[{"embeddable":true,"href":"https:\/\/www.haviland.fr\/en\/wp-json\/wp\/v2\/media\/40537"}],"wp:attachment":[{"href":"https:\/\/www.haviland.fr\/en\/wp-json\/wp\/v2\/media?parent=40536"}],"wp:term":[{"taxonomy":"product_brand","embeddable":true,"href":"https:\/\/www.haviland.fr\/en\/wp-json\/wp\/v2\/product_brand?post=40536"},{"taxonomy":"product_cat","embeddable":true,"href":"https:\/\/www.haviland.fr\/en\/wp-json\/wp\/v2\/product_cat?post=40536"},{"taxonomy":"product_tag","embeddable":true,"href":"https:\/\/www.haviland.fr\/en\/wp-json\/wp\/v2\/product_tag?post=40536"}],"curies":[{"name":"wp","href":"https:\/\/api.w.org\/{rel}","templated":true}]}}