{"id":11237,"date":"2018-09-07T09:22:19","date_gmt":"2018-09-07T08:22:19","guid":{"rendered":"https:\/\/www.haviland.fr\/wp\/?post_type=product&#038;p=11237"},"modified":"2026-04-16T17:10:46","modified_gmt":"2026-04-16T16:10:46","slug":"les-presentations-assiette-rose-filet-platine","status":"publish","type":"product","link":"https:\/\/www.haviland.fr\/en\/la-table\/les-collections\/collection-intemporelle\/les-presentations\/les-presentations-assiette-rose-filet-platine\/","title":{"rendered":"Service plate Les Pr\u00e9sentations rose platine"},"content":{"rendered":"","protected":false},"excerpt":{"rendered":"<p>These presentation plates, available in six vibrant shades with a hand-painted gold or platinum border,frame the table with elegance and enhance the beauty of the entire service.<\/p>\n<p>The service plate elegantly sets the table and frames the dinner plate throughout the meal. As the first piece placed, it sets the tone and showcases the d\u00e9cor from the very beginning.<\/p>\n<p>REFERENCE : 300445370025<br \/>\nDIMENSIONS : \u00d8 ext : 31cm &#8211; \u00d8 int : 21cm<\/p>\n<p>Limoges Porcelain<br \/>\nMade in France<\/p>\n","protected":false},"featured_media":29310,"template":"","meta":[],"product_brand":[],"product_cat":[942,567,209,327],"product_tag":[],"class_list":{"0":"post-11237","1":"product","2":"type-product","3":"status-publish","4":"has-post-thumbnail","6":"product_cat-assiette-de-presentation-en-porcelaine","7":"product_cat-les-presentations","8":"product_cat-la-table","9":"product_cat-les-assiettes","11":"first","12":"instock","13":"taxable","14":"shipping-taxable","15":"purchasable","16":"product-type-simple"},"translation":{"provider":"WPGlobus","version":"3.0.0","language":"en","enabled_languages":["fr","en"],"languages":{"fr":{"title":true,"content":false,"excerpt":true},"en":{"title":true,"content":false,"excerpt":true}}},"yoast_head":"<!-- This site is optimized with the Yoast SEO plugin v24.4 - https:\/\/yoast.com\/wordpress\/plugins\/seo\/ -->\n<title>Assiette de pr\u00e9sentation Rose Filet Platine - Haviland<\/title>\n<meta name=\"robots\" content=\"index, follow, max-snippet:-1, max-image-preview:large, max-video-preview:-1\" \/>\n<link rel=\"canonical\" href=\"https:\/\/www.haviland.fr\/la-table\/les-collections\/collection-intemporelle\/les-presentations\/les-presentations-assiette-rose-filet-platine\/\" \/>\n<meta property=\"og:locale\" content=\"en_US\" \/>\n<meta property=\"og:type\" content=\"article\" \/>\n<meta property=\"og:title\" content=\"Service plate Les Pr\u00e9sentations rose platine - Haviland\" \/>\n<meta property=\"og:url\" content=\"https:\/\/www.haviland.fr\/la-table\/les-collections\/collection-intemporelle\/les-presentations\/les-presentations-assiette-rose-filet-platine\/\" \/>\n<meta property=\"og:site_name\" content=\"Haviland\" \/>\n<meta property=\"article:publisher\" content=\"https:\/\/fr-fr.facebook.com\/havilandofficiel\/\" \/>\n<meta property=\"article:modified_time\" content=\"2026-04-16T16:10:46+00:00\" \/>\n<meta property=\"og:image\" content=\"https:\/\/www.haviland.fr\/app\/uploads\/2018\/09\/300445370025_Les_Presentations_Rose_Pink_Assiette_de_presentation_filet_platine_Underplate_platinium_filet.png\" \/>\n\t<meta property=\"og:image:width\" content=\"1200\" \/>\n\t<meta property=\"og:image:height\" content=\"1200\" \/>\n\t<meta property=\"og:image:type\" content=\"image\/png\" \/>\n<meta name=\"twitter:card\" content=\"summary_large_image\" \/>\n<script type=\"application\/ld+json\" class=\"yoast-schema-graph\">{\"@context\":\"https:\/\/schema.org\",\"@graph\":[{\"@type\":\"WebPage\",\"@id\":\"https:\/\/www.haviland.fr\/la-table\/les-collections\/collection-intemporelle\/les-presentations\/les-presentations-assiette-rose-filet-platine\/\",\"url\":\"https:\/\/www.haviland.fr\/la-table\/les-collections\/collection-intemporelle\/les-presentations\/les-presentations-assiette-rose-filet-platine\/\",\"name\":\"Assiette de pr\u00e9sentation Rose Filet Platine - Haviland\",\"isPartOf\":{\"@id\":\"https:\/\/www.haviland.fr\/en\/#website\"},\"primaryImageOfPage\":{\"@id\":\"https:\/\/www.haviland.fr\/la-table\/les-collections\/collection-intemporelle\/les-presentations\/les-presentations-assiette-rose-filet-platine\/#primaryimage\"},\"image\":{\"@id\":\"https:\/\/www.haviland.fr\/la-table\/les-collections\/collection-intemporelle\/les-presentations\/les-presentations-assiette-rose-filet-platine\/#primaryimage\"},\"thumbnailUrl\":\"https:\/\/www.haviland.fr\/app\/uploads\/2018\/09\/300445370025_Les_Presentations_Rose_Pink_Assiette_de_presentation_filet_platine_Underplate_platinium_filet.png\",\"datePublished\":\"2018-09-07T08:22:19+00:00\",\"dateModified\":\"2026-04-16T16:10:46+00:00\",\"description\":\"Collection \u00e9ponymes, incarnent l\u2019essence m\u00eame de la Maison Haviland. D\u00e9couvrez l'assiette de pr\u00e9sentation Rose Filet Platine.\",\"breadcrumb\":{\"@id\":\"https:\/\/www.haviland.fr\/la-table\/les-collections\/collection-intemporelle\/les-presentations\/les-presentations-assiette-rose-filet-platine\/#breadcrumb\"},\"inLanguage\":\"en-US\",\"potentialAction\":[{\"@type\":\"ReadAction\",\"target\":[\"https:\/\/www.haviland.fr\/la-table\/les-collections\/collection-intemporelle\/les-presentations\/les-presentations-assiette-rose-filet-platine\/\"]}]},{\"@type\":\"ImageObject\",\"inLanguage\":\"en-US\",\"@id\":\"https:\/\/www.haviland.fr\/la-table\/les-collections\/collection-intemporelle\/les-presentations\/les-presentations-assiette-rose-filet-platine\/#primaryimage\",\"url\":\"https:\/\/www.haviland.fr\/app\/uploads\/2018\/09\/300445370025_Les_Presentations_Rose_Pink_Assiette_de_presentation_filet_platine_Underplate_platinium_filet.png\",\"contentUrl\":\"https:\/\/www.haviland.fr\/app\/uploads\/2018\/09\/300445370025_Les_Presentations_Rose_Pink_Assiette_de_presentation_filet_platine_Underplate_platinium_filet.png\",\"width\":1200,\"height\":1200},{\"@type\":\"BreadcrumbList\",\"@id\":\"https:\/\/www.haviland.fr\/la-table\/les-collections\/collection-intemporelle\/les-presentations\/les-presentations-assiette-rose-filet-platine\/#breadcrumb\",\"itemListElement\":[{\"@type\":\"ListItem\",\"position\":1,\"name\":\"Accueil\",\"item\":\"https:\/\/www.haviland.fr\/\"},{\"@type\":\"ListItem\",\"position\":2,\"name\":\"E-shop\",\"item\":\"https:\/\/www.haviland.fr\/en\/e-shop\/\"},{\"@type\":\"ListItem\",\"position\":3,\"name\":\"Assiette de pr\u00e9sentation Les Pr\u00e9sentations rose platine\"}]},{\"@type\":\"WebSite\",\"@id\":\"https:\/\/www.haviland.fr\/en\/#website\",\"url\":\"https:\/\/www.haviland.fr\/en\/\",\"name\":\"Haviland\",\"description\":\"Excellence in Limoges porcelain since 1842\",\"potentialAction\":[{\"@type\":\"SearchAction\",\"target\":{\"@type\":\"EntryPoint\",\"urlTemplate\":\"https:\/\/www.haviland.fr\/en\/?s={search_term_string}\"},\"query-input\":{\"@type\":\"PropertyValueSpecification\",\"valueRequired\":true,\"valueName\":\"search_term_string\"}}],\"inLanguage\":\"en-US\"}]}<\/script>\n<!-- \/ Yoast SEO plugin. -->","yoast_head_json":{"title":"Assiette de pr\u00e9sentation Rose Filet Platine - Haviland","robots":{"index":"index","follow":"follow","max-snippet":"max-snippet:-1","max-image-preview":"max-image-preview:large","max-video-preview":"max-video-preview:-1"},"canonical":"https:\/\/www.haviland.fr\/la-table\/les-collections\/collection-intemporelle\/les-presentations\/les-presentations-assiette-rose-filet-platine\/","og_locale":"en_US","og_type":"article","og_title":"Service plate Les Pr\u00e9sentations rose platine - Haviland","og_url":"https:\/\/www.haviland.fr\/la-table\/les-collections\/collection-intemporelle\/les-presentations\/les-presentations-assiette-rose-filet-platine\/","og_site_name":"Haviland","article_publisher":"https:\/\/fr-fr.facebook.com\/havilandofficiel\/","article_modified_time":"2026-04-16T16:10:46+00:00","og_image":[{"width":1200,"height":1200,"url":"https:\/\/www.haviland.fr\/app\/uploads\/2018\/09\/300445370025_Les_Presentations_Rose_Pink_Assiette_de_presentation_filet_platine_Underplate_platinium_filet.png","type":"image\/png"}],"twitter_card":"summary_large_image","schema":{"@context":"https:\/\/schema.org","@graph":[{"@type":"WebPage","@id":"https:\/\/www.haviland.fr\/la-table\/les-collections\/collection-intemporelle\/les-presentations\/les-presentations-assiette-rose-filet-platine\/","url":"https:\/\/www.haviland.fr\/la-table\/les-collections\/collection-intemporelle\/les-presentations\/les-presentations-assiette-rose-filet-platine\/","name":"Assiette de pr\u00e9sentation Rose Filet Platine - Haviland","isPartOf":{"@id":"https:\/\/www.haviland.fr\/en\/#website"},"primaryImageOfPage":{"@id":"https:\/\/www.haviland.fr\/la-table\/les-collections\/collection-intemporelle\/les-presentations\/les-presentations-assiette-rose-filet-platine\/#primaryimage"},"image":{"@id":"https:\/\/www.haviland.fr\/la-table\/les-collections\/collection-intemporelle\/les-presentations\/les-presentations-assiette-rose-filet-platine\/#primaryimage"},"thumbnailUrl":"https:\/\/www.haviland.fr\/app\/uploads\/2018\/09\/300445370025_Les_Presentations_Rose_Pink_Assiette_de_presentation_filet_platine_Underplate_platinium_filet.png","datePublished":"2018-09-07T08:22:19+00:00","dateModified":"2026-04-16T16:10:46+00:00","description":"Collection \u00e9ponymes, incarnent l\u2019essence m\u00eame de la Maison Haviland. D\u00e9couvrez l'assiette de pr\u00e9sentation Rose Filet Platine.","breadcrumb":{"@id":"https:\/\/www.haviland.fr\/la-table\/les-collections\/collection-intemporelle\/les-presentations\/les-presentations-assiette-rose-filet-platine\/#breadcrumb"},"inLanguage":"en-US","potentialAction":[{"@type":"ReadAction","target":["https:\/\/www.haviland.fr\/la-table\/les-collections\/collection-intemporelle\/les-presentations\/les-presentations-assiette-rose-filet-platine\/"]}]},{"@type":"ImageObject","inLanguage":"en-US","@id":"https:\/\/www.haviland.fr\/la-table\/les-collections\/collection-intemporelle\/les-presentations\/les-presentations-assiette-rose-filet-platine\/#primaryimage","url":"https:\/\/www.haviland.fr\/app\/uploads\/2018\/09\/300445370025_Les_Presentations_Rose_Pink_Assiette_de_presentation_filet_platine_Underplate_platinium_filet.png","contentUrl":"https:\/\/www.haviland.fr\/app\/uploads\/2018\/09\/300445370025_Les_Presentations_Rose_Pink_Assiette_de_presentation_filet_platine_Underplate_platinium_filet.png","width":1200,"height":1200},{"@type":"BreadcrumbList","@id":"https:\/\/www.haviland.fr\/la-table\/les-collections\/collection-intemporelle\/les-presentations\/les-presentations-assiette-rose-filet-platine\/#breadcrumb","itemListElement":[{"@type":"ListItem","position":1,"name":"Accueil","item":"https:\/\/www.haviland.fr\/"},{"@type":"ListItem","position":2,"name":"E-shop","item":"https:\/\/www.haviland.fr\/en\/e-shop\/"},{"@type":"ListItem","position":3,"name":"Assiette de pr\u00e9sentation Les Pr\u00e9sentations rose platine"}]},{"@type":"WebSite","@id":"https:\/\/www.haviland.fr\/en\/#website","url":"https:\/\/www.haviland.fr\/en\/","name":"Haviland","description":"Excellence in Limoges porcelain since 1842","potentialAction":[{"@type":"SearchAction","target":{"@type":"EntryPoint","urlTemplate":"https:\/\/www.haviland.fr\/en\/?s={search_term_string}"},"query-input":{"@type":"PropertyValueSpecification","valueRequired":true,"valueName":"search_term_string"}}],"inLanguage":"en-US"}]}},"_links":{"self":[{"href":"https:\/\/www.haviland.fr\/en\/wp-json\/wp\/v2\/product\/11237","targetHints":{"allow":["GET"]}}],"collection":[{"href":"https:\/\/www.haviland.fr\/en\/wp-json\/wp\/v2\/product"}],"about":[{"href":"https:\/\/www.haviland.fr\/en\/wp-json\/wp\/v2\/types\/product"}],"wp:featuredmedia":[{"embeddable":true,"href":"https:\/\/www.haviland.fr\/en\/wp-json\/wp\/v2\/media\/29310"}],"wp:attachment":[{"href":"https:\/\/www.haviland.fr\/en\/wp-json\/wp\/v2\/media?parent=11237"}],"wp:term":[{"taxonomy":"product_brand","embeddable":true,"href":"https:\/\/www.haviland.fr\/en\/wp-json\/wp\/v2\/product_brand?post=11237"},{"taxonomy":"product_cat","embeddable":true,"href":"https:\/\/www.haviland.fr\/en\/wp-json\/wp\/v2\/product_cat?post=11237"},{"taxonomy":"product_tag","embeddable":true,"href":"https:\/\/www.haviland.fr\/en\/wp-json\/wp\/v2\/product_tag?post=11237"}],"curies":[{"name":"wp","href":"https:\/\/api.w.org\/{rel}","templated":true}]}}