{"id":9869,"date":"2018-01-24T14:30:21","date_gmt":"2018-01-24T13:30:21","guid":{"rendered":"https:\/\/www.haviland.fr\/wp\/?page_id=9869"},"modified":"2024-09-11T11:09:00","modified_gmt":"2024-09-11T10:09:00","slug":"savoir-faire","status":"publish","type":"page","link":"https:\/\/www.haviland.fr\/en\/savoir-faire\/","title":{"rendered":"Know-How"},"content":{"rendered":"<div class=\"wpb-content-wrapper\"><p>[vc_row type=&#8221;boxed&#8221; css=&#8221;.vc_custom_1550656957439{margin-top: 50px !important;margin-bottom: 50px !important;}&#8221;][vc_column offset=&#8221;vc_col-lg-offset-3 vc_col-lg-6&#8243;]<div id=\"ultimate-heading-1769fbeea9bc8cf\" class=\"uvc-heading ult-adjust-bottom-margin ultimate-heading-1769fbeea9bc8cf uvc-6391 \" data-hspacer=\"no_spacer\"  data-halign=\"center\" style=\"text-align:center\"><div class=\"uvc-heading-spacer no_spacer\" style=\"top\"><\/div><div class=\"uvc-main-heading ult-responsive\"  data-ultimate-target='.uvc-heading.ultimate-heading-1769fbeea9bc8cf h1'  data-responsive-json-new='{\"font-size\":\"desktop:24px;\",\"line-height\":\"\"}' ><h1 style=\"font-weight:normal;margin-bottom:25px;\">Limoges Porcelain : Haviland's Know-How<\/h1><\/div><div class=\"uvc-sub-heading ult-responsive\"  data-ultimate-target='.uvc-heading.ultimate-heading-1769fbeea9bc8cf .uvc-sub-heading '  data-responsive-json-new='{\"font-size\":\"desktop:16px;\",\"line-height\":\"\"}'  style=\"font-weight:normal;\">Haviland porcelain has always combined modern demands with creative craftsmanship. The finishing and decorating artistic work are all realized by hand, by highly skilled and truly passionate artists.<\/p>\n<p><\/div><\/div>[\/vc_column][\/vc_row][vc_row type=&#8221;full-nopad&#8221; css=&#8221;.vc_custom_1549893890551{margin-bottom: 60px !important;background-color: #f5f5f5 !important;}&#8221;][vc_column offset=&#8221;vc_col-lg-offset-3 vc_col-lg-6&#8243; css=&#8221;.vc_custom_1550153805229{margin-top: 50px !important;margin-bottom: 50px !important;background-image: url(https:\/\/haviland.dailyagency.fr\/\/srv\/www\/haviland.fr\/releases\/20250508150658\/web\/app\/uploads\/2019\/02\/HAVILAND-savoir-faire-2_6_1-1.mp4?id=11561) !important;}&#8221;][vc_raw_html css=&#8221;&#8221;]JTNDdmlkZW8lMjB3aWR0aCUzRCUyMjEwMCUyNSUyMiUyMGNvbnRyb2xzJTNEJTIyJTIyJTIwcG9zdGVyJTNEJTIyaHR0cHMlM0ElMkYlMkZoYXZpbGFuZC5mciUyRmFwcCUyRnVwbG9hZHMlMkYyMDI0JTJGMDklMkZTRi1DYXZhbGllci1Sb3lhbC0yNS1zY2FsZWQuanBnJTIyJTNFJTBBJTIwJTIwJTNDc291cmNlJTIwc3JjJTNEJTIyaHR0cHMlM0ElMkYlMkZoYXZpbGFuZC5mciUyRmFwcCUyRnVwbG9hZHMlMkYyMDI0JTJGMDglMkZIQVZJTEFORF9TQVZPSVJfRkFJUkV2Ny5tcDQlMjIlMjB0eXBlJTNEJTIydmlkZW8lMkZtcDQlMjIlM0UlMEElMjAlMjBZb3VyJTIwYnJvd3NlciUyMGRvZXMlMjBub3QlMjBzdXBwb3J0JTIwdGhlJTIwdmlkZW8lMjB0YWcuJTBBJTNDJTJGdmlkZW8lM0U=[\/vc_raw_html][\/vc_column][\/vc_row][vc_row][vc_column width=&#8221;5\/6&#8243; offset=&#8221;vc_col-lg-offset-1 vc_col-md-offset-1&#8243; css=&#8221;.vc_custom_1549902480169{margin-bottom: 30px !important;}&#8221;][vc_row_inner css=&#8221;.vc_custom_1549902440792{margin-bottom: 20px !important;}&#8221;][vc_column_inner width=&#8221;2\/3&#8243;]<div id=\"ultimate-heading-97769fbeea9bc8ff\" class=\"uvc-heading ult-adjust-bottom-margin ultimate-heading-97769fbeea9bc8ff uvc-9199 \" data-hspacer=\"no_spacer\"  data-halign=\"left\" style=\"text-align:left\"><div class=\"uvc-heading-spacer no_spacer\" style=\"top\"><\/div><div class=\"uvc-main-heading ult-responsive\"  data-ultimate-target='.uvc-heading.ultimate-heading-97769fbeea9bc8ff h2'  data-responsive-json-new='{\"font-size\":\"desktop:25px;\",\"line-height\":\"desktop:25px;\"}' ><h2 style=\"font-weight:normal;color:#333333;margin-bottom:45px;\">RAW PORCELAIN<\/h2><\/div><\/div>[vc_column_text]Kaolin, feldspar and quartz are the principal components of porcelain. These items are placed in a grinder where they are crushed and mixed with water. The mixing takes several hours. Depending on the manufacturing process, three consistencies of porcelain solution are used:<\/p>\n<ul>\n<li>For jiggering, a soft mixture<\/li>\n<li>For casting, a liquid form called \u00ab barbotine\u00bb<\/li>\n<li>For pressing, a dry granulated mixture<\/li>\n<\/ul>\n<p>[\/vc_column_text][\/vc_column_inner][vc_column_inner width=&#8221;1\/3&#8243; offset=&#8221;vc_hidden-xs&#8221;][vc_single_image image=&#8221;12089&#8243; img_size=&#8221;full&#8221; el_class=&#8221;img-relative&#8221;][\/vc_column_inner][\/vc_row_inner][\/vc_column][\/vc_row][vc_row css=&#8221;.vc_custom_1550657067020{margin-top: 30px !important;margin-bottom: 30px !important;padding-top: 50px !important;padding-bottom: 50px !important;background-color: #f5f5f5 !important;}&#8221;][vc_column width=&#8221;5\/6&#8243; offset=&#8221;vc_col-lg-offset-1 vc_col-md-offset-1&#8243;][vc_row_inner][vc_column_inner width=&#8221;1\/3&#8243; css=&#8221;.vc_custom_1550660495301{margin-bottom: 20px !important;}&#8221;][vc_single_image image=&#8221;12090&#8243; img_size=&#8221;full&#8221; alignment=&#8221;right&#8221;][\/vc_column_inner][vc_column_inner width=&#8221;2\/3&#8243;]<div id=\"ultimate-heading-986069fbeea9bc91a\" class=\"uvc-heading ult-adjust-bottom-margin ultimate-heading-986069fbeea9bc91a uvc-467 \" data-hspacer=\"no_spacer\"  data-halign=\"right\" style=\"text-align:right\"><div class=\"uvc-heading-spacer no_spacer\" style=\"top\"><\/div><div class=\"uvc-main-heading ult-responsive\"  data-ultimate-target='.uvc-heading.ultimate-heading-986069fbeea9bc91a h2'  data-responsive-json-new='{\"font-size\":\"desktop:25px;\",\"line-height\":\"desktop:25px;\"}' ><h2 style=\"font-weight:normal;color:#333333;margin-bottom:45px;\">THE CREATION OF MODELS AND MOULDS<\/h2><\/div><div class=\"uvc-sub-heading ult-responsive\"  data-ultimate-target='.uvc-heading.ultimate-heading-986069fbeea9bc91a .uvc-sub-heading '  data-responsive-json-new='{\"font-size\":\"desktop:16px;\",\"line-height\":\"\"}'  style=\"font-weight:normal;\">Everything begins in the modeling workshop. An artist sculpts original creations in plaster. Time-consuming effort and delicate work are necessary to perfect these forms. This is followed by the creation of production moulds, which are produced in plaster from the original models.<\/div><\/div>[\/vc_column_inner][\/vc_row_inner][\/vc_column][\/vc_row][vc_row][vc_column width=&#8221;5\/6&#8243; offset=&#8221;vc_col-lg-offset-1 vc_col-md-offset-1&#8243;][vc_row_inner css=&#8221;.vc_custom_1550660314785{margin-top: 25px !important;margin-bottom: 20px !important;}&#8221;][vc_column_inner]<div id=\"ultimate-heading-127569fbeea9bc931\" class=\"uvc-heading ult-adjust-bottom-margin ultimate-heading-127569fbeea9bc931 uvc-9751 \" data-hspacer=\"no_spacer\"  data-halign=\"center\" style=\"text-align:center\"><div class=\"uvc-heading-spacer no_spacer\" style=\"top\"><\/div><div class=\"uvc-main-heading ult-responsive\"  data-ultimate-target='.uvc-heading.ultimate-heading-127569fbeea9bc931 h2'  data-responsive-json-new='{\"font-size\":\"desktop:25px;\",\"line-height\":\"desktop:25px;\"}' ><h2 style=\"font-weight:normal;color:#333333;margin-bottom:30px;\">MANUFACTURING<\/h2><\/div><\/div>[\/vc_column_inner][\/vc_row_inner][vc_row_inner content_placement=&#8221;top&#8221;][vc_column_inner width=&#8221;1\/2&#8243;][vc_column_text]<strong>Jiggering<\/strong><br \/>\nThe mould gives the exterior shape to each piece while a steel calibrator creates the interior shape.<br \/>\n<strong><br \/>\nCasting <\/strong><br \/>\nPieces with more complex shapes are produced through casting. The liquid clay flows evenly over the walls of the mould and dries. When the desired thickness is achieved the excess clay is eliminated.<\/p>\n<p><strong>Pressing<\/strong><br \/>\nPieces are pressed in a mould with a dry, grainy mixture.<\/p>\n<p><strong>Garnishing<\/strong><br \/>\nHandles, spouts and knobs moulded independently, are glued to finished pieces using a liquid mixture of similar composition.<\/p>\n<p><strong>Finishing<\/strong><br \/>\nAfter drying, the finishing process removes \u00abseams\u00bb left by the mould. Each piece is now perfectly smooth.[\/vc_column_text][\/vc_column_inner][vc_column_inner width=&#8221;1\/2&#8243; css=&#8221;.vc_custom_1550660397763{margin-top: 50px !important;}&#8221;][vc_column_text]<strong>The &#8220;degourdi&#8221; firing<\/strong><br \/>\nAt this stage, the porcelain undergoes its first firing at approximately 950\u00b0C. This firing gives porcelain resistance and makes it porous, a necessity for enameling.<\/p>\n<p><strong>Enameling<\/strong><br \/>\nSilica, pegmatite, kaolin and lime are mixed with water. The porcelain is plunged into this enamel mixture that gives it brilliance, sheen and translucency.<\/p>\n<p><strong>The &#8220;Grand Feu&#8221; firing<\/strong><br \/>\nThe second firing lasts for about 24 hours at a final temperature of 1,400\u00b0C and produces physical changes that allow the enamel to fuse with the porcelain body. Enameled porcelain pieces are referred to as \u00able blanc\u00bb. A quality control is performed on each item before it is sent to the decoration workshop.[\/vc_column_text][\/vc_column_inner][\/vc_row_inner][\/vc_column][\/vc_row][vc_row css=&#8221;.vc_custom_1550656530047{margin-top: 30px !important;margin-bottom: 30px !important;padding-top: 50px !important;padding-bottom: 50px !important;background-color: #f5f5f5 !important;}&#8221;][vc_column width=&#8221;5\/6&#8243; offset=&#8221;vc_col-lg-offset-1 vc_col-md-offset-1&#8243; css=&#8221;.vc_custom_1549902480169{margin-bottom: 30px !important;}&#8221;][vc_row_inner css=&#8221;.vc_custom_1549902440792{margin-bottom: 20px !important;}&#8221;][vc_column_inner width=&#8221;2\/3&#8243;]<div id=\"ultimate-heading-952969fbeea9bc945\" class=\"uvc-heading ult-adjust-bottom-margin ultimate-heading-952969fbeea9bc945 uvc-7941 \" data-hspacer=\"no_spacer\"  data-halign=\"left\" style=\"text-align:left\"><div class=\"uvc-heading-spacer no_spacer\" style=\"top\"><\/div><div class=\"uvc-main-heading ult-responsive\"  data-ultimate-target='.uvc-heading.ultimate-heading-952969fbeea9bc945 h2'  data-responsive-json-new='{\"font-size\":\"desktop:25px;\",\"line-height\":\"desktop:25px;\"}' ><h2 style=\"font-weight:normal;color:#333333;margin-bottom:25px;\">THE CREATION OF DECOR<\/h2><\/div><div class=\"uvc-sub-heading ult-responsive\"  data-ultimate-target='.uvc-heading.ultimate-heading-952969fbeea9bc945 .uvc-sub-heading '  data-responsive-json-new='{\"font-size\":\"desktop:16px;\",\"line-height\":\"\"}'  style=\"font-weight:normal;margin-bottom:15px;\">THE CHROMOLITHOGRAPHY ATELIER<\/div><\/div>[vc_column_text]The Maison Haviland owns a Chromolithography printing atelier to master the excellence of the pattern. To adapt to the different forms with harmony, and to reveal the colours with alchemy of the kiln, require rigour and exigency. The know-how, the experience and the skills of the artisans of the Haviland Manufacturer, are essential to master all these constraints and to guarantee an optimal quality of realization.[\/vc_column_text][vc_empty_space height=&#8221;25&#8243;]<div id=\"ultimate-heading-191769fbeea9bc95a\" class=\"uvc-heading ult-adjust-bottom-margin ultimate-heading-191769fbeea9bc95a uvc-99 \" data-hspacer=\"no_spacer\"  data-halign=\"left\" style=\"text-align:left\"><div class=\"uvc-heading-spacer no_spacer\" style=\"top\"><\/div><div class=\"uvc-sub-heading ult-responsive\"  data-ultimate-target='.uvc-heading.ultimate-heading-191769fbeea9bc95a .uvc-sub-heading '  data-responsive-json-new='{\"font-size\":\"desktop:16px;\",\"line-height\":\"\"}'  style=\"font-weight:normal;margin-bottom:15px;\">THE SCREEN PRINTING<\/div><\/div>[vc_column_text]is a printing technique that uses silk screens interposed between the ink and the support to print colours composed of mineral pigment or plants. The Haviland laboratory conducts research to find the most innovative solutions to create bespoke projects. From the traditional \u201cbleu de four\u201d that has made the reputation of the Limoges Porcelain, to the organic colours with the reactive enamel effects, the Maison Haviland works on the colours as a true artisan.[\/vc_column_text][\/vc_column_inner][vc_column_inner width=&#8221;1\/3&#8243; css=&#8221;.vc_custom_1550656595388{padding-top: 50px !important;}&#8221;][vc_single_image image=&#8221;12088&#8243; img_size=&#8221;full&#8221; alignment=&#8221;center&#8221;][\/vc_column_inner][\/vc_row_inner][vc_row_inner css=&#8221;.vc_custom_1550657474000{margin-top: 25px !important;margin-bottom: 25px !important;}&#8221;][vc_column_inner css=&#8221;.vc_custom_1550668013862{margin-top: 25px !important;}&#8221;][vc_column_text]<\/p>\n<p><em>The magical know-how of the Manufacturer continues to perpetuate with the same brilliance.<\/em><\/p>\n<p>[\/vc_column_text][\/vc_column_inner][\/vc_row_inner][\/vc_column][\/vc_row][vc_row content_placement=&#8221;middle&#8221; css=&#8221;.vc_custom_1550657444513{margin-top: 30px !important;margin-right: 20px !important;margin-bottom: 30px !important;margin-left: 20px !important;background-color: #ffffff !important;}&#8221;][vc_column offset=&#8221;vc_col-lg-offset-0 vc_col-md-offset-0&#8243; css=&#8221;.vc_custom_1550657356709{margin-top: 40px !important;margin-bottom: 40px !important;}&#8221;][vc_row_inner content_placement=&#8221;middle&#8221;][vc_column_inner width=&#8221;1\/3&#8243; css=&#8221;.vc_custom_1550660441232{margin-bottom: 20px !important;}&#8221;][vc_single_image image=&#8221;12087&#8243; img_size=&#8221;full&#8221; alignment=&#8221;right&#8221;][\/vc_column_inner][vc_column_inner width=&#8221;2\/3&#8243;]<div id=\"ultimate-heading-142769fbeea9bc96f\" class=\"uvc-heading ult-adjust-bottom-margin ultimate-heading-142769fbeea9bc96f uvc-5799 \" data-hspacer=\"no_spacer\"  data-halign=\"left\" style=\"text-align:left\"><div class=\"uvc-heading-spacer no_spacer\" style=\"top\"><\/div><div class=\"uvc-main-heading ult-responsive\"  data-ultimate-target='.uvc-heading.ultimate-heading-142769fbeea9bc96f h2'  data-responsive-json-new='{\"font-size\":\"desktop:25px;\",\"line-height\":\"desktop:25px;\"}' ><h2 style=\"font-weight:normal;color:#333333;margin-bottom:25px;\">INCRUSTATIONS<\/h2><\/div><div class=\"uvc-sub-heading ult-responsive\"  data-ultimate-target='.uvc-heading.ultimate-heading-142769fbeea9bc96f .uvc-sub-heading '  data-responsive-json-new='{\"font-size\":\"desktop:16px;\",\"line-height\":\"desktop:25px;\"}'  style=\"font-weight:normal;margin-bottom:15px;\">Ces joyaux de porcelaine demandent talent artistique, minutie et de longues heures de travail. En effet, pas moins de 11 \u00e9tapes sont n\u00e9cessaires pour obtenir ces merveilles.<\/p>\n<p>Une premi\u00e8re op\u00e9ration consiste \u00e0 prot\u00e9ger par un vernis les parties qui ne seront pas incrust\u00e9es. La pi\u00e8ce est plong\u00e9e dans un bain d\u2019acide qui attaque l\u2019\u00e9mail et laisse en relief les parties qui seront polies. La pi\u00e8ce est ensuite nettoy\u00e9e.<\/p>\n<p>The porcelain jewels require artistic talent, delicacy and long hours of hard work. No less than eleven painstaking steps are required to create these marvels. A protecting coating is applied to all areas of the porcelain that will not be encrusted. The piece is plunged into an acid bath that etches the enamel and leaves in relief, the areas to be polished. The piece is then cleaned. A first coat of brilliant gold is applied with a brush. The piece is then fired at a temperature of 810\u00b0C. A second coat of matt gold is then applied and the piece is fired again at 850\u00b0C. The gold is gently rubbed with very fine sand, to accentuate the difference between the matt area (engraved portion) and the brilliant area (the non-engraved portion of the decor).<\/p>\n<p>Among the exceptional inlay collections, the Maison Haviland presents prestigious museum reproductions: Feuille d\u2019Or (1912), Grand Apparat (1883), and patterns inspired by unique oriental fabrics and ornaments of the 12th &amp; 13th centuries: Bassora.<\/div><\/div>[\/vc_column_inner][\/vc_row_inner][\/vc_column][\/vc_row]<\/p>\n<\/div>","protected":false},"excerpt":{"rendered":"<p>[vc_row type=&#8221;boxed&#8221; css=&#8221;.vc_custom_1550656957439{margin-top: 50px !important;margin-bottom: 50px !important;}&#8221;][vc_column offset=&#8221;vc_col-lg-offset-3 vc_col-lg-6&#8243;][\/vc_column][\/vc_row][vc_row type=&#8221;full-nopad&#8221; css=&#8221;.vc_custom_1549893890551{margin-bottom: 60px !important;background-color: #f5f5f5 !important;}&#8221;][vc_column offset=&#8221;vc_col-lg-offset-3 vc_col-lg-6&#8243; css=&#8221;.vc_custom_1550153805229{margin-top: 50px !important;margin-bottom: 50px !important;background-image: url(https:\/\/haviland.dailyagency.fr\/\/srv\/www\/haviland.fr\/releases\/20250508150658\/web\/app\/uploads\/2019\/02\/HAVILAND-savoir-faire-2_6_1-1.mp4?id=11561) !important;}&#8221;][vc_raw_html css=&#8221;&#8221;]JTNDdmlkZW8lMjB3aWR0aCUzRCUyMjEwMCUyNSUyMiUyMGNvbnRyb2xzJTNEJTIyJTIyJTIwcG9zdGVyJTNEJTIyaHR0cHMlM0ElMkYlMkZoYXZpbGFuZC5mciUyRmFwcCUyRnVwbG9hZHMlMkYyMDI0JTJGMDklMkZTRi1DYXZhbGllci1Sb3lhbC0yNS1zY2FsZWQuanBnJTIyJTNFJTBBJTIwJTIwJTNDc291cmNlJTIwc3JjJTNEJTIyaHR0cHMlM0ElMkYlMkZoYXZpbGFuZC5mciUyRmFwcCUyRnVwbG9hZHMlMkYyMDI0JTJGMDglMkZIQVZJTEFORF9TQVZPSVJfRkFJUkV2Ny5tcDQlMjIlMjB0eXBlJTNEJTIydmlkZW8lMkZtcDQlMjIlM0UlMEElMjAlMjBZb3VyJTIwYnJvd3NlciUyMGRvZXMlMjBub3QlMjBzdXBwb3J0JTIwdGhlJTIwdmlkZW8lMjB0YWcuJTBBJTNDJTJGdmlkZW8lM0U=[\/vc_raw_html][\/vc_column][\/vc_row][vc_row][vc_column width=&#8221;5\/6&#8243; offset=&#8221;vc_col-lg-offset-1 vc_col-md-offset-1&#8243; css=&#8221;.vc_custom_1549902480169{margin-bottom: 30px !important;}&#8221;][vc_row_inner css=&#8221;.vc_custom_1549902440792{margin-bottom: 20px !important;}&#8221;][vc_column_inner width=&#8221;2\/3&#8243;][vc_column_text]Kaolin, feldspar and quartz are the principal components of porcelain. These items are placed in a grinder where they are crushed &hellip;<\/p>\n","protected":false},"author":50,"featured_media":0,"parent":0,"menu_order":0,"comment_status":"closed","ping_status":"closed","template":"templates\/page-full.php","meta":{"footnotes":""},"class_list":["post-9869","page","type-page","status-publish","hentry"],"translation":{"provider":"WPGlobus","version":"3.0.0","language":"en","enabled_languages":["fr","en"],"languages":{"fr":{"title":true,"content":true,"excerpt":false},"en":{"title":true,"content":true,"excerpt":false}}},"yoast_head":"<!-- This site is optimized with the Yoast SEO plugin v24.4 - https:\/\/yoast.com\/wordpress\/plugins\/seo\/ -->\n<title>Limoges Porcelain : Haviland&#039;s Know-How<\/title>\n<meta name=\"robots\" content=\"index, follow, max-snippet:-1, max-image-preview:large, max-video-preview:-1\" \/>\n<link rel=\"canonical\" href=\"https:\/\/www.haviland.fr\/savoir-faire\/\" \/>\n<meta property=\"og:locale\" content=\"en_US\" \/>\n<meta property=\"og:type\" content=\"article\" \/>\n<meta property=\"og:title\" content=\"Porcelaine de Limoges : Le savoir-faire Haviland\" \/>\n<meta property=\"og:description\" content=\"Haviland a toujours su allier les exigences du modernisme \u00e0 la cr\u00e9ativit\u00e9 artisanale.\" \/>\n<meta property=\"og:url\" content=\"https:\/\/www.haviland.fr\/savoir-faire\/\" \/>\n<meta property=\"og:site_name\" content=\"Haviland\" \/>\n<meta property=\"article:publisher\" content=\"https:\/\/fr-fr.facebook.com\/havilandofficiel\/\" \/>\n<meta property=\"article:modified_time\" content=\"2024-09-11T10:09:00+00:00\" \/>\n<meta property=\"og:image\" content=\"https:\/\/www.haviland.fr\/wp-content\/uploads\/2019\/02\/gravur-porcelaine.jpg\" \/>\n\t<meta property=\"og:image:width\" content=\"500\" \/>\n\t<meta property=\"og:image:height\" content=\"331\" \/>\n\t<meta property=\"og:image:type\" content=\"image\/jpeg\" \/>\n<meta name=\"twitter:card\" content=\"summary_large_image\" \/>\n<meta name=\"twitter:label1\" content=\"Est. reading time\" \/>\n\t<meta name=\"twitter:data1\" content=\"5 minutes\" \/>\n<script type=\"application\/ld+json\" class=\"yoast-schema-graph\">{\"@context\":\"https:\/\/schema.org\",\"@graph\":[{\"@type\":\"WebPage\",\"@id\":\"https:\/\/www.haviland.fr\/savoir-faire\/\",\"url\":\"https:\/\/www.haviland.fr\/savoir-faire\/\",\"name\":\"Porcelaine de Limoges : Le savoir-faire Haviland\",\"isPartOf\":{\"@id\":\"https:\/\/www.haviland.fr\/en\/#website\"},\"datePublished\":\"2018-01-24T13:30:21+00:00\",\"dateModified\":\"2024-09-11T10:09:00+00:00\",\"description\":\"Porcelaine de Limoges, quelle que soit l\u2019\u00e9poque, la manufacture Haviland a toujours su allier les exigences du modernisme \u00e0 la cr\u00e9ativit\u00e9 artisanale.\",\"breadcrumb\":{\"@id\":\"https:\/\/www.haviland.fr\/savoir-faire\/#breadcrumb\"},\"inLanguage\":\"en-US\",\"potentialAction\":[{\"@type\":\"ReadAction\",\"target\":[\"https:\/\/www.haviland.fr\/savoir-faire\/\"]}]},{\"@type\":\"BreadcrumbList\",\"@id\":\"https:\/\/www.haviland.fr\/savoir-faire\/#breadcrumb\",\"itemListElement\":[{\"@type\":\"ListItem\",\"position\":1,\"name\":\"Accueil\",\"item\":\"https:\/\/www.haviland.fr\/\"},{\"@type\":\"ListItem\",\"position\":2,\"name\":\"Le Savoir Faire\"}]},{\"@type\":\"WebSite\",\"@id\":\"https:\/\/www.haviland.fr\/en\/#website\",\"url\":\"https:\/\/www.haviland.fr\/en\/\",\"name\":\"Haviland\",\"description\":\"Excellence in Limoges porcelain since 1842\",\"potentialAction\":[{\"@type\":\"SearchAction\",\"target\":{\"@type\":\"EntryPoint\",\"urlTemplate\":\"https:\/\/www.haviland.fr\/en\/?s={search_term_string}\"},\"query-input\":{\"@type\":\"PropertyValueSpecification\",\"valueRequired\":true,\"valueName\":\"search_term_string\"}}],\"inLanguage\":\"en-US\"}]}<\/script>\n<!-- \/ Yoast SEO plugin. -->","yoast_head_json":{"title":"Limoges Porcelain : Haviland's Know-How","robots":{"index":"index","follow":"follow","max-snippet":"max-snippet:-1","max-image-preview":"max-image-preview:large","max-video-preview":"max-video-preview:-1"},"canonical":"https:\/\/www.haviland.fr\/savoir-faire\/","og_locale":"en_US","og_type":"article","og_title":"Porcelaine de Limoges : Le savoir-faire Haviland","og_description":"Haviland a toujours su allier les exigences du modernisme \u00e0 la cr\u00e9ativit\u00e9 artisanale.","og_url":"https:\/\/www.haviland.fr\/savoir-faire\/","og_site_name":"Haviland","article_publisher":"https:\/\/fr-fr.facebook.com\/havilandofficiel\/","article_modified_time":"2024-09-11T10:09:00+00:00","og_image":[{"width":500,"height":331,"url":"https:\/\/www.haviland.fr\/wp-content\/uploads\/2019\/02\/gravur-porcelaine.jpg","type":"image\/jpeg"}],"twitter_card":"summary_large_image","twitter_misc":{"Est. reading time":"5 minutes"},"schema":{"@context":"https:\/\/schema.org","@graph":[{"@type":"WebPage","@id":"https:\/\/www.haviland.fr\/savoir-faire\/","url":"https:\/\/www.haviland.fr\/savoir-faire\/","name":"Porcelaine de Limoges : Le savoir-faire Haviland","isPartOf":{"@id":"https:\/\/www.haviland.fr\/en\/#website"},"datePublished":"2018-01-24T13:30:21+00:00","dateModified":"2024-09-11T10:09:00+00:00","description":"Porcelaine de Limoges, quelle que soit l\u2019\u00e9poque, la manufacture Haviland a toujours su allier les exigences du modernisme \u00e0 la cr\u00e9ativit\u00e9 artisanale.","breadcrumb":{"@id":"https:\/\/www.haviland.fr\/savoir-faire\/#breadcrumb"},"inLanguage":"en-US","potentialAction":[{"@type":"ReadAction","target":["https:\/\/www.haviland.fr\/savoir-faire\/"]}]},{"@type":"BreadcrumbList","@id":"https:\/\/www.haviland.fr\/savoir-faire\/#breadcrumb","itemListElement":[{"@type":"ListItem","position":1,"name":"Accueil","item":"https:\/\/www.haviland.fr\/"},{"@type":"ListItem","position":2,"name":"Le Savoir Faire"}]},{"@type":"WebSite","@id":"https:\/\/www.haviland.fr\/en\/#website","url":"https:\/\/www.haviland.fr\/en\/","name":"Haviland","description":"Excellence in Limoges porcelain since 1842","potentialAction":[{"@type":"SearchAction","target":{"@type":"EntryPoint","urlTemplate":"https:\/\/www.haviland.fr\/en\/?s={search_term_string}"},"query-input":{"@type":"PropertyValueSpecification","valueRequired":true,"valueName":"search_term_string"}}],"inLanguage":"en-US"}]}},"_links":{"self":[{"href":"https:\/\/www.haviland.fr\/en\/wp-json\/wp\/v2\/pages\/9869","targetHints":{"allow":["GET"]}}],"collection":[{"href":"https:\/\/www.haviland.fr\/en\/wp-json\/wp\/v2\/pages"}],"about":[{"href":"https:\/\/www.haviland.fr\/en\/wp-json\/wp\/v2\/types\/page"}],"author":[{"embeddable":true,"href":"https:\/\/www.haviland.fr\/en\/wp-json\/wp\/v2\/users\/50"}],"replies":[{"embeddable":true,"href":"https:\/\/www.haviland.fr\/en\/wp-json\/wp\/v2\/comments?post=9869"}],"version-history":[{"count":0,"href":"https:\/\/www.haviland.fr\/en\/wp-json\/wp\/v2\/pages\/9869\/revisions"}],"wp:attachment":[{"href":"https:\/\/www.haviland.fr\/en\/wp-json\/wp\/v2\/media?parent=9869"}],"curies":[{"name":"wp","href":"https:\/\/api.w.org\/{rel}","templated":true}]}}