{"id":41587,"date":"2026-04-22T16:55:56","date_gmt":"2026-04-22T15:55:56","guid":{"rendered":"https:\/\/www.haviland.fr\/?page_id=41587"},"modified":"2026-04-22T16:55:56","modified_gmt":"2026-04-22T15:55:56","slug":"cadeaux","status":"publish","type":"page","link":"https:\/\/www.haviland.fr\/en\/cadeaux\/","title":{"rendered":"CADEAUX"},"content":{"rendered":"<div class=\"wpb-content-wrapper\"><p>[vc_row][vc_column]<div class=\"large-banner-and-text-element\"><div class=\"block-title\"><p class=\"h2\" style=\"ifont-size: 1.875em;text-transform: uppercase;margin-bottom: 15px;\"><\/p><p><\/p><\/div><div class=\"block-content \"><div class=\"media\"><div class=\"media-image\"><img decoding=\"async\" src=\"https:\/\/www.haviland.fr\/app\/uploads\/2026\/04\/panorama-vases-infini-blanc.jpg\" alt=\"\"><\/div><\/div><div class=\"text\"><p>At Haviland, each porcelain piece is carefully crafted, reflecting a recognized savoir-faire.<\/p>\n<p>Weddings, christenings, birthdays or thoughtful everyday gestures: our creations suit every occasion. Vases, trays, tumblers, boxes and candy boxes combine function and style, in a range of formats to fit different needs.<\/p>\n<p>Given today, these objects are made to last and naturally find their place in the home.<br \/>\nExplore a selection of porcelain gifts designed to help you find the right idea for any occasion.<\/p><\/div><\/div><\/div>[vc_column_text css=&#8221;&#8221;]GIFTS BY OCCASION[\/vc_column_text][\/vc_column][\/vc_row][vc_row][vc_column width=&#8221;1\/3&#8243;][vc_single_image image=&#8221;41516&#8243; img_size=&#8221;large&#8221; onclick=&#8221;custom_link&#8221; link=&#8221;https:\/\/www.haviland.fr\/en\/mariage\/?swcfpc=1&amp;v=82a9e4d26595&#8243;][vc_column_text css=&#8221;&#8221;]<\/p>\n<p style=\"text-align: center;\"><strong>WEEDING<\/strong><\/p>\n<p>[\/vc_column_text][\/vc_column][vc_column width=&#8221;1\/3&#8243;][vc_single_image image=&#8221;41550&#8243; img_size=&#8221;large&#8221; onclick=&#8221;custom_link&#8221; link=&#8221;https:\/\/www.haviland.fr\/en\/anniversaire\/?swcfpc=1&amp;v=82a9e4d26595&#8243;][vc_column_text css=&#8221;&#8221;]<\/p>\n<p style=\"text-align: center;\"><strong>BIRTHDAY<\/strong><\/p>\n<p>[\/vc_column_text][\/vc_column][vc_column width=&#8221;1\/3&#8243;][vc_single_image image=&#8221;41531&#8243; img_size=&#8221;large&#8221; onclick=&#8221;custom_link&#8221; link=&#8221;https:\/\/www.haviland.fr\/en\/bapteme\/?swcfpc=1&amp;v=82a9e4d26595&#8243;][vc_column_text css=&#8221;&#8221;]<\/p>\n<p style=\"text-align: center;\"><strong>BAPTISM<\/strong><\/p>\n<p>[\/vc_column_text][\/vc_column][\/vc_row][vc_row][vc_column][vc_empty_space][\/vc_column][\/vc_row][vc_row][vc_column]<div class=\"large-banner-and-text-element\"><div class=\"block-title\"><p class=\"h2\" style=\"ifont-size: 1.875em;text-transform: uppercase;margin-bottom: 15px;\"><\/p><p><\/p><\/div><div class=\"block-content \"><div class=\"media\"><\/div><div class=\"text\"><p><\/p><\/div><\/div><\/div>[vc_column_text css=&#8221;&#8221;]GIFTS BY BUDGET[\/vc_column_text][\/vc_column][\/vc_row][vc_row][vc_column width=&#8221;1\/3&#8243;][vc_single_image image=&#8221;40996&#8243; img_size=&#8221;large&#8221; onclick=&#8221;custom_link&#8221; link=&#8221;https:\/\/www.haviland.fr\/en\/0-200-e\/?swcfpc=1&amp;v=82a9e4d26595&#8243;][vc_column_text css=&#8221;&#8221;]<\/p>\n<p style=\"text-align: center;\"><strong>0 &#8211; 200 \u20ac<\/strong><\/p>\n<p>[\/vc_column_text][\/vc_column][vc_column width=&#8221;1\/3&#8243;][vc_single_image image=&#8221;40995&#8243; img_size=&#8221;large&#8221; onclick=&#8221;custom_link&#8221; link=&#8221;https:\/\/www.haviland.fr\/en\/200-600-e\/?swcfpc=1&amp;v=82a9e4d26595&#8243;][vc_column_text css=&#8221;&#8221;]<\/p>\n<p style=\"text-align: center;\"><strong>200 &#8211; 600 \u20ac<\/strong><\/p>\n<p>[\/vc_column_text][\/vc_column][vc_column width=&#8221;1\/3&#8243;][vc_single_image image=&#8221;41610&#8243; img_size=&#8221;large&#8221; onclick=&#8221;custom_link&#8221; link=&#8221;https:\/\/www.haviland.fr\/en\/600-1200-e\/?swcfpc=1&amp;v=82a9e4d26595&#8243;][vc_column_text css=&#8221;&#8221;]<\/p>\n<p style=\"text-align: center;\"><strong>600 &#8211; 1200 \u20ac<\/strong><\/p>\n<p>[\/vc_column_text][\/vc_column][\/vc_row][vc_row][vc_column][vc_empty_space][\/vc_column][\/vc_row]<\/p>\n<\/div>","protected":false},"excerpt":{"rendered":"<p>[vc_row][vc_column][vc_column_text css=&#8221;&#8221;]GIFTS BY OCCASION[\/vc_column_text][\/vc_column][\/vc_row][vc_row][vc_column width=&#8221;1\/3&#8243;][vc_single_image image=&#8221;41516&#8243; img_size=&#8221;large&#8221; onclick=&#8221;custom_link&#8221; link=&#8221;https:\/\/www.haviland.fr\/en\/mariage\/?swcfpc=1&amp;v=82a9e4d26595&#8243;][vc_column_text css=&#8221;&#8221;] WEEDING [\/vc_column_text][\/vc_column][vc_column width=&#8221;1\/3&#8243;][vc_single_image image=&#8221;41550&#8243; img_size=&#8221;large&#8221; onclick=&#8221;custom_link&#8221; link=&#8221;https:\/\/www.haviland.fr\/en\/anniversaire\/?swcfpc=1&amp;v=82a9e4d26595&#8243;][vc_column_text css=&#8221;&#8221;] BIRTHDAY [\/vc_column_text][\/vc_column][vc_column width=&#8221;1\/3&#8243;][vc_single_image image=&#8221;41531&#8243; img_size=&#8221;large&#8221; onclick=&#8221;custom_link&#8221; link=&#8221;https:\/\/www.haviland.fr\/en\/bapteme\/?swcfpc=1&amp;v=82a9e4d26595&#8243;][vc_column_text css=&#8221;&#8221;] BAPTISM [\/vc_column_text][\/vc_column][\/vc_row][vc_row][vc_column][vc_empty_space][\/vc_column][\/vc_row][vc_row][vc_column][vc_column_text css=&#8221;&#8221;]GIFTS BY BUDGET[\/vc_column_text][\/vc_column][\/vc_row][vc_row][vc_column width=&#8221;1\/3&#8243;][vc_single_image image=&#8221;40996&#8243; img_size=&#8221;large&#8221; onclick=&#8221;custom_link&#8221; link=&#8221;https:\/\/www.haviland.fr\/en\/0-200-e\/?swcfpc=1&amp;v=82a9e4d26595&#8243;][vc_column_text css=&#8221;&#8221;] 0 &#8211; 200 \u20ac [\/vc_column_text][\/vc_column][vc_column width=&#8221;1\/3&#8243;][vc_single_image image=&#8221;40995&#8243; img_size=&#8221;large&#8221; onclick=&#8221;custom_link&#8221; link=&#8221;https:\/\/www.haviland.fr\/en\/200-600-e\/?swcfpc=1&amp;v=82a9e4d26595&#8243;][vc_column_text css=&#8221;&#8221;] 200 &#8211; 600 \u20ac [\/vc_column_text][\/vc_column][vc_column width=&#8221;1\/3&#8243;][vc_single_image image=&#8221;41610&#8243; &hellip;<\/p>\n","protected":false},"author":4753,"featured_media":0,"parent":0,"menu_order":0,"comment_status":"closed","ping_status":"closed","template":"","meta":{"footnotes":""},"class_list":["post-41587","page","type-page","status-publish","hentry"],"translation":{"provider":"WPGlobus","version":"3.0.0","language":"en","enabled_languages":["fr","en"],"languages":{"fr":{"title":true,"content":true,"excerpt":false},"en":{"title":false,"content":true,"excerpt":false}}},"yoast_head":"<!-- This site is optimized with the Yoast SEO plugin v24.4 - https:\/\/yoast.com\/wordpress\/plugins\/seo\/ -->\n<title>Haviland Porcelain Gifts - Ideas for any occasions.<\/title>\n<meta name=\"description\" content=\"Explore Haviland porcelain gifts: vases, tumblers, boxes and decorative objects for weddings, baptism, birthdays and special occasions.\" \/>\n<meta name=\"robots\" content=\"index, follow, max-snippet:-1, max-image-preview:large, max-video-preview:-1\" \/>\n<link rel=\"canonical\" href=\"https:\/\/www.haviland.fr\/cadeaux\/\" \/>\n<meta property=\"og:locale\" content=\"en_US\" \/>\n<meta property=\"og:type\" content=\"article\" \/>\n<meta property=\"og:title\" content=\"Haviland Porcelain Gifts - Ideas for any occasions.\" \/>\n<meta property=\"og:description\" content=\"Explore Haviland porcelain gifts: vases, tumblers, boxes and decorative objects for weddings, baptism, birthdays and special occasions.\" \/>\n<meta property=\"og:url\" content=\"https:\/\/www.haviland.fr\/cadeaux\/\" \/>\n<meta property=\"og:site_name\" content=\"Haviland\" \/>\n<meta property=\"article:publisher\" content=\"https:\/\/fr-fr.facebook.com\/havilandofficiel\/\" \/>\n<meta name=\"twitter:card\" content=\"summary_large_image\" \/>\n<meta name=\"twitter:label1\" content=\"Est. reading time\" \/>\n\t<meta name=\"twitter:data1\" content=\"1 minute\" \/>\n<script type=\"application\/ld+json\" class=\"yoast-schema-graph\">{\"@context\":\"https:\/\/schema.org\",\"@graph\":[{\"@type\":\"WebPage\",\"@id\":\"https:\/\/www.haviland.fr\/cadeaux\/\",\"url\":\"https:\/\/www.haviland.fr\/cadeaux\/\",\"name\":\"Cadeaux en porcelaine Haviland - Id\u00e9es toutes occasions.\",\"isPartOf\":{\"@id\":\"https:\/\/www.haviland.fr\/en\/#website\"},\"datePublished\":\"2026-04-22T15:55:56+00:00\",\"description\":\"D\u00e9couvrez nos cadeaux en porcelaine Haviland : vases, timbales, bo\u00eetes et objets d\u00e9coratifs pour mariage, bapt\u00eame, anniversaire et toutes les occasions.\",\"breadcrumb\":{\"@id\":\"https:\/\/www.haviland.fr\/cadeaux\/#breadcrumb\"},\"inLanguage\":\"en-US\",\"potentialAction\":[{\"@type\":\"ReadAction\",\"target\":[\"https:\/\/www.haviland.fr\/cadeaux\/\"]}]},{\"@type\":\"BreadcrumbList\",\"@id\":\"https:\/\/www.haviland.fr\/cadeaux\/#breadcrumb\",\"itemListElement\":[{\"@type\":\"ListItem\",\"position\":1,\"name\":\"Accueil\",\"item\":\"https:\/\/www.haviland.fr\/\"},{\"@type\":\"ListItem\",\"position\":2,\"name\":\"CADEAUX\"}]},{\"@type\":\"WebSite\",\"@id\":\"https:\/\/www.haviland.fr\/en\/#website\",\"url\":\"https:\/\/www.haviland.fr\/en\/\",\"name\":\"Haviland\",\"description\":\"Excellence in Limoges porcelain since 1842\",\"potentialAction\":[{\"@type\":\"SearchAction\",\"target\":{\"@type\":\"EntryPoint\",\"urlTemplate\":\"https:\/\/www.haviland.fr\/en\/?s={search_term_string}\"},\"query-input\":{\"@type\":\"PropertyValueSpecification\",\"valueRequired\":true,\"valueName\":\"search_term_string\"}}],\"inLanguage\":\"en-US\"}]}<\/script>\n<!-- \/ Yoast SEO plugin. -->","yoast_head_json":{"title":"Haviland Porcelain Gifts - Ideas for any occasions.","description":"Explore Haviland porcelain gifts: vases, tumblers, boxes and decorative objects for weddings, baptism, birthdays and special occasions.","robots":{"index":"index","follow":"follow","max-snippet":"max-snippet:-1","max-image-preview":"max-image-preview:large","max-video-preview":"max-video-preview:-1"},"canonical":"https:\/\/www.haviland.fr\/cadeaux\/","og_locale":"en_US","og_type":"article","og_title":"Haviland Porcelain Gifts - Ideas for any occasions.","og_description":"Explore Haviland porcelain gifts: vases, tumblers, boxes and decorative objects for weddings, baptism, birthdays and special occasions.","og_url":"https:\/\/www.haviland.fr\/cadeaux\/","og_site_name":"Haviland","article_publisher":"https:\/\/fr-fr.facebook.com\/havilandofficiel\/","twitter_card":"summary_large_image","twitter_misc":{"Est. reading time":"1 minute"},"schema":{"@context":"https:\/\/schema.org","@graph":[{"@type":"WebPage","@id":"https:\/\/www.haviland.fr\/cadeaux\/","url":"https:\/\/www.haviland.fr\/cadeaux\/","name":"Cadeaux en porcelaine Haviland - Id\u00e9es toutes occasions.","isPartOf":{"@id":"https:\/\/www.haviland.fr\/en\/#website"},"datePublished":"2026-04-22T15:55:56+00:00","description":"D\u00e9couvrez nos cadeaux en porcelaine Haviland : vases, timbales, bo\u00eetes et objets d\u00e9coratifs pour mariage, bapt\u00eame, anniversaire et toutes les occasions.","breadcrumb":{"@id":"https:\/\/www.haviland.fr\/cadeaux\/#breadcrumb"},"inLanguage":"en-US","potentialAction":[{"@type":"ReadAction","target":["https:\/\/www.haviland.fr\/cadeaux\/"]}]},{"@type":"BreadcrumbList","@id":"https:\/\/www.haviland.fr\/cadeaux\/#breadcrumb","itemListElement":[{"@type":"ListItem","position":1,"name":"Accueil","item":"https:\/\/www.haviland.fr\/"},{"@type":"ListItem","position":2,"name":"CADEAUX"}]},{"@type":"WebSite","@id":"https:\/\/www.haviland.fr\/en\/#website","url":"https:\/\/www.haviland.fr\/en\/","name":"Haviland","description":"Excellence in Limoges porcelain since 1842","potentialAction":[{"@type":"SearchAction","target":{"@type":"EntryPoint","urlTemplate":"https:\/\/www.haviland.fr\/en\/?s={search_term_string}"},"query-input":{"@type":"PropertyValueSpecification","valueRequired":true,"valueName":"search_term_string"}}],"inLanguage":"en-US"}]}},"_links":{"self":[{"href":"https:\/\/www.haviland.fr\/en\/wp-json\/wp\/v2\/pages\/41587","targetHints":{"allow":["GET"]}}],"collection":[{"href":"https:\/\/www.haviland.fr\/en\/wp-json\/wp\/v2\/pages"}],"about":[{"href":"https:\/\/www.haviland.fr\/en\/wp-json\/wp\/v2\/types\/page"}],"author":[{"embeddable":true,"href":"https:\/\/www.haviland.fr\/en\/wp-json\/wp\/v2\/users\/4753"}],"replies":[{"embeddable":true,"href":"https:\/\/www.haviland.fr\/en\/wp-json\/wp\/v2\/comments?post=41587"}],"version-history":[{"count":33,"href":"https:\/\/www.haviland.fr\/en\/wp-json\/wp\/v2\/pages\/41587\/revisions"}],"predecessor-version":[{"id":41623,"href":"https:\/\/www.haviland.fr\/en\/wp-json\/wp\/v2\/pages\/41587\/revisions\/41623"}],"wp:attachment":[{"href":"https:\/\/www.haviland.fr\/en\/wp-json\/wp\/v2\/media?parent=41587"}],"curies":[{"name":"wp","href":"https:\/\/api.w.org\/{rel}","templated":true}]}}