{"id":40960,"date":"2026-01-23T18:36:36","date_gmt":"2026-01-23T17:36:36","guid":{"rendered":"https:\/\/www.haviland.fr\/?page_id=40960"},"modified":"2026-01-23T18:36:36","modified_gmt":"2026-01-23T17:36:36","slug":"tumblers","status":"publish","type":"page","link":"https:\/\/www.haviland.fr\/en\/tumblers\/","title":{"rendered":"TUMBLERS"},"content":{"rendered":"<div class=\"wpb-content-wrapper\"><p>[vc_row][vc_column]<div class=\"large-banner-and-text-element\"><div class=\"block-title\"><p class=\"h2\" style=\"ifont-size: 1.875em;text-transform: uppercase;margin-bottom: 15px;\">TUMBLERS<\/p><p><\/p><\/div><div class=\"block-content \"><div class=\"media\"><\/div><div class=\"text\"><p><\/p><\/div><\/div><\/div><div class=\"woocommerce columns-4 \"><ul class=\"nm-products products xsmall-block-grid-1 small-block-grid-2 medium-block-grid-3 large-block-grid-4 grid-default layout-default\">\r\n<li class=\"product type-product post-40950 status-publish first instock product_cat-souffle-dor product_cat-timbales product_cat-la-maison product_cat-les-collections has-post-thumbnail featured taxable shipping-taxable purchasable product-type-simple\" data-product-id=\"40950\">\r\n\t<div class=\"nm-shop-loop-product-wrap\">\r\n        \r\n        \r\n        <div class=\"nm-shop-loop-thumbnail\">\r\n            <a href=\"https:\/\/www.haviland.fr\/en\/la-maison\/timbale-souffle-d-or\/\" class=\"nm-shop-loop-thumbnail-link woocommerce-LoopProduct-link\">\r\n            <img loading=\"lazy\" decoding=\"async\" width=\"400\" height=\"400\" src=\"https:\/\/www.haviland.fr\/app\/uploads\/2026\/01\/313596710911C1-Souffle-d-or-Timbale-400x400.jpg\" class=\"attachment-woocommerce_thumbnail size-woocommerce_thumbnail\" alt=\"{:fr}Timbale Souffle d&#039;Or{:}{:en}Tumbler Souffle d&#039;Or{:}\" srcset=\"https:\/\/www.haviland.fr\/app\/uploads\/2026\/01\/313596710911C1-Souffle-d-or-Timbale-400x400.jpg 400w, https:\/\/www.haviland.fr\/app\/uploads\/2026\/01\/313596710911C1-Souffle-d-or-Timbale-300x300.jpg 300w, https:\/\/www.haviland.fr\/app\/uploads\/2026\/01\/313596710911C1-Souffle-d-or-Timbale-1024x1024.jpg 1024w, https:\/\/www.haviland.fr\/app\/uploads\/2026\/01\/313596710911C1-Souffle-d-or-Timbale-150x150.jpg 150w, https:\/\/www.haviland.fr\/app\/uploads\/2026\/01\/313596710911C1-Souffle-d-or-Timbale-600x600.jpg 600w, https:\/\/www.haviland.fr\/app\/uploads\/2026\/01\/313596710911C1-Souffle-d-or-Timbale-100x100.jpg 100w, https:\/\/www.haviland.fr\/app\/uploads\/2026\/01\/313596710911C1-Souffle-d-or-Timbale.jpg 1200w\" sizes=\"auto, (max-width: 400px) 100vw, 400px\" \/><img loading=\"lazy\" decoding=\"async\" src=\"https:\/\/www.haviland.fr\/app\/themes\/savoy\/assets\/img\/transparent.gif\" data-src=\"https:\/\/www.haviland.fr\/app\/uploads\/2026\/01\/313596710911C1-Souffle-dorTimbale-Photo-2-400x400.jpg\" data-srcset=\"https:\/\/www.haviland.fr\/app\/uploads\/2026\/01\/313596710911C1-Souffle-dorTimbale-Photo-2-400x400.jpg 400w, https:\/\/www.haviland.fr\/app\/uploads\/2026\/01\/313596710911C1-Souffle-dorTimbale-Photo-2-300x300.jpg 300w, https:\/\/www.haviland.fr\/app\/uploads\/2026\/01\/313596710911C1-Souffle-dorTimbale-Photo-2-1024x1024.jpg 1024w, https:\/\/www.haviland.fr\/app\/uploads\/2026\/01\/313596710911C1-Souffle-dorTimbale-Photo-2-150x150.jpg 150w, https:\/\/www.haviland.fr\/app\/uploads\/2026\/01\/313596710911C1-Souffle-dorTimbale-Photo-2-600x600.jpg 600w, https:\/\/www.haviland.fr\/app\/uploads\/2026\/01\/313596710911C1-Souffle-dorTimbale-Photo-2-100x100.jpg 100w, https:\/\/www.haviland.fr\/app\/uploads\/2026\/01\/313596710911C1-Souffle-dorTimbale-Photo-2.jpg 1200w\" alt=\"\" sizes=\"auto, (max-width: 400px) 100vw, 400px\" width=\"400\" height=\"400\" class=\"attachment-woocommerce_thumbnail size-woocommerce_thumbnail wp-post-image nm-shop-hover-image lazyload\" \/>            <\/a>\r\n        <\/div>\r\n        \r\n                \r\n        <div class=\"nm-shop-loop-details\">\r\n            \r\n            <div class=\"nm-shop-loop-title-price\">\r\n            <p class=\"h3 woocommerce-loop-product__title\"><a href=\"https:\/\/www.haviland.fr\/en\/la-maison\/timbale-souffle-d-or\/\" class=\"nm-shop-loop-title-link woocommerce-LoopProduct-link\">Tumbler Souffle d&#8217;Or<\/a><\/p>\r\n\t<span class=\"price\"><span class=\"woocommerce-Price-amount amount\"><bdi>102,00<span class=\"woocommerce-Price-currencySymbol\">&euro;<\/span><\/bdi><\/span><\/span>\r\n            <\/div>\r\n\r\n            <div class=\"nm-shop-loop-actions\">\r\n            <a href=\"\/en\/wp-json\/wp\/v2\/pages\/40960?add-to-cart=40950\" data-quantity=\"1\" class=\"button product_type_simple add_to_cart_button ajax_add_to_cart\" data-product_id=\"40950\" data-product_sku=\"313596710911C1\" aria-label=\"Add to cart: &ldquo;{:fr}Timbale Souffle d&#039;Or{:}{:en}Tumbler Souffle d&#039;Or{:}&rdquo;\" rel=\"nofollow\" data-success_message=\"&ldquo;{:fr}Timbale Souffle d&#039;Or{:}{:en}Tumbler Souffle d&#039;Or{:}&rdquo; has been added to your cart\" role=\"button\">Add to cart<\/a><a href=\"https:\/\/www.haviland.fr\/en\/la-maison\/timbale-souffle-d-or\/\" class=\"nm-quickview-btn\">Show more<\/a>            <\/div>\r\n        <\/div>\r\n    <\/div>\r\n<\/li>\r\n<li class=\"product type-product post-40956 status-publish instock product_cat-reves-du-nil-pourpre-or product_cat-timbales product_cat-la-maison product_cat-les-collections has-post-thumbnail featured taxable shipping-taxable purchasable product-type-simple\" data-product-id=\"40956\">\r\n\t<div class=\"nm-shop-loop-product-wrap\">\r\n        \r\n        \r\n        <div class=\"nm-shop-loop-thumbnail\">\r\n            <a href=\"https:\/\/www.haviland.fr\/en\/la-maison\/timbale-reves-du-nil-pourpre\/\" class=\"nm-shop-loop-thumbnail-link woocommerce-LoopProduct-link\">\r\n            <img loading=\"lazy\" decoding=\"async\" width=\"400\" height=\"400\" src=\"https:\/\/www.haviland.fr\/app\/uploads\/2026\/01\/302886710911C1-Dammouse-Timbale-400x400.jpg\" class=\"attachment-woocommerce_thumbnail size-woocommerce_thumbnail\" alt=\"{:fr}Timbale R\u00eaves du Nil pourpre{:}{:en}Tumbler R\u00eaves du Nil pourpre{:}\" srcset=\"https:\/\/www.haviland.fr\/app\/uploads\/2026\/01\/302886710911C1-Dammouse-Timbale-400x400.jpg 400w, https:\/\/www.haviland.fr\/app\/uploads\/2026\/01\/302886710911C1-Dammouse-Timbale-300x300.jpg 300w, https:\/\/www.haviland.fr\/app\/uploads\/2026\/01\/302886710911C1-Dammouse-Timbale-1024x1024.jpg 1024w, https:\/\/www.haviland.fr\/app\/uploads\/2026\/01\/302886710911C1-Dammouse-Timbale-150x150.jpg 150w, https:\/\/www.haviland.fr\/app\/uploads\/2026\/01\/302886710911C1-Dammouse-Timbale-600x600.jpg 600w, https:\/\/www.haviland.fr\/app\/uploads\/2026\/01\/302886710911C1-Dammouse-Timbale-100x100.jpg 100w, https:\/\/www.haviland.fr\/app\/uploads\/2026\/01\/302886710911C1-Dammouse-Timbale.jpg 1200w\" sizes=\"auto, (max-width: 400px) 100vw, 400px\" \/><img loading=\"lazy\" decoding=\"async\" src=\"https:\/\/www.haviland.fr\/app\/themes\/savoy\/assets\/img\/transparent.gif\" data-src=\"https:\/\/www.haviland.fr\/app\/uploads\/2026\/01\/302886710911C1-reves-du-nil-pourpre-Timbale-Photo-2-400x400.jpg\" data-srcset=\"https:\/\/www.haviland.fr\/app\/uploads\/2026\/01\/302886710911C1-reves-du-nil-pourpre-Timbale-Photo-2-400x400.jpg 400w, https:\/\/www.haviland.fr\/app\/uploads\/2026\/01\/302886710911C1-reves-du-nil-pourpre-Timbale-Photo-2-300x300.jpg 300w, https:\/\/www.haviland.fr\/app\/uploads\/2026\/01\/302886710911C1-reves-du-nil-pourpre-Timbale-Photo-2-1024x1024.jpg 1024w, https:\/\/www.haviland.fr\/app\/uploads\/2026\/01\/302886710911C1-reves-du-nil-pourpre-Timbale-Photo-2-150x150.jpg 150w, https:\/\/www.haviland.fr\/app\/uploads\/2026\/01\/302886710911C1-reves-du-nil-pourpre-Timbale-Photo-2-600x600.jpg 600w, https:\/\/www.haviland.fr\/app\/uploads\/2026\/01\/302886710911C1-reves-du-nil-pourpre-Timbale-Photo-2-100x100.jpg 100w, https:\/\/www.haviland.fr\/app\/uploads\/2026\/01\/302886710911C1-reves-du-nil-pourpre-Timbale-Photo-2.jpg 1200w\" alt=\"\" sizes=\"auto, (max-width: 400px) 100vw, 400px\" width=\"400\" height=\"400\" class=\"attachment-woocommerce_thumbnail size-woocommerce_thumbnail wp-post-image nm-shop-hover-image lazyload\" \/>            <\/a>\r\n        <\/div>\r\n        \r\n                \r\n        <div class=\"nm-shop-loop-details\">\r\n            \r\n            <div class=\"nm-shop-loop-title-price\">\r\n            <p class=\"h3 woocommerce-loop-product__title\"><a href=\"https:\/\/www.haviland.fr\/en\/la-maison\/timbale-reves-du-nil-pourpre\/\" class=\"nm-shop-loop-title-link woocommerce-LoopProduct-link\">Tumbler R\u00eaves du Nil pourpre<\/a><\/p>\r\n\t<span class=\"price\"><span class=\"woocommerce-Price-amount amount\"><bdi>163,00<span class=\"woocommerce-Price-currencySymbol\">&euro;<\/span><\/bdi><\/span><\/span>\r\n            <\/div>\r\n\r\n            <div class=\"nm-shop-loop-actions\">\r\n            <a href=\"\/en\/wp-json\/wp\/v2\/pages\/40960?add-to-cart=40956\" data-quantity=\"1\" class=\"button product_type_simple add_to_cart_button ajax_add_to_cart\" data-product_id=\"40956\" data-product_sku=\"302886710911C1\" aria-label=\"Add to cart: &ldquo;{:fr}Timbale R\u00eaves du Nil pourpre{:}{:en}Tumbler R\u00eaves du Nil pourpre{:}&rdquo;\" rel=\"nofollow\" data-success_message=\"&ldquo;{:fr}Timbale R\u00eaves du Nil pourpre{:}{:en}Tumbler R\u00eaves du Nil pourpre{:}&rdquo; has been added to your cart\" role=\"button\">Add to cart<\/a><a href=\"https:\/\/www.haviland.fr\/en\/la-maison\/timbale-reves-du-nil-pourpre\/\" class=\"nm-quickview-btn\">Show more<\/a>            <\/div>\r\n        <\/div>\r\n    <\/div>\r\n<\/li>\r\n<li class=\"product type-product post-40954 status-publish instock product_cat-dammouse product_cat-timbales product_cat-la-maison product_cat-les-collections has-post-thumbnail featured taxable shipping-taxable purchasable product-type-simple\" data-product-id=\"40954\">\r\n\t<div class=\"nm-shop-loop-product-wrap\">\r\n        \r\n        \r\n        <div class=\"nm-shop-loop-thumbnail\">\r\n            <a href=\"https:\/\/www.haviland.fr\/en\/la-maison\/timbale-dammouse\/\" class=\"nm-shop-loop-thumbnail-link woocommerce-LoopProduct-link\">\r\n            <img loading=\"lazy\" decoding=\"async\" width=\"400\" height=\"400\" src=\"https:\/\/www.haviland.fr\/app\/uploads\/2026\/01\/301096710911C1-Dammouse-Timbale-400x400.jpg\" class=\"attachment-woocommerce_thumbnail size-woocommerce_thumbnail\" alt=\"{:fr}Timbale Dammouse{:}{:en}Tumbler Dammouse{:}\" srcset=\"https:\/\/www.haviland.fr\/app\/uploads\/2026\/01\/301096710911C1-Dammouse-Timbale-400x400.jpg 400w, https:\/\/www.haviland.fr\/app\/uploads\/2026\/01\/301096710911C1-Dammouse-Timbale-300x300.jpg 300w, https:\/\/www.haviland.fr\/app\/uploads\/2026\/01\/301096710911C1-Dammouse-Timbale-1024x1024.jpg 1024w, https:\/\/www.haviland.fr\/app\/uploads\/2026\/01\/301096710911C1-Dammouse-Timbale-150x150.jpg 150w, https:\/\/www.haviland.fr\/app\/uploads\/2026\/01\/301096710911C1-Dammouse-Timbale-600x600.jpg 600w, https:\/\/www.haviland.fr\/app\/uploads\/2026\/01\/301096710911C1-Dammouse-Timbale-100x100.jpg 100w, https:\/\/www.haviland.fr\/app\/uploads\/2026\/01\/301096710911C1-Dammouse-Timbale.jpg 1200w\" sizes=\"auto, (max-width: 400px) 100vw, 400px\" \/><img loading=\"lazy\" decoding=\"async\" src=\"https:\/\/www.haviland.fr\/app\/themes\/savoy\/assets\/img\/transparent.gif\" data-src=\"https:\/\/www.haviland.fr\/app\/uploads\/2026\/01\/301096710911C1-DammouseTimbale-Photo-2-400x400.jpg\" data-srcset=\"https:\/\/www.haviland.fr\/app\/uploads\/2026\/01\/301096710911C1-DammouseTimbale-Photo-2-400x400.jpg 400w, https:\/\/www.haviland.fr\/app\/uploads\/2026\/01\/301096710911C1-DammouseTimbale-Photo-2-300x300.jpg 300w, https:\/\/www.haviland.fr\/app\/uploads\/2026\/01\/301096710911C1-DammouseTimbale-Photo-2-1024x1024.jpg 1024w, https:\/\/www.haviland.fr\/app\/uploads\/2026\/01\/301096710911C1-DammouseTimbale-Photo-2-150x150.jpg 150w, https:\/\/www.haviland.fr\/app\/uploads\/2026\/01\/301096710911C1-DammouseTimbale-Photo-2-600x600.jpg 600w, https:\/\/www.haviland.fr\/app\/uploads\/2026\/01\/301096710911C1-DammouseTimbale-Photo-2-100x100.jpg 100w, https:\/\/www.haviland.fr\/app\/uploads\/2026\/01\/301096710911C1-DammouseTimbale-Photo-2.jpg 1200w\" alt=\"\" sizes=\"auto, (max-width: 400px) 100vw, 400px\" width=\"400\" height=\"400\" class=\"attachment-woocommerce_thumbnail size-woocommerce_thumbnail wp-post-image nm-shop-hover-image lazyload\" \/>            <\/a>\r\n        <\/div>\r\n        \r\n                \r\n        <div class=\"nm-shop-loop-details\">\r\n            \r\n            <div class=\"nm-shop-loop-title-price\">\r\n            <p class=\"h3 woocommerce-loop-product__title\"><a href=\"https:\/\/www.haviland.fr\/en\/la-maison\/timbale-dammouse\/\" class=\"nm-shop-loop-title-link woocommerce-LoopProduct-link\">Tumbler Dammouse<\/a><\/p>\r\n\t<span class=\"price\"><span class=\"woocommerce-Price-amount amount\"><bdi>163,00<span class=\"woocommerce-Price-currencySymbol\">&euro;<\/span><\/bdi><\/span><\/span>\r\n            <\/div>\r\n\r\n            <div class=\"nm-shop-loop-actions\">\r\n            <a href=\"\/en\/wp-json\/wp\/v2\/pages\/40960?add-to-cart=40954\" data-quantity=\"1\" class=\"button product_type_simple add_to_cart_button ajax_add_to_cart\" data-product_id=\"40954\" data-product_sku=\"301096710911C1\" aria-label=\"Add to cart: &ldquo;{:fr}Timbale Dammouse{:}{:en}Tumbler Dammouse{:}&rdquo;\" rel=\"nofollow\" data-success_message=\"&ldquo;{:fr}Timbale Dammouse{:}{:en}Tumbler Dammouse{:}&rdquo; has been added to your cart\" role=\"button\">Add to cart<\/a><a href=\"https:\/\/www.haviland.fr\/en\/la-maison\/timbale-dammouse\/\" class=\"nm-quickview-btn\">Show more<\/a>            <\/div>\r\n        <\/div>\r\n    <\/div>\r\n<\/li>\r\n<li class=\"product type-product post-40929 status-publish last instock product_cat-imperatrice-eugenie product_cat-timbales product_cat-la-maison product_cat-les-collections has-post-thumbnail featured taxable shipping-taxable purchasable product-type-simple\" data-product-id=\"40929\">\r\n\t<div class=\"nm-shop-loop-product-wrap\">\r\n        \r\n        \r\n        <div class=\"nm-shop-loop-thumbnail\">\r\n            <a href=\"https:\/\/www.haviland.fr\/en\/la-maison\/timbale-imperatrice-eugenie\/\" class=\"nm-shop-loop-thumbnail-link woocommerce-LoopProduct-link\">\r\n            <img loading=\"lazy\" decoding=\"async\" width=\"400\" height=\"400\" src=\"https:\/\/www.haviland.fr\/app\/uploads\/2026\/01\/310106710911C1-Imperatrice-Eugenie-Timbale-400x400.jpg\" class=\"attachment-woocommerce_thumbnail size-woocommerce_thumbnail\" alt=\"{:fr}Timbale Imp\u00e9ratrice Eug\u00e9nie{:}{:en}Tumbler Imp\u00e9ratrice Eug\u00e9nie{:}\" srcset=\"https:\/\/www.haviland.fr\/app\/uploads\/2026\/01\/310106710911C1-Imperatrice-Eugenie-Timbale-400x400.jpg 400w, https:\/\/www.haviland.fr\/app\/uploads\/2026\/01\/310106710911C1-Imperatrice-Eugenie-Timbale-300x300.jpg 300w, https:\/\/www.haviland.fr\/app\/uploads\/2026\/01\/310106710911C1-Imperatrice-Eugenie-Timbale-1024x1024.jpg 1024w, https:\/\/www.haviland.fr\/app\/uploads\/2026\/01\/310106710911C1-Imperatrice-Eugenie-Timbale-150x150.jpg 150w, https:\/\/www.haviland.fr\/app\/uploads\/2026\/01\/310106710911C1-Imperatrice-Eugenie-Timbale-600x600.jpg 600w, https:\/\/www.haviland.fr\/app\/uploads\/2026\/01\/310106710911C1-Imperatrice-Eugenie-Timbale-100x100.jpg 100w, https:\/\/www.haviland.fr\/app\/uploads\/2026\/01\/310106710911C1-Imperatrice-Eugenie-Timbale.jpg 1200w\" sizes=\"auto, (max-width: 400px) 100vw, 400px\" \/><img loading=\"lazy\" decoding=\"async\" src=\"https:\/\/www.haviland.fr\/app\/themes\/savoy\/assets\/img\/transparent.gif\" data-src=\"https:\/\/www.haviland.fr\/app\/uploads\/2026\/01\/310106710911C1-Imperatrice-Eugenie-Timbale-Photo-2-400x400.jpg\" data-srcset=\"https:\/\/www.haviland.fr\/app\/uploads\/2026\/01\/310106710911C1-Imperatrice-Eugenie-Timbale-Photo-2-400x400.jpg 400w, https:\/\/www.haviland.fr\/app\/uploads\/2026\/01\/310106710911C1-Imperatrice-Eugenie-Timbale-Photo-2-300x300.jpg 300w, https:\/\/www.haviland.fr\/app\/uploads\/2026\/01\/310106710911C1-Imperatrice-Eugenie-Timbale-Photo-2-1024x1024.jpg 1024w, https:\/\/www.haviland.fr\/app\/uploads\/2026\/01\/310106710911C1-Imperatrice-Eugenie-Timbale-Photo-2-150x150.jpg 150w, https:\/\/www.haviland.fr\/app\/uploads\/2026\/01\/310106710911C1-Imperatrice-Eugenie-Timbale-Photo-2-600x600.jpg 600w, https:\/\/www.haviland.fr\/app\/uploads\/2026\/01\/310106710911C1-Imperatrice-Eugenie-Timbale-Photo-2-100x100.jpg 100w, https:\/\/www.haviland.fr\/app\/uploads\/2026\/01\/310106710911C1-Imperatrice-Eugenie-Timbale-Photo-2.jpg 1200w\" alt=\"\" sizes=\"auto, (max-width: 400px) 100vw, 400px\" width=\"400\" height=\"400\" class=\"attachment-woocommerce_thumbnail size-woocommerce_thumbnail wp-post-image nm-shop-hover-image lazyload\" \/>            <\/a>\r\n        <\/div>\r\n        \r\n                \r\n        <div class=\"nm-shop-loop-details\">\r\n            \r\n            <div class=\"nm-shop-loop-title-price\">\r\n            <p class=\"h3 woocommerce-loop-product__title\"><a href=\"https:\/\/www.haviland.fr\/en\/la-maison\/timbale-imperatrice-eugenie\/\" class=\"nm-shop-loop-title-link woocommerce-LoopProduct-link\">Tumbler Imp\u00e9ratrice Eug\u00e9nie<\/a><\/p>\r\n\t<span class=\"price\"><span class=\"woocommerce-Price-amount amount\"><bdi>71,00<span class=\"woocommerce-Price-currencySymbol\">&euro;<\/span><\/bdi><\/span><\/span>\r\n            <\/div>\r\n\r\n            <div class=\"nm-shop-loop-actions\">\r\n            <a href=\"\/en\/wp-json\/wp\/v2\/pages\/40960?add-to-cart=40929\" data-quantity=\"1\" class=\"button product_type_simple add_to_cart_button ajax_add_to_cart\" data-product_id=\"40929\" data-product_sku=\"310106710911C1\" aria-label=\"Add to cart: &ldquo;{:fr}Timbale Imp\u00e9ratrice Eug\u00e9nie{:}{:en}Tumbler Imp\u00e9ratrice Eug\u00e9nie{:}&rdquo;\" rel=\"nofollow\" data-success_message=\"&ldquo;{:fr}Timbale Imp\u00e9ratrice Eug\u00e9nie{:}{:en}Tumbler Imp\u00e9ratrice Eug\u00e9nie{:}&rdquo; has been added to your cart\" role=\"button\">Add to cart<\/a><a href=\"https:\/\/www.haviland.fr\/en\/la-maison\/timbale-imperatrice-eugenie\/\" class=\"nm-quickview-btn\">Show more<\/a>            <\/div>\r\n        <\/div>\r\n    <\/div>\r\n<\/li>\r\n<\/ul>\r\n<\/div>[\/vc_column][\/vc_row]<\/p>\n<\/div>","protected":false},"excerpt":{"rendered":"<p>[vc_row][vc_column][\/vc_column][\/vc_row]<\/p>\n","protected":false},"author":4753,"featured_media":0,"parent":0,"menu_order":0,"comment_status":"closed","ping_status":"closed","template":"","meta":{"footnotes":""},"class_list":["post-40960","page","type-page","status-publish","hentry"],"translation":{"provider":"WPGlobus","version":"3.0.0","language":"en","enabled_languages":["fr","en"],"languages":{"fr":{"title":true,"content":true,"excerpt":false},"en":{"title":true,"content":true,"excerpt":false}}},"yoast_head":"<!-- This site is optimized with the Yoast SEO plugin v24.4 - https:\/\/yoast.com\/wordpress\/plugins\/seo\/ -->\n<title>TUMBLERS - Haviland<\/title>\n<meta name=\"robots\" content=\"index, follow, max-snippet:-1, max-image-preview:large, max-video-preview:-1\" \/>\n<link rel=\"canonical\" href=\"https:\/\/www.haviland.fr\/tumblers\/\" \/>\n<meta property=\"og:locale\" content=\"en_US\" \/>\n<meta property=\"og:type\" content=\"article\" \/>\n<meta property=\"og:title\" content=\"TUMBLERS - Haviland\" \/>\n<meta property=\"og:url\" content=\"https:\/\/www.haviland.fr\/tumblers\/\" \/>\n<meta property=\"og:site_name\" content=\"Haviland\" \/>\n<meta property=\"article:publisher\" content=\"https:\/\/fr-fr.facebook.com\/havilandofficiel\/\" \/>\n<meta name=\"twitter:card\" content=\"summary_large_image\" \/>\n<meta name=\"twitter:label1\" content=\"Est. reading time\" \/>\n\t<meta name=\"twitter:data1\" content=\"1 minute\" \/>\n<script type=\"application\/ld+json\" class=\"yoast-schema-graph\">{\"@context\":\"https:\/\/schema.org\",\"@graph\":[{\"@type\":\"WebPage\",\"@id\":\"https:\/\/www.haviland.fr\/tumblers\/\",\"url\":\"https:\/\/www.haviland.fr\/tumblers\/\",\"name\":\"TUMBLERS - Haviland\",\"isPartOf\":{\"@id\":\"https:\/\/www.haviland.fr\/en\/#website\"},\"datePublished\":\"2026-01-23T17:36:36+00:00\",\"breadcrumb\":{\"@id\":\"https:\/\/www.haviland.fr\/tumblers\/#breadcrumb\"},\"inLanguage\":\"en-US\",\"potentialAction\":[{\"@type\":\"ReadAction\",\"target\":[\"https:\/\/www.haviland.fr\/tumblers\/\"]}]},{\"@type\":\"BreadcrumbList\",\"@id\":\"https:\/\/www.haviland.fr\/tumblers\/#breadcrumb\",\"itemListElement\":[{\"@type\":\"ListItem\",\"position\":1,\"name\":\"Accueil\",\"item\":\"https:\/\/www.haviland.fr\/\"},{\"@type\":\"ListItem\",\"position\":2,\"name\":\"TIMBALES\"}]},{\"@type\":\"WebSite\",\"@id\":\"https:\/\/www.haviland.fr\/en\/#website\",\"url\":\"https:\/\/www.haviland.fr\/en\/\",\"name\":\"Haviland\",\"description\":\"Excellence in Limoges porcelain since 1842\",\"potentialAction\":[{\"@type\":\"SearchAction\",\"target\":{\"@type\":\"EntryPoint\",\"urlTemplate\":\"https:\/\/www.haviland.fr\/en\/?s={search_term_string}\"},\"query-input\":{\"@type\":\"PropertyValueSpecification\",\"valueRequired\":true,\"valueName\":\"search_term_string\"}}],\"inLanguage\":\"en-US\"}]}<\/script>\n<!-- \/ Yoast SEO plugin. -->","yoast_head_json":{"title":"TUMBLERS - Haviland","robots":{"index":"index","follow":"follow","max-snippet":"max-snippet:-1","max-image-preview":"max-image-preview:large","max-video-preview":"max-video-preview:-1"},"canonical":"https:\/\/www.haviland.fr\/tumblers\/","og_locale":"en_US","og_type":"article","og_title":"TUMBLERS - Haviland","og_url":"https:\/\/www.haviland.fr\/tumblers\/","og_site_name":"Haviland","article_publisher":"https:\/\/fr-fr.facebook.com\/havilandofficiel\/","twitter_card":"summary_large_image","twitter_misc":{"Est. reading time":"1 minute"},"schema":{"@context":"https:\/\/schema.org","@graph":[{"@type":"WebPage","@id":"https:\/\/www.haviland.fr\/tumblers\/","url":"https:\/\/www.haviland.fr\/tumblers\/","name":"TUMBLERS - Haviland","isPartOf":{"@id":"https:\/\/www.haviland.fr\/en\/#website"},"datePublished":"2026-01-23T17:36:36+00:00","breadcrumb":{"@id":"https:\/\/www.haviland.fr\/tumblers\/#breadcrumb"},"inLanguage":"en-US","potentialAction":[{"@type":"ReadAction","target":["https:\/\/www.haviland.fr\/tumblers\/"]}]},{"@type":"BreadcrumbList","@id":"https:\/\/www.haviland.fr\/tumblers\/#breadcrumb","itemListElement":[{"@type":"ListItem","position":1,"name":"Accueil","item":"https:\/\/www.haviland.fr\/"},{"@type":"ListItem","position":2,"name":"TIMBALES"}]},{"@type":"WebSite","@id":"https:\/\/www.haviland.fr\/en\/#website","url":"https:\/\/www.haviland.fr\/en\/","name":"Haviland","description":"Excellence in Limoges porcelain since 1842","potentialAction":[{"@type":"SearchAction","target":{"@type":"EntryPoint","urlTemplate":"https:\/\/www.haviland.fr\/en\/?s={search_term_string}"},"query-input":{"@type":"PropertyValueSpecification","valueRequired":true,"valueName":"search_term_string"}}],"inLanguage":"en-US"}]}},"_links":{"self":[{"href":"https:\/\/www.haviland.fr\/en\/wp-json\/wp\/v2\/pages\/40960","targetHints":{"allow":["GET"]}}],"collection":[{"href":"https:\/\/www.haviland.fr\/en\/wp-json\/wp\/v2\/pages"}],"about":[{"href":"https:\/\/www.haviland.fr\/en\/wp-json\/wp\/v2\/types\/page"}],"author":[{"embeddable":true,"href":"https:\/\/www.haviland.fr\/en\/wp-json\/wp\/v2\/users\/4753"}],"replies":[{"embeddable":true,"href":"https:\/\/www.haviland.fr\/en\/wp-json\/wp\/v2\/comments?post=40960"}],"version-history":[{"count":2,"href":"https:\/\/www.haviland.fr\/en\/wp-json\/wp\/v2\/pages\/40960\/revisions"}],"predecessor-version":[{"id":40962,"href":"https:\/\/www.haviland.fr\/en\/wp-json\/wp\/v2\/pages\/40960\/revisions\/40962"}],"wp:attachment":[{"href":"https:\/\/www.haviland.fr\/en\/wp-json\/wp\/v2\/media?parent=40960"}],"curies":[{"name":"wp","href":"https:\/\/api.w.org\/{rel}","templated":true}]}}