{"id":39978,"date":"2025-06-03T18:01:13","date_gmt":"2025-06-03T17:01:13","guid":{"rendered":"https:\/\/www.haviland.fr\/?page_id=39978"},"modified":"2026-04-22T11:57:57","modified_gmt":"2026-04-22T10:57:57","slug":"icons","status":"publish","type":"page","link":"https:\/\/www.haviland.fr\/en\/icons\/","title":{"rendered":"ICONS"},"content":{"rendered":"<div class=\"wpb-content-wrapper\"><p>[vc_row][vc_column][vc_column_text css=&#8221;&#8221;]<\/p>\n<p style=\"text-align: center;\">Through the originality of its designs, the refinement of its forms, and the elegance of its creations, Haviland has established itself as a leading name in French decorative arts.<\/p>\n<p style=\"text-align: center;\">Tableware, vases, sculptures, and decorative objects reflect a unique craftsmanship that has contributed to the worldwide reputation of Limoges porcelain.<\/p>\n<p style=\"text-align: center;\">From the late 19th century and throughout the 20th century, Haviland built strong ties with the art world, leading to exceptional collaborations with renowned artists such as F\u00e9lix Bracquemond, \u00c9douard Dammouse, Suzanne Lalique, Gauguin, Raoul Dufy, Sandoz, Kandinsky, and Salvador Dal\u00ed.<\/p>\n<p style=\"text-align: center;\">Today, these iconic collections, Dammouse, Imp\u00e9ratrice Eug\u00e9nie, and Louveciennes, embody the house\u2019s heritage and creative vision.<\/p>\n<p>&nbsp;<\/p>\n<p>[\/vc_column_text][\/vc_column][\/vc_row][vc_row][vc_column]<div class=\"nm-product-categories layout-default\"><div class=\"woocommerce columns-3\"><ul class=\"nm-products products xsmall-block-grid-1 small-block-grid-1 medium-block-grid-2 large-block-grid-3 \">\r\n    <li class=\"product-category product first\">\r\n\r\n        <div class=\"nm-product-category-inner\">\r\n            \r\n            <a href=\"https:\/\/www.haviland.fr\/en\/collection-heritage\/dammouse\/\">\r\n            <img loading=\"lazy\" decoding=\"async\" src=\"https:\/\/www.haviland.fr\/app\/uploads\/2025\/06\/Collection-Dammouse-Haviland-Porcelaine-Limoges.jpg\" alt=\"Dammouse\" width=\"1200\" height=\"1200\" \/>            <\/a>\r\n\r\n            <div class=\"nm-product-category-text\">\r\n                <h1 class=\"nm-product-category-heading\"><a href=\"https:\/\/www.haviland.fr\/en\/collection-heritage\/dammouse\/\">Dammouse<\/a><\/h1>\r\n                \r\n                            <\/div>\r\n\r\n                    <\/div>\r\n\r\n    <\/li>\r\n\r\n    <li class=\"product-category product\">\r\n\r\n        <div class=\"nm-product-category-inner\">\r\n            \r\n            <a href=\"https:\/\/www.haviland.fr\/en\/collection-heritage\/imperatrice-eugenie\/\">\r\n            <img loading=\"lazy\" decoding=\"async\" src=\"https:\/\/www.haviland.fr\/app\/uploads\/2025\/06\/Collection-Imperatrice-eugenie-Haviland-Porcelaine-Limoges.jpg\" alt=\"Imp\u00e9ratrice Eug\u00e9nie\" width=\"1200\" height=\"1200\" \/>            <\/a>\r\n\r\n            <div class=\"nm-product-category-text\">\r\n                <h1 class=\"nm-product-category-heading\"><a href=\"https:\/\/www.haviland.fr\/en\/collection-heritage\/imperatrice-eugenie\/\">Imp\u00e9ratrice Eug\u00e9nie<\/a><\/h1>\r\n                \r\n                            <\/div>\r\n\r\n                    <\/div>\r\n\r\n    <\/li>\r\n\r\n    <li class=\"product-category product last\">\r\n\r\n        <div class=\"nm-product-category-inner\">\r\n            \r\n            <a href=\"https:\/\/www.haviland.fr\/en\/collection-heritage\/louveciennes\/\">\r\n            <img loading=\"lazy\" decoding=\"async\" src=\"https:\/\/www.haviland.fr\/app\/uploads\/2025\/06\/Collection-Louveciennes-Haviland-Porcelaine-Limoges.jpg\" alt=\"Louveciennes\" width=\"1200\" height=\"1200\" \/>            <\/a>\r\n\r\n            <div class=\"nm-product-category-text\">\r\n                <h1 class=\"nm-product-category-heading\"><a href=\"https:\/\/www.haviland.fr\/en\/collection-heritage\/louveciennes\/\">Louveciennes<\/a><\/h1>\r\n                \r\n                            <\/div>\r\n\r\n                    <\/div>\r\n\r\n    <\/li>\r\n\r\n<\/ul>\r\n<\/div><\/div>[\/vc_column][\/vc_row]<\/p>\n<\/div>","protected":false},"excerpt":{"rendered":"<p>[vc_row][vc_column][vc_column_text css=&#8221;&#8221;] Through the originality of its designs, the refinement of its forms, and the elegance of its creations, Haviland has established itself as a leading name in French decorative arts. Tableware, vases, sculptures, and decorative objects reflect a unique craftsmanship that has contributed to the worldwide reputation of Limoges porcelain. From the late 19th &hellip;<\/p>\n","protected":false},"author":1236,"featured_media":0,"parent":0,"menu_order":0,"comment_status":"closed","ping_status":"closed","template":"","meta":{"footnotes":""},"class_list":["post-39978","page","type-page","status-publish","hentry"],"translation":{"provider":"WPGlobus","version":"3.0.0","language":"en","enabled_languages":["fr","en"],"languages":{"fr":{"title":true,"content":true,"excerpt":false},"en":{"title":true,"content":true,"excerpt":false}}},"yoast_head":"<!-- This site is optimized with the Yoast SEO plugin v24.4 - https:\/\/yoast.com\/wordpress\/plugins\/seo\/ -->\n<title>Haviland Icons \u2013 Limoges Porcelain<\/title>\n<meta name=\"description\" content=\"Discover Haviland\u2019s iconic collections: Limoges porcelain shaped by heritage, artistic collaboration, and exceptional craftsmanship.\" \/>\n<meta name=\"robots\" content=\"index, follow, max-snippet:-1, max-image-preview:large, max-video-preview:-1\" \/>\n<link rel=\"canonical\" href=\"https:\/\/www.haviland.fr\/icons\/\" \/>\n<meta property=\"og:locale\" content=\"en_US\" \/>\n<meta property=\"og:type\" content=\"article\" \/>\n<meta property=\"og:title\" content=\"Haviland Icons \u2013 Limoges Porcelain\" \/>\n<meta property=\"og:description\" content=\"Discover Haviland\u2019s iconic collections: Limoges porcelain shaped by heritage, artistic collaboration, and exceptional craftsmanship.\" \/>\n<meta property=\"og:url\" content=\"https:\/\/www.haviland.fr\/icons\/\" \/>\n<meta property=\"og:site_name\" content=\"Haviland\" \/>\n<meta property=\"article:publisher\" content=\"https:\/\/fr-fr.facebook.com\/havilandofficiel\/\" \/>\n<meta property=\"article:modified_time\" content=\"2026-04-22T10:57:57+00:00\" \/>\n<meta property=\"og:image\" content=\"https:\/\/www.haviland.fr\/app\/plugins\/js_composer\/assets\/vc\/logo\/wpb-logo-white_20.svg\" \/>\n<meta name=\"twitter:card\" content=\"summary_large_image\" \/>\n<meta name=\"twitter:label1\" content=\"Est. reading time\" \/>\n\t<meta name=\"twitter:data1\" content=\"1 minute\" \/>\n<script type=\"application\/ld+json\" class=\"yoast-schema-graph\">{\"@context\":\"https:\/\/schema.org\",\"@graph\":[{\"@type\":\"WebPage\",\"@id\":\"https:\/\/www.haviland.fr\/icons\/\",\"url\":\"https:\/\/www.haviland.fr\/icons\/\",\"name\":\"Haviland Icons \u2013 Limoges Porcelain\",\"isPartOf\":{\"@id\":\"https:\/\/www.haviland.fr\/en\/#website\"},\"primaryImageOfPage\":{\"@id\":\"https:\/\/www.haviland.fr\/icons\/#primaryimage\"},\"image\":{\"@id\":\"https:\/\/www.haviland.fr\/icons\/#primaryimage\"},\"thumbnailUrl\":\"https:\/\/www.haviland.fr\/app\/plugins\/js_composer\/assets\/vc\/logo\/wpb-logo-white_20.svg\",\"datePublished\":\"2025-06-03T17:01:13+00:00\",\"dateModified\":\"2026-04-22T10:57:57+00:00\",\"description\":\"Discover Haviland\u2019s iconic collections: Limoges porcelain shaped by heritage, artistic collaboration, and exceptional craftsmanship.\",\"breadcrumb\":{\"@id\":\"https:\/\/www.haviland.fr\/icons\/#breadcrumb\"},\"inLanguage\":\"en-US\",\"potentialAction\":[{\"@type\":\"ReadAction\",\"target\":[\"https:\/\/www.haviland.fr\/icons\/\"]}]},{\"@type\":\"ImageObject\",\"inLanguage\":\"en-US\",\"@id\":\"https:\/\/www.haviland.fr\/icons\/#primaryimage\",\"url\":\"https:\/\/www.haviland.fr\/app\/plugins\/js_composer\/assets\/vc\/logo\/wpb-logo-white_20.svg\",\"contentUrl\":\"https:\/\/www.haviland.fr\/app\/plugins\/js_composer\/assets\/vc\/logo\/wpb-logo-white_20.svg\"},{\"@type\":\"BreadcrumbList\",\"@id\":\"https:\/\/www.haviland.fr\/icons\/#breadcrumb\",\"itemListElement\":[{\"@type\":\"ListItem\",\"position\":1,\"name\":\"Accueil\",\"item\":\"https:\/\/www.haviland.fr\/\"},{\"@type\":\"ListItem\",\"position\":2,\"name\":\"IC\u00d4NES\"}]},{\"@type\":\"WebSite\",\"@id\":\"https:\/\/www.haviland.fr\/en\/#website\",\"url\":\"https:\/\/www.haviland.fr\/en\/\",\"name\":\"Haviland\",\"description\":\"Excellence in Limoges porcelain since 1842\",\"potentialAction\":[{\"@type\":\"SearchAction\",\"target\":{\"@type\":\"EntryPoint\",\"urlTemplate\":\"https:\/\/www.haviland.fr\/en\/?s={search_term_string}\"},\"query-input\":{\"@type\":\"PropertyValueSpecification\",\"valueRequired\":true,\"valueName\":\"search_term_string\"}}],\"inLanguage\":\"en-US\"}]}<\/script>\n<!-- \/ Yoast SEO plugin. -->","yoast_head_json":{"title":"Haviland Icons \u2013 Limoges Porcelain","description":"Discover Haviland\u2019s iconic collections: Limoges porcelain shaped by heritage, artistic collaboration, and exceptional craftsmanship.","robots":{"index":"index","follow":"follow","max-snippet":"max-snippet:-1","max-image-preview":"max-image-preview:large","max-video-preview":"max-video-preview:-1"},"canonical":"https:\/\/www.haviland.fr\/icons\/","og_locale":"en_US","og_type":"article","og_title":"Haviland Icons \u2013 Limoges Porcelain","og_description":"Discover Haviland\u2019s iconic collections: Limoges porcelain shaped by heritage, artistic collaboration, and exceptional craftsmanship.","og_url":"https:\/\/www.haviland.fr\/icons\/","og_site_name":"Haviland","article_publisher":"https:\/\/fr-fr.facebook.com\/havilandofficiel\/","article_modified_time":"2026-04-22T10:57:57+00:00","og_image":[{"url":"https:\/\/www.haviland.fr\/app\/plugins\/js_composer\/assets\/vc\/logo\/wpb-logo-white_20.svg","type":"","width":"","height":""}],"twitter_card":"summary_large_image","twitter_misc":{"Est. reading time":"1 minute"},"schema":{"@context":"https:\/\/schema.org","@graph":[{"@type":"WebPage","@id":"https:\/\/www.haviland.fr\/icons\/","url":"https:\/\/www.haviland.fr\/icons\/","name":"Haviland Icons \u2013 Limoges Porcelain","isPartOf":{"@id":"https:\/\/www.haviland.fr\/en\/#website"},"primaryImageOfPage":{"@id":"https:\/\/www.haviland.fr\/icons\/#primaryimage"},"image":{"@id":"https:\/\/www.haviland.fr\/icons\/#primaryimage"},"thumbnailUrl":"https:\/\/www.haviland.fr\/app\/plugins\/js_composer\/assets\/vc\/logo\/wpb-logo-white_20.svg","datePublished":"2025-06-03T17:01:13+00:00","dateModified":"2026-04-22T10:57:57+00:00","description":"Discover Haviland\u2019s iconic collections: Limoges porcelain shaped by heritage, artistic collaboration, and exceptional craftsmanship.","breadcrumb":{"@id":"https:\/\/www.haviland.fr\/icons\/#breadcrumb"},"inLanguage":"en-US","potentialAction":[{"@type":"ReadAction","target":["https:\/\/www.haviland.fr\/icons\/"]}]},{"@type":"ImageObject","inLanguage":"en-US","@id":"https:\/\/www.haviland.fr\/icons\/#primaryimage","url":"https:\/\/www.haviland.fr\/app\/plugins\/js_composer\/assets\/vc\/logo\/wpb-logo-white_20.svg","contentUrl":"https:\/\/www.haviland.fr\/app\/plugins\/js_composer\/assets\/vc\/logo\/wpb-logo-white_20.svg"},{"@type":"BreadcrumbList","@id":"https:\/\/www.haviland.fr\/icons\/#breadcrumb","itemListElement":[{"@type":"ListItem","position":1,"name":"Accueil","item":"https:\/\/www.haviland.fr\/"},{"@type":"ListItem","position":2,"name":"IC\u00d4NES"}]},{"@type":"WebSite","@id":"https:\/\/www.haviland.fr\/en\/#website","url":"https:\/\/www.haviland.fr\/en\/","name":"Haviland","description":"Excellence in Limoges porcelain since 1842","potentialAction":[{"@type":"SearchAction","target":{"@type":"EntryPoint","urlTemplate":"https:\/\/www.haviland.fr\/en\/?s={search_term_string}"},"query-input":{"@type":"PropertyValueSpecification","valueRequired":true,"valueName":"search_term_string"}}],"inLanguage":"en-US"}]}},"_links":{"self":[{"href":"https:\/\/www.haviland.fr\/en\/wp-json\/wp\/v2\/pages\/39978","targetHints":{"allow":["GET"]}}],"collection":[{"href":"https:\/\/www.haviland.fr\/en\/wp-json\/wp\/v2\/pages"}],"about":[{"href":"https:\/\/www.haviland.fr\/en\/wp-json\/wp\/v2\/types\/page"}],"author":[{"embeddable":true,"href":"https:\/\/www.haviland.fr\/en\/wp-json\/wp\/v2\/users\/1236"}],"replies":[{"embeddable":true,"href":"https:\/\/www.haviland.fr\/en\/wp-json\/wp\/v2\/comments?post=39978"}],"version-history":[{"count":26,"href":"https:\/\/www.haviland.fr\/en\/wp-json\/wp\/v2\/pages\/39978\/revisions"}],"predecessor-version":[{"id":41586,"href":"https:\/\/www.haviland.fr\/en\/wp-json\/wp\/v2\/pages\/39978\/revisions\/41586"}],"wp:attachment":[{"href":"https:\/\/www.haviland.fr\/en\/wp-json\/wp\/v2\/media?parent=39978"}],"curies":[{"name":"wp","href":"https:\/\/api.w.org\/{rel}","templated":true}]}}