{"id":34570,"date":"2024-03-06T18:10:52","date_gmt":"2024-03-06T17:10:52","guid":{"rendered":"https:\/\/www.haviland.fr\/wp\/?page_id=34570"},"modified":"2024-11-15T11:09:06","modified_gmt":"2024-11-15T10:09:06","slug":"haviland-vintage","status":"publish","type":"page","link":"https:\/\/www.haviland.fr\/en\/haviland-vintage\/","title":{"rendered":"Haviland Vintage"},"content":{"rendered":"<div class=\"wpb-content-wrapper\"><p>[vc_row type=&#8221;full-nopad&#8221; full_height=&#8221;yes&#8221; equal_height=&#8221;yes&#8221; content_placement=&#8221;middle&#8221; bg_type=&#8221;image&#8221; parallax_style=&#8221;vcpb-default&#8221; bg_override=&#8221;full&#8221; enable_overlay=&#8221;enable_overlay_value&#8221; overlay_color=&#8221;#000000&#8243; overlay_pattern=&#8221;transperant&#8221; overlay_pattern_opacity=&#8221;80&#8243; css=&#8221;.vc_custom_1709826155212{border-top-width: 100px !important;border-bottom-width: 100px !important;padding-top: 0px !important;padding-right: 0px !important;padding-bottom: 0px !important;padding-left: 0px !important;background-image: url(https:\/\/www.haviland.fr\/app\/uploads\/2024\/03\/Savoir-Faire-2-scaled.jpg?id=34571) !important;background-position: center !important;background-repeat: no-repeat !important;background-size: cover !important;}&#8221;][vc_column css=&#8221;.vc_custom_1709807996588{padding-top: 40px !important;padding-right: 40px !important;padding-bottom: 40px !important;padding-left: 40px !important;}&#8221;][vc_row_inner content_placement=&#8221;middle&#8221;][vc_column_inner width=&#8221;1\/2&#8243;]<div id=\"ultimate-heading-862969f2889e3d1f6\" class=\"uvc-heading ult-adjust-bottom-margin ultimate-heading-862969f2889e3d1f6 uvc-9300 \" data-hspacer=\"no_spacer\"  data-halign=\"center\" style=\"text-align:center\"><div class=\"uvc-heading-spacer no_spacer\" style=\"top\"><\/div><div class=\"uvc-main-heading ult-responsive\"  data-ultimate-target='.uvc-heading.ultimate-heading-862969f2889e3d1f6 h2'  data-responsive-json-new='{\"font-size\":\"desktop:90px;mobile:50px;\",\"line-height\":\"\"}' ><h2 style=\"font-weight:bold;color:#ffffff;\">La certification Haviland<\/h2><\/div><\/div>[\/vc_column_inner][vc_column_inner width=&#8221;1\/2&#8243;][vc_empty_space][vc_column_text]<\/p>\n<h2 style=\"text-align: left;\"><span style=\"color: #ffffff;\"><strong>Parce que chacune de nos pi\u00e8ces de porcelaine <\/strong><\/span><\/h2>\n<h2 style=\"text-align: left;\"><span style=\"color: #ffffff;\"><strong>est <\/strong><\/span><strong><span style=\"color: #ffffff;\">intemporelle et m\u00e9rite histoire\u00a0<span style=\"caret-color: #ffffff;\">renouvel\u00e9e<\/span>.<\/span><\/strong><\/h2>\n<p>[\/vc_column_text][vc_empty_space]\r\n\t\t\t<div class=\"nm_btn_align_left\">\r\n\t\t\t\t<a href=\"https:\/\/www.haviland.fr\/wp\/haviland-vintage-formulaire\/\" class=\"nm_btn nm_btn_lg nm_btn_filled\" title=\"Haviland Vintage Formulaire\">\r\n\t\t\t\t\t<span class=\"nm_btn_title\">COMMENCER UNE VENTE<\/span>\r\n\t\t\t\t\t<span class=\"nm_btn_bg\" style=\"background-color:#d0b88e;\"><\/span>\r\n\t\t\t\t<\/a>\r\n\t\t\t<\/div>[\/vc_column_inner][\/vc_row_inner][\/vc_column][\/vc_row][vc_row][vc_column][vc_empty_space height=&#8221;60px&#8221;][\/vc_column][\/vc_row][vc_row type=&#8221;boxed&#8221;][vc_column width=&#8221;1\/2&#8243;]<div id=\"ultimate-heading-709769f2889e3d256\" class=\"uvc-heading ult-adjust-bottom-margin ultimate-heading-709769f2889e3d256 uvc-5813 \" data-hspacer=\"no_spacer\"  data-halign=\"left\" style=\"text-align:left\"><div class=\"uvc-heading-spacer no_spacer\" style=\"top\"><\/div><div class=\"uvc-main-heading ult-responsive\"  data-ultimate-target='.uvc-heading.ultimate-heading-709769f2889e3d256 h2'  data-responsive-json-new='{\"font-size\":\"desktop:50px;\",\"line-height\":\"\"}' ><h2 style=\"font-weight:normal;\">Une garantie d'authenciti\u00e9<\/h2><\/div><\/div>[\/vc_column][vc_column width=&#8221;1\/2&#8243;]<div id=\"ultimate-heading-574269f2889e3d26c\" class=\"uvc-heading ult-adjust-bottom-margin ultimate-heading-574269f2889e3d26c uvc-356 \" data-hspacer=\"no_spacer\"  data-halign=\"left\" style=\"text-align:left\"><div class=\"uvc-heading-spacer no_spacer\" style=\"top\"><\/div><div class=\"uvc-main-heading ult-responsive\"  data-ultimate-target='.uvc-heading.ultimate-heading-574269f2889e3d26c h2'  data-responsive-json-new='{\"font-size\":\"\",\"line-height\":\"\"}' ><h2 style=\"font-weight:normal;margin-top:15px;\">Le programme Haviland certifi\u00e9 Pre-Owned<\/h2><\/div><\/div>[vc_empty_space][vc_column_text]<\/p>\n<p style=\"text-align: left;\">Chez Haviland, nous croyons en la pr\u00e9servation de la beaut\u00e9<br \/>\nintemporelle de nos cr\u00e9ations. C&#8217;est pourquoi nous sommes fiers de<br \/>\nvous pr\u00e9senter notre programme certifi\u00e9 de porcelaine vintage.<br \/>\nCertifi\u00e9s authentiques et garantis par nos soins, l&#8217;\u00e9l\u00e9gance<br \/>\nintemporelle de ces mod\u00e8les vintage n&#8217;aura de cesse de vous<br \/>\ns\u00e9duire.<\/p>\n<p>[\/vc_column_text][\/vc_column][\/vc_row][vc_row type=&#8221;boxed&#8221;][vc_column][vc_empty_space][\/vc_column][\/vc_row][vc_row type=&#8221;boxed&#8221;][vc_column width=&#8221;1\/3&#8243;]<div class=\"reassurance-bloc-element\"><div class=\"block-title\"><div><\/div><\/div><div class=\"reassurance-bloc\"><div class=\"reassurance-bloc-item\"><img decoding=\"async\" src=\"https:\/\/www.haviland.fr\/app\/uploads\/2024\/03\/magnifying-glass-sharp-light.png\" alt=\"\"><div class=\"bloc-item-title\">Contr\u00f4le<\/div><div class=\"bloc-item-description\">Nous effectuons un contr\u00f4le de chaque pi\u00e8ce re\u00e7ue avec une grande minutie et v\u00e9rifions qu'elles r\u00e9pondent \u00e0 nos normes de qualit\u00e9.<\/div><\/div><\/div><\/div>[\/vc_column][vc_column width=&#8221;1\/3&#8243;][vc_empty_space height=&#8221;190px&#8221;]\r\n\t\t\t<div class=\"nm_btn_align_center\">\r\n\t\t\t\t<a href=\"https:\/\/www.haviland.fr\/wp\/haviland-vintage-formulaire\/\" class=\"nm_btn nm_btn_lg nm_btn_filled\" title=\"Haviland Vintage Formulaire\">\r\n\t\t\t\t\t<span class=\"nm_btn_title\">COMMENCER UNE VENTE<\/span>\r\n\t\t\t\t\t<span class=\"nm_btn_bg\" style=\"background-color:#d0b88e;\"><\/span>\r\n\t\t\t\t<\/a>\r\n\t\t\t<\/div>[\/vc_column][vc_column width=&#8221;1\/3&#8243;]<div class=\"reassurance-bloc-element\"><div class=\"block-title\"><div><\/div><\/div><div class=\"reassurance-bloc\"><div class=\"reassurance-bloc-item\"><img decoding=\"async\" src=\"https:\/\/www.haviland.fr\/app\/uploads\/2024\/03\/file-certificate-light.png\" alt=\"\"><div class=\"bloc-item-title\">Certification<\/div><div class=\"bloc-item-description\">Nous d\u00e9livrons un certificat d'authenticit\u00e9 \u00e0 chaque nouvel acheteur ainsi qu'un gage de qualit\u00e9 et de fiabilit\u00e9 en passant par notre programme.<\/div><\/div><\/div><\/div>[\/vc_column][\/vc_row][vc_row type=&#8221;boxed&#8221;][vc_column][vc_empty_space][\/vc_column][\/vc_row][vc_row type=&#8221;boxed&#8221;][vc_column width=&#8221;1\/2&#8243;][vc_empty_space height=&#8221;15px&#8221;]<div id=\"ultimate-heading-215669f2889e3d5c8\" class=\"uvc-heading ult-adjust-bottom-margin ultimate-heading-215669f2889e3d5c8 uvc-2719 \" data-hspacer=\"no_spacer\"  data-halign=\"center\" style=\"text-align:center\"><div class=\"uvc-heading-spacer no_spacer\" style=\"top\"><\/div><div class=\"uvc-main-heading ult-responsive\"  data-ultimate-target='.uvc-heading.ultimate-heading-215669f2889e3d5c8 h2'  data-responsive-json-new='{\"font-size\":\"\",\"line-height\":\"\"}' ><h2 style=\"font-weight:normal;\">Revendre sa porcelaine<\/h2><\/div><\/div>[vc_empty_space][vc_column_text]Rejoignez notre communaut\u00e9 de collectionneurs et d&#8217;amateurs d&#8217;art de vivre \u00e0 la fran\u00e7aise en vendant vos pi\u00e8ces de porcelaine Haviland.<\/p>\n<p>Que ce soit une assiette, une tasse \u00e0 caf\u00e9 ou un service complet, chaque pi\u00e8ce \u00e0 le potentiel d&#8217;\u00eatre appr\u00e9ci\u00e9e \u00e0 nouveau par des amateurs de beaut\u00e9 intemporelle.<\/p>\n<p>QUELLE EST LA MARCHE A SUIVRE ?<\/p>\n<ol>\n<li>Remplir le formulaire et fournir un dossier<\/li>\n<li>Acceptation du dossier par nos experts, \u00e9tude et estimation<\/li>\n<li>Validation entre la Maison et le vendeur des conditions<\/li>\n<li>Certification et authentification avec \u00e9dition de documents officiels<\/li>\n<li>Prise en photos des pi\u00e8ces<\/li>\n<li>Mise en vente au Pavillon pendant 3 mois aupr\u00e8s de notre r\u00e9seau de distribution<\/li>\n<li>Validation de la vente<\/li>\n<li>Exp\u00e9dition de la pi\u00e8ce<\/li>\n<\/ol>\n<p>[\/vc_column_text][vc_empty_space height=&#8221;42px&#8221;]\r\n\t\t\t<div class=\"nm_btn_align_center\">\r\n\t\t\t\t<a href=\"https:\/\/www.haviland.fr\/wp\/haviland-vintage-formulaire\/\" class=\"nm_btn nm_btn_lg nm_btn_filled\" title=\"Haviland Vintage Formulaire\">\r\n\t\t\t\t\t<span class=\"nm_btn_title\">COMMENCER UNE VENTE<\/span>\r\n\t\t\t\t\t<span class=\"nm_btn_bg\" style=\"background-color:#d0b88e;\"><\/span>\r\n\t\t\t\t<\/a>\r\n\t\t\t<\/div>[vc_empty_space height=&#8221;42px&#8221;][\/vc_column][vc_column width=&#8221;1\/2&#8243;][vc_single_image image=&#8221;34576&#8243; img_size=&#8221;large&#8221; alignment=&#8221;right&#8221;][\/vc_column][\/vc_row][vc_row type=&#8221;boxed&#8221;][vc_column][vc_empty_space height=&#8221;150px&#8221;][\/vc_column][\/vc_row][vc_row type=&#8221;boxed&#8221;][vc_column width=&#8221;1\/2&#8243;][vc_single_image image=&#8221;34577&#8243; img_size=&#8221;large&#8221; alignment=&#8221;right&#8221;][\/vc_column][vc_column width=&#8221;1\/2&#8243;][vc_empty_space height=&#8221;100px&#8221;]<div id=\"ultimate-heading-285269f2889e3d5ff\" class=\"uvc-heading ult-adjust-bottom-margin ultimate-heading-285269f2889e3d5ff uvc-8569 \" data-hspacer=\"no_spacer\"  data-halign=\"center\" style=\"text-align:center\"><div class=\"uvc-heading-spacer no_spacer\" style=\"top\"><\/div><div class=\"uvc-main-heading ult-responsive\"  data-ultimate-target='.uvc-heading.ultimate-heading-285269f2889e3d5ff h2'  data-responsive-json-new='{\"font-size\":\"\",\"line-height\":\"\"}' ><h2 style=\"font-weight:normal;\">Acheter l\u2019une de nos pi\u00e8ces Vintage<\/h2><\/div><\/div>[vc_empty_space][vc_column_text]<\/p>\n<p style=\"text-align: center;\">Venez d\u00e9couvrir notre s\u00e9lection de pi\u00e8ces de<br \/>\nseconde-main garanties et certifi\u00e9es par les experts<br \/>\nde la Maison Haviland.<\/p>\n<p>[\/vc_column_text][vc_empty_space]\r\n\t\t\t<div class=\"nm_btn_align_center\">\r\n\t\t\t\t<a href=\"https:\/\/www.haviland.fr\/wp\/points-de-vente\/\" class=\"nm_btn nm_btn_lg nm_btn_filled\" title=\"Nos points de vente\">\r\n\t\t\t\t\t<span class=\"nm_btn_title\">SE RENDRE AU PAVILLON<\/span>\r\n\t\t\t\t\t<span class=\"nm_btn_bg\" style=\"background-color:#d0b88e;\"><\/span>\r\n\t\t\t\t<\/a>\r\n\t\t\t<\/div>[\/vc_column][\/vc_row][vc_row][vc_column][vc_empty_space height=&#8221;100px&#8221;][\/vc_column][\/vc_row][vc_row type=&#8221;boxed&#8221;][vc_column width=&#8221;1\/2&#8243;]<div id=\"ultimate-heading-657269f2889e3d629\" class=\"uvc-heading ult-adjust-bottom-margin ultimate-heading-657269f2889e3d629 uvc-6460 \" data-hspacer=\"no_spacer\"  data-halign=\"left\" style=\"text-align:left\"><div class=\"uvc-heading-spacer no_spacer\" style=\"top\"><\/div><div class=\"uvc-main-heading ult-responsive\"  data-ultimate-target='.uvc-heading.ultimate-heading-657269f2889e3d629 h2'  data-responsive-json-new='{\"font-size\":\"desktop:50px;\",\"line-height\":\"\"}' ><h2 style=\"font-weight:normal;\">Nos engagements<\/h2><\/div><\/div>[vc_empty_space height=&#8221;60px&#8221;][vc_single_image image=&#8221;34628&#8243; img_size=&#8221;medium&#8221;][\/vc_column][vc_column width=&#8221;1\/2&#8243;]<div id=\"ultimate-heading-390569f2889e3d63b\" class=\"uvc-heading ult-adjust-bottom-margin ultimate-heading-390569f2889e3d63b uvc-6416 \" data-hspacer=\"no_spacer\"  data-halign=\"left\" style=\"text-align:left\"><div class=\"uvc-heading-spacer no_spacer\" style=\"top\"><\/div><div class=\"uvc-main-heading ult-responsive\"  data-ultimate-target='.uvc-heading.ultimate-heading-390569f2889e3d63b h2'  data-responsive-json-new='{\"font-size\":\"\",\"line-height\":\"\"}' ><h2 style=\"font-weight:normal;margin-top:15px;\">Proposer un luxe \u00e9thique et fiable<\/h2><\/div><\/div>[vc_empty_space][vc_column_text]Chez Haviland, notre engagement envers l&#8217;excellence et la<br \/>\ndurabilit\u00e9 guide chacune de nos actions. Nous sommes fiers<br \/>\nde notre h\u00e9ritage de fabrication de porcelaine fran\u00e7aise de<br \/>\nqualit\u00e9 sup\u00e9rieure et nous nous engageons \u00e0 pr\u00e9server cet<br \/>\nartisanat pr\u00e9cieux pour les g\u00e9n\u00e9rations futures.<\/p>\n<p>En tant que gardiens de cet art, nous nous effor\u00e7ons de<br \/>\nminimiser notre empreinte environnementale \u00e0 chaque<br \/>\n\u00e9tape de notre processus de production. Nous cherchons<br \/>\ncontinuellement des moyens d&#8217;innover tout en pr\u00e9servant<br \/>\nnotre tradition s\u00e9culaire.<\/p>\n<p>Notre programme de porcelaine certifi\u00e9e pre-owned incarne<br \/>\nnotre engagement envers la durabilit\u00e9. En donnant une<br \/>\nnouvelle vie \u00e0 nos pi\u00e8ces, nous prolongeons leur histoire et<br \/>\nr\u00e9duisons notre impact sur la plan\u00e8te.<\/p>\n<p>Notre service vous garantie une s\u00e9curit\u00e9, une fiabilit\u00e9 et une<br \/>\nqualit\u00e9.[\/vc_column_text][\/vc_column][\/vc_row][vc_row][vc_column][vc_empty_space height=&#8221;70px&#8221;]\r\n\t\t\t<div class=\"nm_btn_align_center\">\r\n\t\t\t\t<a href=\"https:\/\/www.haviland.fr\/wp\/haviland-vintage-formulaire\/\" class=\"nm_btn nm_btn_lg nm_btn_filled\" title=\"Haviland Vintage Formulaire\">\r\n\t\t\t\t\t<span class=\"nm_btn_title\">COMMENCER UNE VENTE<\/span>\r\n\t\t\t\t\t<span class=\"nm_btn_bg\" style=\"background-color:#d0b88e;\"><\/span>\r\n\t\t\t\t<\/a>\r\n\t\t\t<\/div>[vc_empty_space height=&#8221;90px&#8221;][\/vc_column][\/vc_row][vc_row type=&#8221;boxed&#8221;][vc_column]<div id=\"ultimate-heading-348069f2889e3d65f\" class=\"uvc-heading ult-adjust-bottom-margin ultimate-heading-348069f2889e3d65f uvc-9142 \" data-hspacer=\"no_spacer\"  data-halign=\"center\" style=\"text-align:center\"><div class=\"uvc-heading-spacer no_spacer\" style=\"top\"><\/div><div class=\"uvc-main-heading ult-responsive\"  data-ultimate-target='.uvc-heading.ultimate-heading-348069f2889e3d65f h2'  data-responsive-json-new='{\"font-size\":\"\",\"line-height\":\"\"}' ><h2 style=\"font-weight:normal;\">Contactez-nous<\/h2><\/div><\/div>[vc_column_text]<\/p>\n<p style=\"text-align: center;\">Suivez notre actualit\u00e9 et les nouveaux arrivages sur nos R\u00e9seaux sociaux !<\/p>\n<p>[\/vc_column_text][vc_column_text]<\/p>\n<p style=\"text-align: center;\">Une question ? Envoyez nous votre demande, nos \u00e9quipes reviendront vers vous dans les plus brefs d\u00e9lais.<\/p>\n<p>[\/vc_column_text][vc_empty_space][vc_empty_space][\/vc_column][\/vc_row][vc_row type=&#8221;boxed&#8221;][vc_column width=&#8221;1\/2&#8243;]<div class=\"ult-content-box-container \" >\t\t<div class=\"ult-content-box\" style=\"-webkit-transition: all 700ms ease;-moz-transition: all 700ms ease;-ms-transition: all 700ms ease;-o-transition: all 700ms ease;transition: all 700ms ease;\"    ><div id=\"ultimate-heading-631969f2889e3d6d0\" class=\"uvc-heading ult-adjust-bottom-margin ultimate-heading-631969f2889e3d6d0 uvc-4818 \" data-hspacer=\"no_spacer\"  data-halign=\"center\" style=\"text-align:center\"><div class=\"uvc-heading-spacer no_spacer\" style=\"top\"><\/div><div class=\"uvc-main-heading ult-responsive\"  data-ultimate-target='.uvc-heading.ultimate-heading-631969f2889e3d6d0 h2'  data-responsive-json-new='{\"font-size\":\"\",\"line-height\":\"\"}' ><h2 style=\"font-weight:normal;\">Besoin d'aide?<\/h2><\/div><\/div>[vc_column_text]Les r\u00e9ponses \u00e0 vos questions se trouvent certainement dans\u00a0<a href=\"https:\/\/www.haviland.fr\/wp\/faq\/?v=11aedd0e4327\">les questions fr\u00e9quentes<\/a>[\/vc_column_text]\t\t<\/div><\/div>[\/vc_column][vc_column width=&#8221;1\/2&#8243;]<div class=\"ult-content-box-container \" >\t\t<div class=\"ult-content-box\" style=\"-webkit-transition: all 700ms ease;-moz-transition: all 700ms ease;-ms-transition: all 700ms ease;-o-transition: all 700ms ease;transition: all 700ms ease;\"    ><div id=\"ultimate-heading-323769f2889e3d715\" class=\"uvc-heading ult-adjust-bottom-margin ultimate-heading-323769f2889e3d715 uvc-479 \" data-hspacer=\"no_spacer\"  data-halign=\"center\" style=\"text-align:center\"><div class=\"uvc-heading-spacer no_spacer\" style=\"top\"><\/div><div class=\"uvc-main-heading ult-responsive\"  data-ultimate-target='.uvc-heading.ultimate-heading-323769f2889e3d715 h2'  data-responsive-json-new='{\"font-size\":\"\",\"line-height\":\"\"}' ><h2 style=\"font-weight:normal;\">Nos points de vente<\/h2><\/div><\/div>[vc_column_text]Vous recherchez un point de vente Haviland,\u00a0<a href=\"https:\/\/www.haviland.fr\/wp\/points-de-vente?v=11aedd0e4327\">trouvez un point de vente<\/a>[\/vc_column_text]\t\t<\/div><\/div>[\/vc_column][\/vc_row][vc_row][vc_column][vc_empty_space][\/vc_column][\/vc_row][vc_row type=&#8221;boxed&#8221;][vc_column width=&#8221;1\/2&#8243; offset=&#8221;vc_col-lg-offset-3 vc_col-md-offset-3&#8243;][vc_column_text]<\/p>\n<p style=\"text-align: center;\">Vous pouvez \u00e9galement nous laissez un message en remplissant le formulaire ci-dessous, nous reviendrons rapidement vers vous.<\/p>\n<p>[\/vc_column_text][vc_row_inner][vc_column_inner][vc_raw_html]JTVCY2Y3Zm9ybSUyMGNmN2tleSUzRCUyMmNvbnRhY3QtZnIlMjIlNUQ=[\/vc_raw_html][\/vc_column_inner][\/vc_row_inner][vc_empty_space][\/vc_column][\/vc_row]<\/p>\n<\/div>","protected":false},"excerpt":{"rendered":"<p>[vc_row type=&#8221;full-nopad&#8221; full_height=&#8221;yes&#8221; equal_height=&#8221;yes&#8221; content_placement=&#8221;middle&#8221; bg_type=&#8221;image&#8221; parallax_style=&#8221;vcpb-default&#8221; bg_override=&#8221;full&#8221; enable_overlay=&#8221;enable_overlay_value&#8221; overlay_color=&#8221;#000000&#8243; overlay_pattern=&#8221;transperant&#8221; overlay_pattern_opacity=&#8221;80&#8243; css=&#8221;.vc_custom_1709826155212{border-top-width: 100px !important;border-bottom-width: 100px !important;padding-top: 0px !important;padding-right: 0px !important;padding-bottom: 0px !important;padding-left: 0px !important;background-image: url(https:\/\/www.haviland.fr\/app\/uploads\/2024\/03\/Savoir-Faire-2-scaled.jpg?id=34571) !important;background-position: center !important;background-repeat: no-repeat !important;background-size: cover !important;}&#8221;][vc_column css=&#8221;.vc_custom_1709807996588{padding-top: 40px !important;padding-right: 40px !important;padding-bottom: 40px !important;padding-left: 40px !important;}&#8221;][vc_row_inner content_placement=&#8221;middle&#8221;][vc_column_inner width=&#8221;1\/2&#8243;][\/vc_column_inner][vc_column_inner width=&#8221;1\/2&#8243;][vc_empty_space][vc_column_text] Parce que chacune de nos pi\u00e8ces de porcelaine est intemporelle &hellip;<\/p>\n","protected":false},"author":1272,"featured_media":0,"parent":0,"menu_order":0,"comment_status":"closed","ping_status":"closed","template":"templates\/page-full.php","meta":{"footnotes":""},"class_list":["post-34570","page","type-page","status-publish","hentry"],"translation":{"provider":"WPGlobus","version":"3.0.0","language":"en","enabled_languages":["fr","en"],"languages":{"fr":{"title":true,"content":true,"excerpt":false},"en":{"title":false,"content":false,"excerpt":false}}},"yoast_head":"<!-- This site is optimized with the Yoast SEO plugin v24.4 - https:\/\/yoast.com\/wordpress\/plugins\/seo\/ -->\n<title>Haviland Vintage - Haviland<\/title>\n<meta name=\"robots\" content=\"index, follow, max-snippet:-1, max-image-preview:large, max-video-preview:-1\" \/>\n<link rel=\"canonical\" href=\"https:\/\/www.haviland.fr\/haviland-vintage\/\" \/>\n<meta property=\"og:locale\" content=\"en_US\" \/>\n<meta property=\"og:type\" content=\"article\" \/>\n<meta property=\"og:title\" content=\"Haviland Vintage - Haviland\" \/>\n<meta property=\"og:url\" content=\"https:\/\/www.haviland.fr\/haviland-vintage\/\" \/>\n<meta property=\"og:site_name\" content=\"Haviland\" \/>\n<meta property=\"article:publisher\" content=\"https:\/\/fr-fr.facebook.com\/havilandofficiel\/\" \/>\n<meta property=\"article:modified_time\" content=\"2024-11-15T10:09:06+00:00\" \/>\n<meta name=\"twitter:card\" content=\"summary_large_image\" \/>\n<meta name=\"twitter:label1\" content=\"Est. reading time\" \/>\n\t<meta name=\"twitter:data1\" content=\"3 minutes\" \/>\n<script type=\"application\/ld+json\" class=\"yoast-schema-graph\">{\"@context\":\"https:\/\/schema.org\",\"@graph\":[{\"@type\":\"WebPage\",\"@id\":\"https:\/\/www.haviland.fr\/haviland-vintage\/\",\"url\":\"https:\/\/www.haviland.fr\/haviland-vintage\/\",\"name\":\"Haviland Vintage - Haviland\",\"isPartOf\":{\"@id\":\"https:\/\/www.haviland.fr\/en\/#website\"},\"datePublished\":\"2024-03-06T17:10:52+00:00\",\"dateModified\":\"2024-11-15T10:09:06+00:00\",\"breadcrumb\":{\"@id\":\"https:\/\/www.haviland.fr\/haviland-vintage\/#breadcrumb\"},\"inLanguage\":\"en-US\",\"potentialAction\":[{\"@type\":\"ReadAction\",\"target\":[\"https:\/\/www.haviland.fr\/haviland-vintage\/\"]}]},{\"@type\":\"BreadcrumbList\",\"@id\":\"https:\/\/www.haviland.fr\/haviland-vintage\/#breadcrumb\",\"itemListElement\":[{\"@type\":\"ListItem\",\"position\":1,\"name\":\"Accueil\",\"item\":\"https:\/\/www.haviland.fr\/\"},{\"@type\":\"ListItem\",\"position\":2,\"name\":\"Haviland Vintage\"}]},{\"@type\":\"WebSite\",\"@id\":\"https:\/\/www.haviland.fr\/en\/#website\",\"url\":\"https:\/\/www.haviland.fr\/en\/\",\"name\":\"Haviland\",\"description\":\"Excellence in Limoges porcelain since 1842\",\"potentialAction\":[{\"@type\":\"SearchAction\",\"target\":{\"@type\":\"EntryPoint\",\"urlTemplate\":\"https:\/\/www.haviland.fr\/en\/?s={search_term_string}\"},\"query-input\":{\"@type\":\"PropertyValueSpecification\",\"valueRequired\":true,\"valueName\":\"search_term_string\"}}],\"inLanguage\":\"en-US\"}]}<\/script>\n<!-- \/ Yoast SEO plugin. -->","yoast_head_json":{"title":"Haviland Vintage - Haviland","robots":{"index":"index","follow":"follow","max-snippet":"max-snippet:-1","max-image-preview":"max-image-preview:large","max-video-preview":"max-video-preview:-1"},"canonical":"https:\/\/www.haviland.fr\/haviland-vintage\/","og_locale":"en_US","og_type":"article","og_title":"Haviland Vintage - Haviland","og_url":"https:\/\/www.haviland.fr\/haviland-vintage\/","og_site_name":"Haviland","article_publisher":"https:\/\/fr-fr.facebook.com\/havilandofficiel\/","article_modified_time":"2024-11-15T10:09:06+00:00","twitter_card":"summary_large_image","twitter_misc":{"Est. reading time":"3 minutes"},"schema":{"@context":"https:\/\/schema.org","@graph":[{"@type":"WebPage","@id":"https:\/\/www.haviland.fr\/haviland-vintage\/","url":"https:\/\/www.haviland.fr\/haviland-vintage\/","name":"Haviland Vintage - Haviland","isPartOf":{"@id":"https:\/\/www.haviland.fr\/en\/#website"},"datePublished":"2024-03-06T17:10:52+00:00","dateModified":"2024-11-15T10:09:06+00:00","breadcrumb":{"@id":"https:\/\/www.haviland.fr\/haviland-vintage\/#breadcrumb"},"inLanguage":"en-US","potentialAction":[{"@type":"ReadAction","target":["https:\/\/www.haviland.fr\/haviland-vintage\/"]}]},{"@type":"BreadcrumbList","@id":"https:\/\/www.haviland.fr\/haviland-vintage\/#breadcrumb","itemListElement":[{"@type":"ListItem","position":1,"name":"Accueil","item":"https:\/\/www.haviland.fr\/"},{"@type":"ListItem","position":2,"name":"Haviland Vintage"}]},{"@type":"WebSite","@id":"https:\/\/www.haviland.fr\/en\/#website","url":"https:\/\/www.haviland.fr\/en\/","name":"Haviland","description":"Excellence in Limoges porcelain since 1842","potentialAction":[{"@type":"SearchAction","target":{"@type":"EntryPoint","urlTemplate":"https:\/\/www.haviland.fr\/en\/?s={search_term_string}"},"query-input":{"@type":"PropertyValueSpecification","valueRequired":true,"valueName":"search_term_string"}}],"inLanguage":"en-US"}]}},"_links":{"self":[{"href":"https:\/\/www.haviland.fr\/en\/wp-json\/wp\/v2\/pages\/34570","targetHints":{"allow":["GET"]}}],"collection":[{"href":"https:\/\/www.haviland.fr\/en\/wp-json\/wp\/v2\/pages"}],"about":[{"href":"https:\/\/www.haviland.fr\/en\/wp-json\/wp\/v2\/types\/page"}],"author":[{"embeddable":true,"href":"https:\/\/www.haviland.fr\/en\/wp-json\/wp\/v2\/users\/1272"}],"replies":[{"embeddable":true,"href":"https:\/\/www.haviland.fr\/en\/wp-json\/wp\/v2\/comments?post=34570"}],"version-history":[{"count":0,"href":"https:\/\/www.haviland.fr\/en\/wp-json\/wp\/v2\/pages\/34570\/revisions"}],"wp:attachment":[{"href":"https:\/\/www.haviland.fr\/en\/wp-json\/wp\/v2\/media?parent=34570"}],"curies":[{"name":"wp","href":"https:\/\/api.w.org\/{rel}","templated":true}]}}