{"id":2968,"date":"2017-03-21T18:22:19","date_gmt":"2017-03-21T17:22:19","guid":{"rendered":"https:\/\/www.haviland.fr\/wp\/?page_id=2968"},"modified":"2025-06-10T17:52:19","modified_gmt":"2025-06-10T16:52:19","slug":"mentions-legales","status":"publish","type":"page","link":"https:\/\/www.haviland.fr\/en\/mentions-legales\/","title":{"rendered":"Mentions l\u00e9gales"},"content":{"rendered":"<div class=\"wpb-content-wrapper\"><p>[vc_row css=&#8221;.vc_custom_1516797069230{margin-top: 30px !important;margin-bottom: 30px !important;}&#8221;][vc_column width=&#8221;5\/6&#8243; offset=&#8221;vc_col-lg-offset-1&#8243;]<div id=\"ultimate-heading-995269fc2d4619406\" class=\"uvc-heading ult-adjust-bottom-margin ultimate-heading-995269fc2d4619406 uvc-6727 \" data-hspacer=\"no_spacer\"  data-halign=\"left\" style=\"text-align:left\"><div class=\"uvc-heading-spacer no_spacer\" style=\"top\"><\/div><div class=\"uvc-main-heading ult-responsive\"  data-ultimate-target='.uvc-heading.ultimate-heading-995269fc2d4619406 h1'  data-responsive-json-new='{\"font-size\":\"desktop:23px;\",\"line-height\":\"\"}' ><h1 style=\"font-weight:normal;color:#262626;margin-bottom:15px;\">Mentions L\u00e9gales<\/h1><\/div><\/div><div class=\"ult-content-box-container \" >\t\t<div class=\"ult-content-box\" style=\"background-color:#f9f9f9;box-shadow: px px px px none;padding:20px;margin-top:20px;margin-bottom:20px;-webkit-transition: all 700ms ease;-moz-transition: all 700ms ease;-ms-transition: all 700ms ease;-o-transition: all 700ms ease;transition: all 700ms ease;\"  data-hover_box_shadow=\"none\"    data-normal_margins=\"margin-top:20px;margin-bottom:20px;\"   data-bg=\"#f9f9f9\" >[vc_column_text css=&#8221;&#8221;]<strong>Informations et contacts<\/strong><\/p>\n<p>Le site\u00a0 \u00ab www.haviland.fr \u00a0\u00bb appartient \u00e0 la soci\u00e9t\u00e9 HAVILAND (ci-apr\u00e8s \u00ab HAVILAND \u00bb) qui l\u2019exploite et dont le si\u00e8ge social est situ\u00e9 25 rue Philippe Lebon, ZI Nord, 87280 Limoges France TEL :+33 (0) 5 55 04 73 00 ; S.A.S, au capital de 6 670 064 \u20ac inscrite au Registre du Commerce et des Soci\u00e9t\u00e9s de Paris sous le num\u00e9ro 347 994 337, NAF 2341Z, N\u00b0 de TVA intracommunautaire FR 56 347 994 337.<\/p>\n<p>HAVILAND est un acteur majeur de l\u2019art de la table et de l\u2019art d\u00e9coratif haut de gamme qui image, cr\u00e9e, fabrique et commercialise des objets en porcelaine qui incarnent l\u2019art de vivre \u00e0 la fran\u00e7aise. Elle a acquis une tr\u00e8s grande notori\u00e9t\u00e9 dans le monde compte tenu de l\u2019exceptionnelle qualit\u00e9 de ses cr\u00e9ations et de ses collaborations artistiques depuis plus de 170 ans. HAVILAND assure, notamment, la commercialisation de certaines pi\u00e8ces \u00e0 des clients non professionnels, par l&#8217;interm\u00e9diaire de son site \u00ab\u00a0www.haviland.fr\u00a0\u00bb (ci-apr\u00e8s \u00abwww.\u00a0haviland.fr\u00a0\u00bb ou \u00ab\u00a0le Site\u00a0\u00bb).<\/p>\n<p>Chaque Client peut contacter directement la soci\u00e9t\u00e9 Haviland par\u00a0:<\/p>\n<ul>\n<li>Courrier : Soci\u00e9t\u00e9 Haviland, Service web, 25 rue Philippe Lebon, ZI Nord, 87280 Limoges<\/li>\n<li>Email : <a href=\"mailto:contact.web@haviland.fr\">web@h<\/a><a href=\"mailto:contact.web@haviland.fr\">aviland.fr<\/a><\/li>\n<\/ul>\n<p><strong><u>Index \u00c9galit\u00e9 Professionnelle<\/u><\/strong><\/p>\n<p>Index Egalit\u00e9 Femmes \u2013 Hommes 2025 au titre des donn\u00e9es 2024 : 98 \/ 100 points :<\/p>\n<p>Indicateur n\u00b01 : 38 \/ 40 points<\/p>\n<p>Indicateur n\u00b02 : 35 \/ 35 points<\/p>\n<p>Indicateur n\u00b03 : 15 \/ 15 points<\/p>\n<p>Indicateur n\u00b04 : 10 \/ 10 points<\/p>\n<p>[\/vc_column_text][vc_empty_space height=&#8221;15px&#8221;][vc_single_image image=&#8221;39452&#8243; img_size=&#8221;medium&#8221;]\t\t<\/div><\/div><div class=\"ult-content-box-container \" >\t\t<div class=\"ult-content-box\" style=\"background-color:#f9f9f9;box-shadow: px px px px none;padding:20px;margin-top:20px;margin-bottom:20px;-webkit-transition: all 700ms ease;-moz-transition: all 700ms ease;-ms-transition: all 700ms ease;-o-transition: all 700ms ease;transition: all 700ms ease;\"  data-hover_box_shadow=\"none\"    data-normal_margins=\"margin-top:20px;margin-bottom:20px;\"   data-bg=\"#f9f9f9\" >[vc_column_text]<\/p>\n<h5>H\u00e9bergeur<\/h5>\n<p>OVH<\/p>\n<p>2 rue Kellermann &#8211; 59100 Roubaix &#8211; FRANCE<\/p>\n<p>Tel : 1007[\/vc_column_text][vc_empty_space height=&#8221;15px&#8221;]\t\t<\/div><\/div>[\/vc_column][\/vc_row]<\/p>\n<\/div>","protected":false},"excerpt":{"rendered":"<p>[vc_row css=&#8221;.vc_custom_1516797069230{margin-top: 30px !important;margin-bottom: 30px !important;}&#8221;][vc_column width=&#8221;5\/6&#8243; offset=&#8221;vc_col-lg-offset-1&#8243;][\/vc_column][\/vc_row]<\/p>\n","protected":false},"author":3,"featured_media":0,"parent":0,"menu_order":0,"comment_status":"closed","ping_status":"closed","template":"","meta":{"footnotes":""},"class_list":["post-2968","page","type-page","status-publish","hentry"],"translation":{"provider":"WPGlobus","version":"3.0.0","language":"en","enabled_languages":["fr","en"],"languages":{"fr":{"title":true,"content":true,"excerpt":false},"en":{"title":false,"content":false,"excerpt":false}}},"yoast_head":"<!-- This site is optimized with the Yoast SEO plugin v24.4 - https:\/\/yoast.com\/wordpress\/plugins\/seo\/ -->\n<title>Mentions l\u00e9gales - Haviland<\/title>\n<meta name=\"robots\" content=\"noindex, nofollow\" \/>\n<meta property=\"og:locale\" content=\"en_US\" \/>\n<meta property=\"og:type\" content=\"article\" \/>\n<meta property=\"og:title\" content=\"Mentions l\u00e9gales - Haviland\" \/>\n<meta property=\"og:url\" content=\"https:\/\/www.haviland.fr\/mentions-legales\/\" \/>\n<meta property=\"og:site_name\" content=\"Haviland\" \/>\n<meta property=\"article:publisher\" content=\"https:\/\/fr-fr.facebook.com\/havilandofficiel\/\" \/>\n<meta property=\"article:modified_time\" content=\"2025-06-10T16:52:19+00:00\" \/>\n<meta name=\"twitter:card\" content=\"summary_large_image\" \/>\n<meta name=\"twitter:label1\" content=\"Est. reading time\" \/>\n\t<meta name=\"twitter:data1\" content=\"2 minutes\" \/>\n<script type=\"application\/ld+json\" class=\"yoast-schema-graph\">{\"@context\":\"https:\/\/schema.org\",\"@graph\":[{\"@type\":\"WebPage\",\"@id\":\"https:\/\/www.haviland.fr\/mentions-legales\/\",\"url\":\"https:\/\/www.haviland.fr\/mentions-legales\/\",\"name\":\"Mentions l\u00e9gales - Haviland\",\"isPartOf\":{\"@id\":\"https:\/\/www.haviland.fr\/en\/#website\"},\"datePublished\":\"2017-03-21T17:22:19+00:00\",\"dateModified\":\"2025-06-10T16:52:19+00:00\",\"breadcrumb\":{\"@id\":\"https:\/\/www.haviland.fr\/mentions-legales\/#breadcrumb\"},\"inLanguage\":\"en-US\",\"potentialAction\":[{\"@type\":\"ReadAction\",\"target\":[\"https:\/\/www.haviland.fr\/mentions-legales\/\"]}]},{\"@type\":\"BreadcrumbList\",\"@id\":\"https:\/\/www.haviland.fr\/mentions-legales\/#breadcrumb\",\"itemListElement\":[{\"@type\":\"ListItem\",\"position\":1,\"name\":\"Accueil\",\"item\":\"https:\/\/www.haviland.fr\/\"},{\"@type\":\"ListItem\",\"position\":2,\"name\":\"Mentions l\u00e9gales\"}]},{\"@type\":\"WebSite\",\"@id\":\"https:\/\/www.haviland.fr\/en\/#website\",\"url\":\"https:\/\/www.haviland.fr\/en\/\",\"name\":\"Haviland\",\"description\":\"Excellence in Limoges porcelain since 1842\",\"potentialAction\":[{\"@type\":\"SearchAction\",\"target\":{\"@type\":\"EntryPoint\",\"urlTemplate\":\"https:\/\/www.haviland.fr\/en\/?s={search_term_string}\"},\"query-input\":{\"@type\":\"PropertyValueSpecification\",\"valueRequired\":true,\"valueName\":\"search_term_string\"}}],\"inLanguage\":\"en-US\"}]}<\/script>\n<!-- \/ Yoast SEO plugin. -->","yoast_head_json":{"title":"Mentions l\u00e9gales - Haviland","robots":{"index":"noindex","follow":"nofollow"},"og_locale":"en_US","og_type":"article","og_title":"Mentions l\u00e9gales - Haviland","og_url":"https:\/\/www.haviland.fr\/mentions-legales\/","og_site_name":"Haviland","article_publisher":"https:\/\/fr-fr.facebook.com\/havilandofficiel\/","article_modified_time":"2025-06-10T16:52:19+00:00","twitter_card":"summary_large_image","twitter_misc":{"Est. reading time":"2 minutes"},"schema":{"@context":"https:\/\/schema.org","@graph":[{"@type":"WebPage","@id":"https:\/\/www.haviland.fr\/mentions-legales\/","url":"https:\/\/www.haviland.fr\/mentions-legales\/","name":"Mentions l\u00e9gales - Haviland","isPartOf":{"@id":"https:\/\/www.haviland.fr\/en\/#website"},"datePublished":"2017-03-21T17:22:19+00:00","dateModified":"2025-06-10T16:52:19+00:00","breadcrumb":{"@id":"https:\/\/www.haviland.fr\/mentions-legales\/#breadcrumb"},"inLanguage":"en-US","potentialAction":[{"@type":"ReadAction","target":["https:\/\/www.haviland.fr\/mentions-legales\/"]}]},{"@type":"BreadcrumbList","@id":"https:\/\/www.haviland.fr\/mentions-legales\/#breadcrumb","itemListElement":[{"@type":"ListItem","position":1,"name":"Accueil","item":"https:\/\/www.haviland.fr\/"},{"@type":"ListItem","position":2,"name":"Mentions l\u00e9gales"}]},{"@type":"WebSite","@id":"https:\/\/www.haviland.fr\/en\/#website","url":"https:\/\/www.haviland.fr\/en\/","name":"Haviland","description":"Excellence in Limoges porcelain since 1842","potentialAction":[{"@type":"SearchAction","target":{"@type":"EntryPoint","urlTemplate":"https:\/\/www.haviland.fr\/en\/?s={search_term_string}"},"query-input":{"@type":"PropertyValueSpecification","valueRequired":true,"valueName":"search_term_string"}}],"inLanguage":"en-US"}]}},"_links":{"self":[{"href":"https:\/\/www.haviland.fr\/en\/wp-json\/wp\/v2\/pages\/2968","targetHints":{"allow":["GET"]}}],"collection":[{"href":"https:\/\/www.haviland.fr\/en\/wp-json\/wp\/v2\/pages"}],"about":[{"href":"https:\/\/www.haviland.fr\/en\/wp-json\/wp\/v2\/types\/page"}],"author":[{"embeddable":true,"href":"https:\/\/www.haviland.fr\/en\/wp-json\/wp\/v2\/users\/3"}],"replies":[{"embeddable":true,"href":"https:\/\/www.haviland.fr\/en\/wp-json\/wp\/v2\/comments?post=2968"}],"version-history":[{"count":1,"href":"https:\/\/www.haviland.fr\/en\/wp-json\/wp\/v2\/pages\/2968\/revisions"}],"predecessor-version":[{"id":40328,"href":"https:\/\/www.haviland.fr\/en\/wp-json\/wp\/v2\/pages\/2968\/revisions\/40328"}],"wp:attachment":[{"href":"https:\/\/www.haviland.fr\/en\/wp-json\/wp\/v2\/media?parent=2968"}],"curies":[{"name":"wp","href":"https:\/\/api.w.org\/{rel}","templated":true}]}}